{"id":9796,"date":"2024-07-02T16:41:28","date_gmt":"2024-07-02T19:41:28","guid":{"rendered":"https:\/\/letsgofitness.cl\/?post_type=product&#038;p=9796"},"modified":"2026-04-17T13:33:31","modified_gmt":"2026-04-17T16:33:31","slug":"preventa-cinturon-levantamiento-de-pesas-de-cuero","status":"publish","type":"product","link":"https:\/\/letsgofitness.cl\/index.php\/producto\/preventa-cinturon-levantamiento-de-pesas-de-cuero\/","title":{"rendered":"CINTURON LEVANTAMIENTO DE PESAS DE CUERO"},"content":{"rendered":"<h5 class=\"ui-pdp-description__title\"><strong>Descripci\u00f3n<\/strong><\/h5>\n<ul>\n<li class=\"ui-pdp-description__content\">El cintur\u00f3n para levantamiento de pesos es un accesorio muy utilizado por levantadores de pesas y culturistas para proporcionar soporte \u00a0y estabilidad en la columna vertebral durante los levantamientos. Su uso previene lesiones en la zona lumbar, reduce el estr\u00e9s y la tensi\u00f3n lumbar en la espalda baja, siendo apoyo para la cintura.<\/li>\n<li>Reduce la presi\u00f3n sobre la espalda baja: Al usar un cintur\u00f3n de cuero para levantamiento de pesas, se puede reducir la presi\u00f3n sobre la espalda baja, lo que puede ayudar a prevenir lesiones.<\/li>\n<\/ul>\n<h5><strong>Caracter\u00edsticas:<\/strong><\/h5>\n<ul>\n<li>Confeccionado con materiales de alta calidad y resistencia<\/li>\n<li>Relleno reforzado<\/li>\n<li>Costura con hilo de aLta calidad<\/li>\n<li>Hebilla de acero inoxidable<\/li>\n<li>100% cuero<\/li>\n<li>Ancho 6.5 en zona de ajuste<\/li>\n<li>Ancho 12 en zona lumbar<\/li>\n<\/ul>\n<p><strong>TALLAS DISPONIBLES:\u00a0 \u00a0<\/strong><\/p>\n<ul>\n<li>M = 105 CM<\/li>\n<li>\u00a0L\u00a0 = 115 CM<\/li>\n<li>XL = 125 CM<\/li>\n<\/ul>\n<p>Dise\u00f1ado para proporcionar la m\u00e1xima sujeci\u00f3n y comodidad incluso durante los entrenamientos m\u00e1s intensos, para que nunca m\u00e1s tengas que sacrificar el rendimiento por la seguridad.<\/p>\n<p>Fabricado con un dise\u00f1o contorneado a medida para ajustarse perfectamente a tu cuerpo como una segunda piel, el cintur\u00f3n de gimnasio se complementa con remaches y una hebilla para ofrecer una capacidad superior de absorci\u00f3n de impactos.<\/p>\n<p><em><strong>\u00a1prep\u00e1rate para mejorar extraordinariamente tu rendimiento!.<\/strong><\/em><\/p>\n<p>&nbsp;<\/p>\n<p>&nbsp;<\/p>\n","protected":false},"excerpt":{"rendered":"<p>Descripci\u00f3n El cintur\u00f3n para levantamiento de pesos es un accesorio muy utilizado por levantadores de pesas y culturistas para proporcionar soporte \u00a0y estabilidad en la columna<span class=\"excerpt-hellip\"> [\u2026]<\/span><\/p>\n","protected":false},"featured_media":9817,"template":"","meta":{"_joinchat":[]},"product_brand":[],"product_cat":[106,135,122],"product_tag":[],"class_list":{"0":"post-9796","1":"product","2":"type-product","3":"status-publish","4":"has-post-thumbnail","6":"product_cat-accesorios","7":"product_cat-oferta","8":"product_cat-stock","10":"first","11":"instock","12":"sale","13":"shipping-taxable","14":"purchasable","15":"product-type-variable"},"_links":{"self":[{"href":"https:\/\/letsgofitness.cl\/index.php\/wp-json\/wp\/v2\/product\/9796","targetHints":{"allow":["GET"]}}],"collection":[{"href":"https:\/\/letsgofitness.cl\/index.php\/wp-json\/wp\/v2\/product"}],"about":[{"href":"https:\/\/letsgofitness.cl\/index.php\/wp-json\/wp\/v2\/types\/product"}],"wp:featuredmedia":[{"embeddable":true,"href":"https:\/\/letsgofitness.cl\/index.php\/wp-json\/wp\/v2\/media\/9817"}],"wp:attachment":[{"href":"https:\/\/letsgofitness.cl\/index.php\/wp-json\/wp\/v2\/media?parent=9796"}],"wp:term":[{"taxonomy":"product_brand","embeddable":true,"href":"https:\/\/letsgofitness.cl\/index.php\/wp-json\/wp\/v2\/product_brand?post=9796"},{"taxonomy":"product_cat","embeddable":true,"href":"https:\/\/letsgofitness.cl\/index.php\/wp-json\/wp\/v2\/product_cat?post=9796"},{"taxonomy":"product_tag","embeddable":true,"href":"https:\/\/letsgofitness.cl\/index.php\/wp-json\/wp\/v2\/product_tag?post=9796"}],"curies":[{"name":"wp","href":"https:\/\/api.w.org\/{rel}","templated":true}]}}