{"id":9668,"date":"2024-07-03T17:16:56","date_gmt":"2024-07-03T20:16:56","guid":{"rendered":"https:\/\/letsgofitness.cl\/?post_type=product&#038;p=9668"},"modified":"2026-04-10T11:10:09","modified_gmt":"2026-04-10T14:10:09","slug":"man-boxing","status":"publish","type":"product","link":"https:\/\/letsgofitness.cl\/index.php\/producto\/man-boxing\/","title":{"rendered":"MAN BOXING"},"content":{"rendered":"<p style=\"padding-left: 40px\"><strong>\u00a0 \u00a0 \u00a0 \u00a0Caracter\u00edsticas t\u00e9cnicas:<\/strong><\/p>\n<ul>\n<li>Est\u00e1 dise\u00f1ado para el entrenamiento de artes marciales.<\/li>\n<li>Proporciona una resistencia superior asegurando que la bolsa pueda soportar el impacto de m\u00faltiples golpes.<\/li>\n<li>La bolsa de boxeo permite a los usuarios realizar un amplio espectro de t\u00e9cnicas, desde golpes de boxeo hasta lucha libre.<\/li>\n<li>Se adapta perfectamente tanto para entrenamiento individual y equipo.<\/li>\n<li>La bolsa multifuncional sirve para cualquier gimnasio o espacio de entrenamiento.<\/li>\n<\/ul>\n<p>&nbsp;<\/p>\n<ul>\n<li><strong>DIMENSIONES Y PESO:<\/strong><\/li>\n<\/ul>\n<p>Medidas: 70 * 180 cm (27,5 * 70,9 pulgadas)<\/p>\n<p>&nbsp;<\/p>\n","protected":false},"excerpt":{"rendered":"<p>\u00a0 \u00a0 \u00a0 \u00a0Caracter\u00edsticas t\u00e9cnicas: Est\u00e1 dise\u00f1ado para el entrenamiento de artes marciales. Proporciona una resistencia superior asegurando que la bolsa pueda soportar el impacto de<span class=\"excerpt-hellip\"> [\u2026]<\/span><\/p>\n","protected":false},"featured_media":9883,"template":"","meta":{"_joinchat":[]},"product_brand":[],"product_cat":[106,135,122],"product_tag":[],"class_list":{"0":"post-9668","1":"product","2":"type-product","3":"status-publish","4":"has-post-thumbnail","6":"product_cat-accesorios","7":"product_cat-oferta","8":"product_cat-stock","10":"first","11":"instock","12":"shipping-taxable","13":"purchasable","14":"product-type-simple"},"_links":{"self":[{"href":"https:\/\/letsgofitness.cl\/index.php\/wp-json\/wp\/v2\/product\/9668","targetHints":{"allow":["GET"]}}],"collection":[{"href":"https:\/\/letsgofitness.cl\/index.php\/wp-json\/wp\/v2\/product"}],"about":[{"href":"https:\/\/letsgofitness.cl\/index.php\/wp-json\/wp\/v2\/types\/product"}],"wp:featuredmedia":[{"embeddable":true,"href":"https:\/\/letsgofitness.cl\/index.php\/wp-json\/wp\/v2\/media\/9883"}],"wp:attachment":[{"href":"https:\/\/letsgofitness.cl\/index.php\/wp-json\/wp\/v2\/media?parent=9668"}],"wp:term":[{"taxonomy":"product_brand","embeddable":true,"href":"https:\/\/letsgofitness.cl\/index.php\/wp-json\/wp\/v2\/product_brand?post=9668"},{"taxonomy":"product_cat","embeddable":true,"href":"https:\/\/letsgofitness.cl\/index.php\/wp-json\/wp\/v2\/product_cat?post=9668"},{"taxonomy":"product_tag","embeddable":true,"href":"https:\/\/letsgofitness.cl\/index.php\/wp-json\/wp\/v2\/product_tag?post=9668"}],"curies":[{"name":"wp","href":"https:\/\/api.w.org\/{rel}","templated":true}]}}