{"id":9666,"date":"2024-12-06T16:49:27","date_gmt":"2024-12-06T19:49:27","guid":{"rendered":"https:\/\/letsgofitness.cl\/?post_type=product&#038;p=9666"},"modified":"2026-04-10T11:13:13","modified_gmt":"2026-04-10T14:13:13","slug":"porta-barras-olimpico-anclaje-de-pared-8pcs","status":"publish","type":"product","link":"https:\/\/letsgofitness.cl\/index.php\/producto\/porta-barras-olimpico-anclaje-de-pared-8pcs\/","title":{"rendered":"PORTA BARRAS OLIMPICO ANCLAJE DE PARED 8PCS"},"content":{"rendered":"<p><strong>DESCRIPCI\u00d3N<\/strong><\/p>\n<section id=\"idTab1\" class=\"page-product-box\">\n<div class=\"rte\">\n<ul>\n<li>Soporte para barras ol\u00edmpicas de gran resistencia para anclarlo en la pared. Los soportes est\u00e1n acabados en pl\u00e1stico para no da\u00f1ar las barras.<\/li>\n<li>Guarda las barras ol\u00edmpicas de forma segura con este soporte. Capacidad hasta para 8 barras.<\/li>\n<li>Antes de anclar el soporte para barras en la pared de tu casa o gimnasio, mide tus barras para asegurarte del espacio adecuado.<\/li>\n<li>El soporte para barra incluye todos los accesorios necesarios para poder montarlo con seguridad.<\/li>\n<li>Dimensiones: 140x16x10cm<\/li>\n<li>Peso del producto:\u00a0 14 kg<\/li>\n<\/ul>\n<\/div>\n<\/section>\n","protected":false},"excerpt":{"rendered":"<p>DESCRIPCI\u00d3N Soporte para barras ol\u00edmpicas de gran resistencia para anclarlo en la pared. Los soportes est\u00e1n acabados en pl\u00e1stico para no da\u00f1ar las barras. Guarda las<span class=\"excerpt-hellip\"> [\u2026]<\/span><\/p>\n","protected":false},"featured_media":11111,"template":"","meta":{"_joinchat":[]},"product_brand":[],"product_cat":[106,107,135,122],"product_tag":[],"class_list":{"0":"post-9666","1":"product","2":"type-product","3":"status-publish","4":"has-post-thumbnail","6":"product_cat-accesorios","7":"product_cat-accesorios-barras","8":"product_cat-oferta","9":"product_cat-stock","11":"first","12":"instock","13":"shipping-taxable","14":"purchasable","15":"product-type-simple"},"_links":{"self":[{"href":"https:\/\/letsgofitness.cl\/index.php\/wp-json\/wp\/v2\/product\/9666","targetHints":{"allow":["GET"]}}],"collection":[{"href":"https:\/\/letsgofitness.cl\/index.php\/wp-json\/wp\/v2\/product"}],"about":[{"href":"https:\/\/letsgofitness.cl\/index.php\/wp-json\/wp\/v2\/types\/product"}],"wp:featuredmedia":[{"embeddable":true,"href":"https:\/\/letsgofitness.cl\/index.php\/wp-json\/wp\/v2\/media\/11111"}],"wp:attachment":[{"href":"https:\/\/letsgofitness.cl\/index.php\/wp-json\/wp\/v2\/media?parent=9666"}],"wp:term":[{"taxonomy":"product_brand","embeddable":true,"href":"https:\/\/letsgofitness.cl\/index.php\/wp-json\/wp\/v2\/product_brand?post=9666"},{"taxonomy":"product_cat","embeddable":true,"href":"https:\/\/letsgofitness.cl\/index.php\/wp-json\/wp\/v2\/product_cat?post=9666"},{"taxonomy":"product_tag","embeddable":true,"href":"https:\/\/letsgofitness.cl\/index.php\/wp-json\/wp\/v2\/product_tag?post=9666"}],"curies":[{"name":"wp","href":"https:\/\/api.w.org\/{rel}","templated":true}]}}