{"id":9665,"date":"2024-06-25T17:06:59","date_gmt":"2024-06-25T20:06:59","guid":{"rendered":"https:\/\/letsgofitness.cl\/?post_type=product&#038;p=9665"},"modified":"2026-05-05T11:19:00","modified_gmt":"2026-05-05T14:19:00","slug":"porta-barra-10-pcs","status":"publish","type":"product","link":"https:\/\/letsgofitness.cl\/index.php\/producto\/porta-barra-10-pcs\/","title":{"rendered":"PORTA BARRA 10 PCS"},"content":{"rendered":"<p>Este soporte para barras ol\u00edmpicas tiene capacidad para 10 barras (compatible con barras de 2\u201d o menos) en una posici\u00f3n de ahorro de espacio vertical, sin tener que ocupar espacio en la pared o en el estante.<\/p>\n<p>Los tubos de estan ubicados y dise\u00f1ados para sujetar con seguridad estas barras por encima del suelo y a la vez, evitar cualquier contacto. Adem\u00e1s, siendo sostenidas en una posici\u00f3n vertical, no se produce da\u00f1o al moleteado de las barras.<\/p>\n<p>Si se requiere una fijaci\u00f3n adicional para mayor estabilidad, esto se puede lograr a trav\u00e9s de los orificios de fijaci\u00f3n en cada pie.<\/p>\n<p>Caracter\u00edsticas:<br \/>\n\u2013 Soporte vertical para 10 barras ol\u00edmpicas<br \/>\n\u2013 Seguro y estable<br \/>\n\u2013 Con agujeros para fijaci\u00f3n adicional<br \/>\n\u2013 Alta calidad<br \/>\n\u2013 Compacto<br \/>\n\u2013 Fabricado con tubo de acero de 60\u00d780 mm<br \/>\n\u2013 Medida: 90\u00d763 cm<br \/>\n\u2013 Peso neto: 18 kg<\/p>\n","protected":false},"excerpt":{"rendered":"<p>Este soporte para barras ol\u00edmpicas tiene capacidad para 10 barras (compatible con barras de 2\u201d o menos) en una posici\u00f3n de ahorro de espacio vertical, sin<span class=\"excerpt-hellip\"> [\u2026]<\/span><\/p>\n","protected":false},"featured_media":9743,"template":"","meta":{"_joinchat":[]},"product_brand":[],"product_cat":[106,135,122,32],"product_tag":[],"class_list":{"0":"post-9665","1":"product","2":"type-product","3":"status-publish","4":"has-post-thumbnail","6":"product_cat-accesorios","7":"product_cat-oferta","8":"product_cat-stock","9":"product_cat-profesional","11":"first","12":"instock","13":"shipping-taxable","14":"purchasable","15":"product-type-simple"},"_links":{"self":[{"href":"https:\/\/letsgofitness.cl\/index.php\/wp-json\/wp\/v2\/product\/9665","targetHints":{"allow":["GET"]}}],"collection":[{"href":"https:\/\/letsgofitness.cl\/index.php\/wp-json\/wp\/v2\/product"}],"about":[{"href":"https:\/\/letsgofitness.cl\/index.php\/wp-json\/wp\/v2\/types\/product"}],"wp:featuredmedia":[{"embeddable":true,"href":"https:\/\/letsgofitness.cl\/index.php\/wp-json\/wp\/v2\/media\/9743"}],"wp:attachment":[{"href":"https:\/\/letsgofitness.cl\/index.php\/wp-json\/wp\/v2\/media?parent=9665"}],"wp:term":[{"taxonomy":"product_brand","embeddable":true,"href":"https:\/\/letsgofitness.cl\/index.php\/wp-json\/wp\/v2\/product_brand?post=9665"},{"taxonomy":"product_cat","embeddable":true,"href":"https:\/\/letsgofitness.cl\/index.php\/wp-json\/wp\/v2\/product_cat?post=9665"},{"taxonomy":"product_tag","embeddable":true,"href":"https:\/\/letsgofitness.cl\/index.php\/wp-json\/wp\/v2\/product_tag?post=9665"}],"curies":[{"name":"wp","href":"https:\/\/api.w.org\/{rel}","templated":true}]}}