{"id":9627,"date":"2024-06-19T01:23:53","date_gmt":"2024-06-19T04:23:53","guid":{"rendered":"https:\/\/letsgofitness.cl\/?post_type=product&#038;p=9627"},"modified":"2026-04-10T11:10:10","modified_gmt":"2026-04-10T14:10:10","slug":"preventa-strong-workout-prone-leg-curl-2","status":"publish","type":"product","link":"https:\/\/letsgofitness.cl\/index.php\/producto\/preventa-strong-workout-prone-leg-curl-2\/","title":{"rendered":"STRONG WORKOUT PRONE LEG CURL 2"},"content":{"rendered":"<p>&nbsp;<\/p>\n<p><strong>DESCRIPCION<\/strong><\/p>\n<p><strong> STRONG WORKOUT PRONE LEG CURL 2<\/strong> Reduce el peso m\u00e1ximo del dispositivo y optimiza la tapa manteniendo el dise\u00f1o de estilo.<\/p>\n<ul>\n<li>\u00a0Posiciones de inicio, que se pueden ajustar libremente seg\u00fan las necesidades del usuario para mejorar la flexibilidad del ejercicio. La Rodillo ajustable permite al usuario elegir la postura m\u00e1s c\u00f3moda en un \u00e1rea peque\u00f1a .<\/li>\n<li>El coj\u00edn trasero ajustable permite que las rodillas se alineen f\u00e1cilmente con el eje de pivote para lograr una buena biomec\u00e1nica.<\/li>\n<li>Fabricaci\u00f3n de asientos y respaldo de esta l\u00ednea han sido dise\u00f1ados ergon\u00f3micamente para adaptarse de la mejor forma posible a la fisionom\u00eda de la espalda y la columna amold\u00e1ndose correctamente al cuerpo del usuario.<\/li>\n<li>Tracci\u00f3n fluido , Baja fricci\u00f3n y alta durabilidad.<\/li>\n<li>Uso de sistema de levas para desarrollar un peso uniforme.<\/li>\n<li>Brazos contrabalanceados para ejercicios sectorizados . Anulan el peso de la parte de la estructura que hay que mover, para levantar solo el peso seleccionado con las placas.<\/li>\n<li>Dispone de<strong>\u00a0cables de acero reforzados<\/strong>. La sensaci\u00f3n y movimiento es siempre fluida.<\/li>\n<li>Incorpora selectores de aluminio magn\u00e9ticos con alta durabilidad y muy est\u00e9ticos.<\/li>\n<li>Tapizado de alta calidad. C\u00f3modo y para larga duraci\u00f3n.<\/li>\n<li>Regulaci\u00f3n de asiento y rodillo acolchado.\u00ad<\/li>\n<li>Agarres c\u00f3modos fabricados en acero inoxidable. Ofrecen una muy buena sensaci\u00f3n de agarre al contacto.<\/li>\n<li>Patas con protectores en PVC.<\/li>\n<li>\u00a0<strong>STRONG WORKOUT PRONE LEG CURL 2 <\/strong>Conserva la trayectoria cient\u00edfica y la arquitectura estable para asegurar una experiencia de entrenamiento y rendimiento completos.<\/li>\n<li>La Almohadilla est\u00e1 colocado en el mejor \u00e1ngulo para garantizar que el usuario pueda extender completamente las piernas y contraer completamente los m\u00fasculos de las piernas<\/li>\n<li>La almohadilla trasera ajustable permite la alineaci\u00f3n adecuada del pivote de la rodilla para reducir la fuerza bruta en la articulaci\u00f3n de la rodilla.<\/li>\n<li>La posici\u00f3n inicial est\u00e1 dise\u00f1ada para adaptarse a todos los usuarios y se puede ajustar f\u00e1cilmente.<\/li>\n<\/ul>\n<p>&nbsp;<\/p>\n<ul>\n<li>Material: Acero<\/li>\n<li><strong>Tama\u00f1o del tubo de acero: 3 mm<\/strong><\/li>\n<li>Medidas: 171 cm x 92 cm x 165 cm<\/li>\n<li>Peso: 184 kg<\/li>\n<li><strong>Peso stack: 140kg<\/strong><\/li>\n<\/ul>\n","protected":false},"excerpt":{"rendered":"<p>&nbsp; DESCRIPCION STRONG WORKOUT PRONE LEG CURL 2 Reduce el peso m\u00e1ximo del dispositivo y optimiza la tapa manteniendo el dise\u00f1o de estilo. \u00a0Posiciones de inicio,<span class=\"excerpt-hellip\"> [\u2026]<\/span><\/p>\n","protected":false},"featured_media":10296,"template":"","meta":{"_joinchat":[]},"product_brand":[],"product_cat":[135,122,32],"product_tag":[],"class_list":{"0":"post-9627","1":"product","2":"type-product","3":"status-publish","4":"has-post-thumbnail","6":"product_cat-oferta","7":"product_cat-stock","8":"product_cat-profesional","10":"first","11":"outofstock","12":"sale","13":"shipping-taxable","14":"purchasable","15":"product-type-simple"},"_links":{"self":[{"href":"https:\/\/letsgofitness.cl\/index.php\/wp-json\/wp\/v2\/product\/9627","targetHints":{"allow":["GET"]}}],"collection":[{"href":"https:\/\/letsgofitness.cl\/index.php\/wp-json\/wp\/v2\/product"}],"about":[{"href":"https:\/\/letsgofitness.cl\/index.php\/wp-json\/wp\/v2\/types\/product"}],"wp:featuredmedia":[{"embeddable":true,"href":"https:\/\/letsgofitness.cl\/index.php\/wp-json\/wp\/v2\/media\/10296"}],"wp:attachment":[{"href":"https:\/\/letsgofitness.cl\/index.php\/wp-json\/wp\/v2\/media?parent=9627"}],"wp:term":[{"taxonomy":"product_brand","embeddable":true,"href":"https:\/\/letsgofitness.cl\/index.php\/wp-json\/wp\/v2\/product_brand?post=9627"},{"taxonomy":"product_cat","embeddable":true,"href":"https:\/\/letsgofitness.cl\/index.php\/wp-json\/wp\/v2\/product_cat?post=9627"},{"taxonomy":"product_tag","embeddable":true,"href":"https:\/\/letsgofitness.cl\/index.php\/wp-json\/wp\/v2\/product_tag?post=9627"}],"curies":[{"name":"wp","href":"https:\/\/api.w.org\/{rel}","templated":true}]}}