{"id":9626,"date":"2024-06-19T01:15:39","date_gmt":"2024-06-19T04:15:39","guid":{"rendered":"https:\/\/letsgofitness.cl\/?post_type=product&#038;p=9626"},"modified":"2026-04-10T11:10:10","modified_gmt":"2026-04-10T14:10:10","slug":"preventa-strong-workout-seated-row","status":"publish","type":"product","link":"https:\/\/letsgofitness.cl\/index.php\/producto\/preventa-strong-workout-seated-row\/","title":{"rendered":"STRONG WORKOUT SEATED ROW\/ **OFERTA PAGO CONTADO $890.000** (transferencia)"},"content":{"rendered":"<div class=\"title\"><strong>\u00a0DESCRIPCION<\/strong><\/div>\n<div id=\"short_description_content\" class=\"value\">\n<p><strong>STRONG WORKOUT SEATED ROW <\/strong>es una m\u00e1quina especializada, evoluci\u00f3n de nuestra serie sectorizada de alta gama, dise\u00f1ada para el fortalecimiento de los m\u00fasculos de los brazos y la espalda con la m\u00e1s alta calidad.<\/p>\n<ul>\n<li>Fabricaci\u00f3n de asientos y respaldo de esta l\u00ednea han sido dise\u00f1ados ergon\u00f3micamente para adaptarse de la mejor forma posible a la fisionom\u00eda de la espalda y la columna amold\u00e1ndose correctamente al cuerpo del usuario.<\/li>\n<li>Tracci\u00f3n fluido , Baja fricci\u00f3n y alta durabilidad.<\/li>\n<li>Uso de sistema de levas para desarrollar un peso uniforme. Mantiene el brazo de fuerza con una resistencia constante durante todo el recorrido.<\/li>\n<li>Permite trabajos de remo con soporte de pecho, tanto para traccionar o hacer ejercicios de espalda con mayor estabilidad.<\/li>\n<li>Dispone de<strong>\u00a0cables de acero reforzados<\/strong>. La sensaci\u00f3n y movimiento es siempre fluida.<\/li>\n<li>Incorpora selectores de aluminio magn\u00e9ticos con alta durabilidad y muy est\u00e9ticos.<\/li>\n<li>Tapizado de alta calidad. C\u00f3modo y para larga duraci\u00f3n.<\/li>\n<li>Su asiento tapizado es regulable en altura, tanto como el apoyo para pecho es regulable a la posici\u00f3n que el usuario necesite.<\/li>\n<li>La m\u00e1quina cuenta con dos brazos que se mueven independientemente uno de otro, con mangos que giran y pivotan para permitir distintas posiciones de agarre.<\/li>\n<li>Patas con protectores en PVC.<\/li>\n<li>Sus brazos est\u00e1n conectados v\u00eda poleas a su weight stack de 120 kilos, regulable con selector. El bloque de weight stack, posicionado a la altura del usuario para ajustar c\u00f3modamente los pesos.<\/li>\n<\/ul>\n<p><strong>\u00a0 \u00a0ESPECIFICACIONES:<\/strong><\/p>\n<ul>\n<li>Material: Acero<\/li>\n<li><strong>Tama\u00f1o del tubo de acero: 60 x 120 x 3 mm<\/strong><\/li>\n<li>Largo: 155 Cm. X Ancho: 132 Cm. X Alto: 162 Cm.<\/li>\n<li>Peso: 195 Kg.<\/li>\n<li><strong>Peso stack: 120kg<\/strong><\/li>\n<\/ul>\n<\/div>\n<p>&nbsp;<\/p>\n<p>&nbsp;<\/p>\n<p><strong>Datos de Transferencia:<\/strong><\/p>\n<ul>\n<li>Cuenta corriente Banco de Chile N\u00b0\u00a0<strong>2780129801<\/strong><\/li>\n<li>Nombre:<strong>\u00a0Lets Go Fitness SpA\u00a0<\/strong>\u00a0Rut:<strong>\u00a076.631.524-0<\/strong><\/li>\n<li>Email:\u00a0<strong>ventas@letsgofitness.cl<\/strong><\/li>\n<\/ul>\n","protected":false},"excerpt":{"rendered":"<p><strong>*OFERTA PAGO CONTADO $890.000 (Transferencia)*<\/strong><\/p>\n<p>Datos de Transferencia en\u00a0<strong>DESCRIPCI\u00d3N\u00a0 DEL PRODUCTO<\/strong><\/p>\n","protected":false},"featured_media":10297,"template":"","meta":{"_joinchat":[]},"product_brand":[],"product_cat":[276,135,122,32],"product_tag":[],"class_list":{"0":"post-9626","1":"product","2":"type-product","3":"status-publish","4":"has-post-thumbnail","6":"product_cat-oferta-pago-contado","7":"product_cat-oferta","8":"product_cat-stock","9":"product_cat-profesional","11":"first","12":"instock","13":"sale","14":"shipping-taxable","15":"purchasable","16":"product-type-simple"},"_links":{"self":[{"href":"https:\/\/letsgofitness.cl\/index.php\/wp-json\/wp\/v2\/product\/9626","targetHints":{"allow":["GET"]}}],"collection":[{"href":"https:\/\/letsgofitness.cl\/index.php\/wp-json\/wp\/v2\/product"}],"about":[{"href":"https:\/\/letsgofitness.cl\/index.php\/wp-json\/wp\/v2\/types\/product"}],"wp:featuredmedia":[{"embeddable":true,"href":"https:\/\/letsgofitness.cl\/index.php\/wp-json\/wp\/v2\/media\/10297"}],"wp:attachment":[{"href":"https:\/\/letsgofitness.cl\/index.php\/wp-json\/wp\/v2\/media?parent=9626"}],"wp:term":[{"taxonomy":"product_brand","embeddable":true,"href":"https:\/\/letsgofitness.cl\/index.php\/wp-json\/wp\/v2\/product_brand?post=9626"},{"taxonomy":"product_cat","embeddable":true,"href":"https:\/\/letsgofitness.cl\/index.php\/wp-json\/wp\/v2\/product_cat?post=9626"},{"taxonomy":"product_tag","embeddable":true,"href":"https:\/\/letsgofitness.cl\/index.php\/wp-json\/wp\/v2\/product_tag?post=9626"}],"curies":[{"name":"wp","href":"https:\/\/api.w.org\/{rel}","templated":true}]}}