{"id":9621,"date":"2024-06-19T01:03:24","date_gmt":"2024-06-19T04:03:24","guid":{"rendered":"https:\/\/letsgofitness.cl\/?post_type=product&#038;p=9621"},"modified":"2026-04-10T11:10:10","modified_gmt":"2026-04-10T14:10:10","slug":"preventa-strong-workout-prone-leg-curl","status":"publish","type":"product","link":"https:\/\/letsgofitness.cl\/index.php\/producto\/preventa-strong-workout-prone-leg-curl\/","title":{"rendered":"STRONG WORKOUT PRONE LEG CURL **OFERTA PAGO CONTADO $890.000** (Transferencia)"},"content":{"rendered":"<h5><strong>DESCRIPCION\u00a0<\/strong><\/h5>\n<p><strong>STRONG WORKOUT PRONE LEG CUR<\/strong>\u00a0 \u00a0tiene m\u00faltiples posiciones de inicio , que se pueden ajustar libremente seg\u00fan las necesidades del usuario para mejorar la flexibilidad del ejercicio. Fortalece y define tus cu\u00e1driceps<\/p>\n<ul>\n<li>Fabricaci\u00f3n de asientos y respaldo de esta l\u00ednea han sido dise\u00f1ados ergon\u00f3micamente para adaptarse de la mejor forma posible a la fisionom\u00eda de la espalda y la columna amold\u00e1ndose correctamente al cuerpo del usuario.<\/li>\n<li>El rodillo ajustable permite al usuario elegir la postura m\u00e1s c\u00f3moda en un \u00e1rea peque\u00f1a . La almohadilla trasera ajustable, permite que las rodillas se alineen f\u00e1cilmente con el eje de pivote para lograr una buena biomec\u00e1nica.<\/li>\n<li>La <strong>Almohadilla <\/strong>est\u00e1 colocado en el mejor \u00e1ngulo para garantizar que el usuario pueda extender completamente las piernas y contraer completamente los m\u00fasculos de las piernas.<\/li>\n<li>La posici\u00f3n inicial est\u00e1 dise\u00f1ada para adaptarse a todos los usuarios y se puede ajustar f\u00e1cilmente. La almohadilla trasera ajustable permite la alineaci\u00f3n adecuada del pivote de la rodilla para reducir la fuerza bruta en la articulaci\u00f3n de la rodilla.<\/li>\n<li>Tracci\u00f3n fluido , Baja fricci\u00f3n y alta durabilidad.<\/li>\n<li>Uso de sistema de levas para desarrollar un peso uniforme. Mantiene el brazo de fuerza con una resistencia constante durante todo el recorrido.<\/li>\n<li>Dispone de<strong>\u00a0cables de acero reforzados<\/strong>. La sensaci\u00f3n y movimiento es siempre fluida.<\/li>\n<li>Incorpora selectores de aluminio magn\u00e9ticos con alta durabilidad y muy est\u00e9ticos.<\/li>\n<li>Tapizado de alta calidad. C\u00f3modo y para larga duraci\u00f3n.<\/li>\n<li>Regulaci\u00f3n de asiento y rodillo acolchado.\u00ad<\/li>\n<li>Agarres c\u00f3modos fabricados en acero inoxidable. Ofrecen una muy buena sensaci\u00f3n de agarre al contacto.<\/li>\n<li>Patas con protectores en PVC.<\/li>\n<li>Carenados delantero y trasero para evitar accidentes mientras las placas est\u00e1n en movimiento.<\/li>\n<\/ul>\n<p><b style=\"font-size: 15px\">ESPECIFICACIONES:<\/b><\/p>\n<div class=\"elementor-element elementor-element-67f40b3 elementor-widget elementor-widget-jet-single-reviews-form is-mac\" data-id=\"67f40b3\" data-element_type=\"widget\" data-widget_type=\"jet-single-reviews-form.default\">\n<ul>\n<li class=\"p1\">Material: Acero<\/li>\n<li class=\"p1\"><strong>Tama\u00f1o del tubo de acero: 3 mm<\/strong><\/li>\n<li class=\"p1\">Medidas: 170 x 93 x 162 cm<\/li>\n<li class=\"p1\">Peso: 206 kg<\/li>\n<li class=\"p1\"><strong>Peso stack: 150kg<\/strong><\/li>\n<\/ul>\n<\/div>\n<p>&nbsp;<\/p>\n<p>&nbsp;<\/p>\n<p><strong>Datos de Transferencia:<\/strong><\/p>\n<ul>\n<li>Cuenta corriente Banco de Chile N\u00b0\u00a0<strong>2780129801<\/strong><\/li>\n<li>Nombre:<strong>\u00a0Lets Go Fitness SpA\u00a0<\/strong>\u00a0Rut:<strong>\u00a076.631.524-0<\/strong><\/li>\n<li>Email:\u00a0<strong>ventas@letsgofitness.cl<\/strong><\/li>\n<\/ul>\n<div dir=\"auto\"><\/div>\n","protected":false},"excerpt":{"rendered":"<p><strong>*OFERTA PAGO CONTADO $890.000 (Transferencia)*<\/strong><\/p>\n<p>Datos de Transferencia en\u00a0<strong>DESCRIPCI\u00d3N\u00a0 DEL PRODUCTO<\/strong><\/p>\n","protected":false},"featured_media":10301,"template":"","meta":{"_joinchat":[]},"product_brand":[],"product_cat":[276,135,122,32],"product_tag":[],"class_list":{"0":"post-9621","1":"product","2":"type-product","3":"status-publish","4":"has-post-thumbnail","6":"product_cat-oferta-pago-contado","7":"product_cat-oferta","8":"product_cat-stock","9":"product_cat-profesional","11":"first","12":"outofstock","13":"sale","14":"shipping-taxable","15":"purchasable","16":"product-type-simple"},"_links":{"self":[{"href":"https:\/\/letsgofitness.cl\/index.php\/wp-json\/wp\/v2\/product\/9621","targetHints":{"allow":["GET"]}}],"collection":[{"href":"https:\/\/letsgofitness.cl\/index.php\/wp-json\/wp\/v2\/product"}],"about":[{"href":"https:\/\/letsgofitness.cl\/index.php\/wp-json\/wp\/v2\/types\/product"}],"wp:featuredmedia":[{"embeddable":true,"href":"https:\/\/letsgofitness.cl\/index.php\/wp-json\/wp\/v2\/media\/10301"}],"wp:attachment":[{"href":"https:\/\/letsgofitness.cl\/index.php\/wp-json\/wp\/v2\/media?parent=9621"}],"wp:term":[{"taxonomy":"product_brand","embeddable":true,"href":"https:\/\/letsgofitness.cl\/index.php\/wp-json\/wp\/v2\/product_brand?post=9621"},{"taxonomy":"product_cat","embeddable":true,"href":"https:\/\/letsgofitness.cl\/index.php\/wp-json\/wp\/v2\/product_cat?post=9621"},{"taxonomy":"product_tag","embeddable":true,"href":"https:\/\/letsgofitness.cl\/index.php\/wp-json\/wp\/v2\/product_tag?post=9621"}],"curies":[{"name":"wp","href":"https:\/\/api.w.org\/{rel}","templated":true}]}}