{"id":9366,"date":"2024-05-23T17:41:35","date_gmt":"2024-05-23T20:41:35","guid":{"rendered":"https:\/\/letsgofitness.cl\/?post_type=product&#038;p=9366"},"modified":"2026-05-07T16:40:46","modified_gmt":"2026-05-07T19:40:46","slug":"dual-biceps-curl-triceps-extension-powercrown-boss-strength","status":"publish","type":"product","link":"https:\/\/letsgofitness.cl\/index.php\/producto\/dual-biceps-curl-triceps-extension-powercrown-boss-strength\/","title":{"rendered":"PREVENTA DUAL BICEPS CURL\/TR\u00cdCEPS EXTENSION PowerCrown BOSS STRENGTH"},"content":{"rendered":"<p><strong>DUAL BICEPS CURL\/TR\u00cdCEPS EXTENSION<\/strong><\/p>\n<p>Est\u00e1 enfocado en dos zonas principales: los b\u00edceps y los tr\u00edceps. Esta m\u00e1quina ha sido creada de manera ergon\u00f3mica para proporcionar un movimiento natural y fluido, maximizando la efectividad de los ejercicios dirigidos espec\u00edficamente a la zona de los brazos. Adem\u00e1s, brinda la opci\u00f3n de combinar ambos en super series, lo que permite ejercitar los b\u00edceps y tr\u00edceps al mismo tiempo en cada serie. Esta versatilidad en el entrenamiento brinda opciones variadas para trabajar de manera espec\u00edfica los m\u00fasculos de los brazos, obteniendo resultados \u00f3ptimos en el desarrollo y fortalecimiento de los b\u00edceps y tr\u00edceps.<\/p>\n<p><strong>CARACTER\u00cdSTICAS T\u00c9CNICAS :<\/strong><\/p>\n<ul>\n<li>Estructura construida en tubo oval de acero de alta calidad de 3 mm. de espesor.<\/li>\n<li>Partes m\u00f3viles montadas con pletina de 0.5 cm. de espesor.<\/li>\n<li>Partes desmontables de acero macizo con el que se evitan problemas de desgaste.<\/li>\n<li>Las m\u00e1quinas est\u00e1n montadas sobre rodamientos (circulares o lineales) o ruedas de bronce y rodamientos.<\/li>\n<li>Brazos contrabalanceados. Anulan el peso de la parte de la estructura que hay que mover, para levantar s\u00f3lo el peso seleccionado con las placas.<\/li>\n<li>Uso de sistema de levas para desarrollar un peso uniforme. Mantiene el brazo de fuerza con una resistencia constante durante todo el recorrido.<\/li>\n<li>El proceso de pintado de las m\u00e1quinas se realiza en t\u00fanel de tratamiento de cuatro capas, que ofrece una absoluta garant\u00eda contra la corrosi\u00f3n. En la primera capa se procede al desengrasado y fosfatado en caliente. La segunda se trata de un pre fosfatado a temperatura ambiente. En la tercera se procede a fosfatar en caliente. Y por \u00faltimo, se cubre la estructura con pintura epoxi en polvo.<\/li>\n<li>Las placas son de acero calibrado, pintadas en negro, estas tienen anillos de tefl\u00f3n de una calidad superior, lo cual produce un deslizamiento correcto y evita ruidos por fricci\u00f3n.<\/li>\n<li>Selectores de placas magnetizados. Los imanes evitan que el selector se salga durante el ejercicio.<\/li>\n<li>Torre de placas con indicadores de peso en kg.<\/li>\n<li>Las barras gu\u00edas son de acero inoxidable.<\/li>\n<li>Transmisi\u00f3n por cable.<\/li>\n<li>Carenados delantero y trasero para evitar accidentes mientras las placas est\u00e1n en movimiento.<\/li>\n<li>Ajustes del asiento, del respaldo y de los rodillos acolchados. Permite la adaptaci\u00f3n de las m\u00e1quinas a cualquier usuario y ayuda a realizar los ejercicios con la postura correcta.<\/li>\n<li>Selectores de ajuste de color rojo para localizarlos f\u00e1cilmente.<\/li>\n<li>Agarres de goma no absorbente y antideslizante. Son altamente resistentes.<\/li>\n<li>Incluye dos bandejas de gran dimensi\u00f3n como soporte botellero y portaobjetos.<\/li>\n<li>Tapizado con relleno viscoel\u00e1stico y polipiel antibacteriana e ign\u00edfuga.<\/li>\n<li>Pictograma explicativo sobre la postura correcta para la realizaci\u00f3n del ejercicio y los m\u00fasculos implicados en el mismo.<\/li>\n<\/ul>\n<h5><strong>\u00a0ESPECIFICACIONES T\u00c9CNICAS:<\/strong><\/h5>\n<ul>\n<li><strong>Largo:<\/strong>\u00a0131.8 cm.<\/li>\n<li><strong>Ancho:<\/strong>\u00a0110.4 cm.<\/li>\n<li><strong>Alto:<\/strong>\u00a0150 cm.<\/li>\n<li><strong>Peso:<\/strong>\u00a0178.5 kg.<\/li>\n<li><b>Peso m\u00e1ximo del usuario:\u00a0<\/b>180 kg.<\/li>\n<li><strong>Carga de placas:<\/strong> 100 kg.<\/li>\n<\/ul>\n","protected":false},"excerpt":{"rendered":"<p><strong>PREVENTA ACTIVA<\/strong><\/p>\n<p>V\u00c1LIDA HASTA EL 15 DE MAYO DEL 2026<\/p>\n<p>STOCK DISPONIBLE DESDE EL 25 DE MAYO DEL 2026<\/p>\n","protected":false},"featured_media":9368,"template":"","meta":{"_joinchat":[]},"product_brand":[],"product_cat":[130,135,121,122,32,48],"product_tag":[],"class_list":{"0":"post-9366","1":"product","2":"type-product","3":"status-publish","4":"has-post-thumbnail","6":"product_cat-boss-strength","7":"product_cat-oferta","8":"product_cat-proximamente-en-stock","9":"product_cat-stock","10":"product_cat-profesional","11":"product_cat-peso-integrado-profesional","13":"first","14":"instock","15":"sale","16":"shipping-taxable","17":"purchasable","18":"product-type-simple"},"_links":{"self":[{"href":"https:\/\/letsgofitness.cl\/index.php\/wp-json\/wp\/v2\/product\/9366","targetHints":{"allow":["GET"]}}],"collection":[{"href":"https:\/\/letsgofitness.cl\/index.php\/wp-json\/wp\/v2\/product"}],"about":[{"href":"https:\/\/letsgofitness.cl\/index.php\/wp-json\/wp\/v2\/types\/product"}],"wp:featuredmedia":[{"embeddable":true,"href":"https:\/\/letsgofitness.cl\/index.php\/wp-json\/wp\/v2\/media\/9368"}],"wp:attachment":[{"href":"https:\/\/letsgofitness.cl\/index.php\/wp-json\/wp\/v2\/media?parent=9366"}],"wp:term":[{"taxonomy":"product_brand","embeddable":true,"href":"https:\/\/letsgofitness.cl\/index.php\/wp-json\/wp\/v2\/product_brand?post=9366"},{"taxonomy":"product_cat","embeddable":true,"href":"https:\/\/letsgofitness.cl\/index.php\/wp-json\/wp\/v2\/product_cat?post=9366"},{"taxonomy":"product_tag","embeddable":true,"href":"https:\/\/letsgofitness.cl\/index.php\/wp-json\/wp\/v2\/product_tag?post=9366"}],"curies":[{"name":"wp","href":"https:\/\/api.w.org\/{rel}","templated":true}]}}