{"id":9337,"date":"2024-05-23T14:02:33","date_gmt":"2024-05-23T17:02:33","guid":{"rendered":"https:\/\/letsgofitness.cl\/?post_type=product&#038;p=9337"},"modified":"2026-04-10T11:10:10","modified_gmt":"2026-04-10T14:10:10","slug":"8-estaciones-2-torres-boss-strength","status":"publish","type":"product","link":"https:\/\/letsgofitness.cl\/index.php\/producto\/8-estaciones-2-torres-boss-strength\/","title":{"rendered":"MULTI ESTACION 8 STACK BOSS STRENGTH"},"content":{"rendered":"<p><strong>8 ESTACIONES<\/strong><strong> \/ 2 TORRES de la l\u00ednea BOSS STRENGTH<\/strong><\/p>\n<p>Este modelo de estaci\u00f3n compuesto por 8 puntos de polea y 2 torres brinda al usuario innumerables posibilidades mediante la combinaci\u00f3n del uso de diversos agarres, permitiendo ejercitar y fortalecer tanto el tren superior como el inferior. Esto es posible gracias a sus mecanismos de poleas de transmisi\u00f3n por cable conectadas a una torre de placas de peso. Cuenta adem\u00e1s con 4 asientos, 2 asientos normales y otro 2 m\u00e1s bajos con apoyo para la pisada destinado a ejercicios de tir\u00f3n sentados.<\/p>\n<p>CARACTER\u00cdSTICAS T\u00c9CNICAS :<\/p>\n<ul>\n<li><strong>Estructura<\/strong><br \/>\nConstruida en tubo oval de acero de 3 mm.<\/li>\n<li><strong>Partes desmontables<\/strong><br \/>\nAcero macizo con el que se evitan problemas de desgaste.<\/li>\n<li><strong>Barras gu\u00edas y placas<\/strong><br \/>\nLas barras gu\u00edas son de acero rectificado y normalizado (cromoduro). Las placas son de acero calibrado, pintadas en negro, estas tienen anillos de tefl\u00f3n de una calidad superior, lo cual produce un deslizamiento correcto y evitando ruidos por fricci\u00f3n.<strong><br \/>\n<\/strong><\/li>\n<li><strong>Pintura<\/strong><br \/>\nEl proceso de pintado de las m\u00e1quinas se realiza en t\u00fanel de tratamiento de cuatro capas, que ofrece una absoluta garant\u00eda contra la corrosi\u00f3n. En la primera capa se procede al desengrasado y fosfatado en caliente. La segunda se trata de un prefosfatado a temperatura ambiente. En la tercera se procede a fosfatar en caliente. Y por \u00faltimo, se cubre la estructura con pintura epoxi en polvo.<\/li>\n<li><strong>Transmisi\u00f3n<br \/>\n<\/strong>Por cable.<\/li>\n<li><strong>Piezas m\u00f3viles<br \/>\n<\/strong>Las m\u00e1quinas est\u00e1n montadas sobre rodamiento (circulares o lineales) o ruedas de bronce y rodamientos.<\/li>\n<li><strong>Tapizado<br \/>\n<\/strong>Realizado en goma espuma de 3 cm. de espesor con 150 kg. de presi\u00f3n, y polipiel ign\u00edfuga.<\/li>\n<\/ul>\n<h5><strong>\u00a0ESPECIFICACIONES T\u00c9CNICAS:<\/strong><\/h5>\n<ul>\n<li><strong>Largo:<\/strong>\u00a0590 cm.<\/li>\n<li><strong>Ancho:<\/strong>\u00a0410 cm.<\/li>\n<li><strong>Alto:<\/strong>\u00a0230 cm.<\/li>\n<li><strong>Peso total de la m\u00e1quina:<\/strong>\u00a01420 kg.<\/li>\n<li><strong>Peso placas:<\/strong>\u00a0708 kg.:<strong><br \/>\n. Polea Alta:<\/strong>\u00a0100 kg. x 2.<br \/>\n<strong>. Polea Baja:\u00a0<\/strong>100 kg. x 2.<br \/>\n<strong>. Tr\u00edceps:<\/strong>\u00a077 kg. x 2.<br \/>\n<strong>. Cruce \/ Regulable:<\/strong>\u00a077 kg. x 2.<\/li>\n<\/ul>\n","protected":false},"excerpt":{"rendered":"<p>8 ESTACIONES \/ 2 TORRES de la l\u00ednea BOSS STRENGTH Este modelo de estaci\u00f3n compuesto por 8 puntos de polea y 2 torres brinda al usuario<span class=\"excerpt-hellip\"> [\u2026]<\/span><\/p>\n","protected":false},"featured_media":8706,"template":"","meta":{"_joinchat":[]},"product_brand":[],"product_cat":[130,122,32,48],"product_tag":[],"class_list":{"0":"post-9337","1":"product","2":"type-product","3":"status-publish","4":"has-post-thumbnail","6":"product_cat-boss-strength","7":"product_cat-stock","8":"product_cat-profesional","9":"product_cat-peso-integrado-profesional","11":"first","12":"instock","13":"shipping-taxable","14":"purchasable","15":"product-type-simple"},"_links":{"self":[{"href":"https:\/\/letsgofitness.cl\/index.php\/wp-json\/wp\/v2\/product\/9337","targetHints":{"allow":["GET"]}}],"collection":[{"href":"https:\/\/letsgofitness.cl\/index.php\/wp-json\/wp\/v2\/product"}],"about":[{"href":"https:\/\/letsgofitness.cl\/index.php\/wp-json\/wp\/v2\/types\/product"}],"wp:featuredmedia":[{"embeddable":true,"href":"https:\/\/letsgofitness.cl\/index.php\/wp-json\/wp\/v2\/media\/8706"}],"wp:attachment":[{"href":"https:\/\/letsgofitness.cl\/index.php\/wp-json\/wp\/v2\/media?parent=9337"}],"wp:term":[{"taxonomy":"product_brand","embeddable":true,"href":"https:\/\/letsgofitness.cl\/index.php\/wp-json\/wp\/v2\/product_brand?post=9337"},{"taxonomy":"product_cat","embeddable":true,"href":"https:\/\/letsgofitness.cl\/index.php\/wp-json\/wp\/v2\/product_cat?post=9337"},{"taxonomy":"product_tag","embeddable":true,"href":"https:\/\/letsgofitness.cl\/index.php\/wp-json\/wp\/v2\/product_tag?post=9337"}],"curies":[{"name":"wp","href":"https:\/\/api.w.org\/{rel}","templated":true}]}}