{"id":9329,"date":"2024-05-15T11:37:45","date_gmt":"2024-05-15T14:37:45","guid":{"rendered":"https:\/\/letsgofitness.cl\/?post_type=product&#038;p=9329"},"modified":"2026-04-10T11:10:10","modified_gmt":"2026-04-10T14:10:10","slug":"shoulder-chest-boss-strength-powercrown","status":"publish","type":"product","link":"https:\/\/letsgofitness.cl\/index.php\/producto\/shoulder-chest-boss-strength-powercrown\/","title":{"rendered":"SHOULDER \/ CHEST BOSS STRENGTH PowerCrown **OFERTA PAGO CONTADO $1.790.000** (Transferencia)"},"content":{"rendered":"<h5><strong>SHOULDER \/ CHEST de la l\u00ednea BOSS STRENGTH<\/strong><\/h5>\n<p>Con un dise\u00f1o vanguardista y atractivo para los usuarios, esta m\u00e1quina profesional ayuda al desarrollo del tren superior, enfoc\u00e1ndose de manera c\u00f3moda y precisa en la zona lateral del pectoral y hombro, para aumentar su expansi\u00f3n y desarrollo muscular. Este modelo presenta como caracter\u00edstica brazos contrabalanceados que anulan el peso de la parte de la estructura que se debe mover, permitiendo levantar \u00fanicamente el peso seleccionado con las placas.<\/p>\n<p>CARACTER\u00cdSTICAS T\u00c9CNICAS :<\/p>\n<ul>\n<li>Estructura construida en tubo oval de acero de alta calidad de 3 mm. de espesor.<\/li>\n<li>Partes m\u00f3viles montadas con pletina de 0.5 cm. de espesor.<\/li>\n<li>Partes desmontables de acero macizo con el que se evitan problemas de desgaste.<\/li>\n<li>Brazos contrabalanceados. Anulan el peso de la parte de la estructura que hay<br \/>\nque mover, para levantar s\u00f3lo el peso seleccionado con las placas.<\/li>\n<li>Uso de sistema de levas para desarrollar un peso uniforme. Mantiene el brazo de<br \/>\nfuerza con una resistencia constante durante todo el recorrido.<\/li>\n<li>El proceso de pintado de las m\u00e1quinas se realiza en t\u00fanel de tratamiento de<br \/>\ncuatro capas, que ofrece una absoluta garant\u00eda contra la corrosi\u00f3n.<\/li>\n<li>Las placas son de acero calibrado, pintadas en negro, estas tienen anillos de<br \/>\ntefl\u00f3n de una calidad superior, lo cual produce un deslizamiento correcto y evita<br \/>\nruidos por fricci\u00f3n.<\/li>\n<li>Torre de placas con indicadores de peso en kg.<\/li>\n<li>Las barras gu\u00edas son de acero inoxidable.<\/li>\n<li>Ajustes del asiento, del respaldo y de los rodillos acolchados. Permite la<br \/>\nadaptaci\u00f3n de las m\u00e1quinas a cualquier usuario y ayuda a realizar los ejercicios<br \/>\ncon la postura correcta.<\/li>\n<li>El asiento ajustable y el respaldo acolchado te proporcionan una comodidad excepcional durante tu entrenamiento.<\/li>\n<\/ul>\n<h5><strong>\u00a0ESPECIFICACIONES T\u00c9CNICAS:<\/strong><\/h5>\n<ul>\n<li>Peso m\u00e1ximo usuario: 180 kg.<\/li>\n<li>Carga total de placas: 109 kg.<\/li>\n<li><strong>Largo:<\/strong>\u00a0153 cm.<\/li>\n<li><strong>Ancho:<\/strong>\u00a071 cm.<\/li>\n<li><strong>Alto:<\/strong>\u00a0156.7 cm.<\/li>\n<li><strong>Peso:<\/strong>\u00a0205 kg.<\/li>\n<\/ul>\n<p><strong>*OFERTA PAGO CONTADO $1.790.000 (Transferencia)*<\/strong><\/p>\n<p><strong>Datos de Transferencia:<\/strong><\/p>\n<ul>\n<li>Cuenta corriente Banco de Chile N\u00b0\u00a0<strong>2780129801<\/strong><\/li>\n<li>Nombre:<strong>\u00a0Lets Go Fitness SpA\u00a0<\/strong>\u00a0Rut:<strong>\u00a076.631.524-0<\/strong><\/li>\n<li>Email:\u00a0<strong>ventas@letsgofitness.cl<\/strong><\/li>\n<\/ul>\n<blockquote><p><strong>Incluir mensaje SKU + OFERTA + Fono Contacto<\/strong><\/p><\/blockquote>\n","protected":false},"excerpt":{"rendered":"<p><strong>*OFERTA PAGO CONTADO $1.790.000 (Transferencia)*\u00a0<\/strong><\/p>\n<p>Datos de Transferencia en\u00a0<strong>DESCRIPCI\u00d3N\u00a0 DEL PRODUCTO.<\/strong><\/p>\n","protected":false},"featured_media":9332,"template":"","meta":{"_joinchat":[]},"product_brand":[],"product_cat":[130,135,122,48],"product_tag":[],"class_list":{"0":"post-9329","1":"product","2":"type-product","3":"status-publish","4":"has-post-thumbnail","6":"product_cat-boss-strength","7":"product_cat-oferta","8":"product_cat-stock","9":"product_cat-peso-integrado-profesional","11":"first","12":"outofstock","13":"sale","14":"shipping-taxable","15":"purchasable","16":"product-type-simple"},"_links":{"self":[{"href":"https:\/\/letsgofitness.cl\/index.php\/wp-json\/wp\/v2\/product\/9329","targetHints":{"allow":["GET"]}}],"collection":[{"href":"https:\/\/letsgofitness.cl\/index.php\/wp-json\/wp\/v2\/product"}],"about":[{"href":"https:\/\/letsgofitness.cl\/index.php\/wp-json\/wp\/v2\/types\/product"}],"wp:featuredmedia":[{"embeddable":true,"href":"https:\/\/letsgofitness.cl\/index.php\/wp-json\/wp\/v2\/media\/9332"}],"wp:attachment":[{"href":"https:\/\/letsgofitness.cl\/index.php\/wp-json\/wp\/v2\/media?parent=9329"}],"wp:term":[{"taxonomy":"product_brand","embeddable":true,"href":"https:\/\/letsgofitness.cl\/index.php\/wp-json\/wp\/v2\/product_brand?post=9329"},{"taxonomy":"product_cat","embeddable":true,"href":"https:\/\/letsgofitness.cl\/index.php\/wp-json\/wp\/v2\/product_cat?post=9329"},{"taxonomy":"product_tag","embeddable":true,"href":"https:\/\/letsgofitness.cl\/index.php\/wp-json\/wp\/v2\/product_tag?post=9329"}],"curies":[{"name":"wp","href":"https:\/\/api.w.org\/{rel}","templated":true}]}}