{"id":921,"date":"2020-06-09T12:55:19","date_gmt":"2020-06-09T15:55:19","guid":{"rendered":"https:\/\/letsgofitness.cl\/?post_type=product&#038;p=921"},"modified":"2026-05-05T11:20:06","modified_gmt":"2026-05-05T14:20:06","slug":"equipo-para-ejercicio-abdominal","status":"publish","type":"product","link":"https:\/\/letsgofitness.cl\/index.php\/producto\/equipo-para-ejercicio-abdominal\/","title":{"rendered":"SET BARRA DE EJERCICIOS ABDOMINALES"},"content":{"rendered":"<div class=\"rte\">\n<h6 data-spm-anchor-id=\"a2700.details.pronpeci14.i1.628a17bfatmBiP\"><span class=\"attr-name J-attr-name\" title=\"Uso\">Uso: <\/span>Lfiting de peso<\/h6>\n<p>&nbsp;<\/p>\n<h6 data-spm-anchor-id=\"a2700.details.pronpeci14.i1.628a17bfatmBiP\"><strong>CARACTER\u00cdSTICAS T\u00c9CNICAS:<\/strong><\/h6>\n<p data-spm-anchor-id=\"a2700.details.pronpeci14.i1.628a17bfatmBiP\">Tama\u00f1o de barra: 1,43 mts<\/p>\n<p data-spm-anchor-id=\"a2700.details.pronpeci14.i1.628a17bfatmBiP\">Tama\u00f1o de la rueda: 450 * 47 mm<\/p>\n<\/div>\n<div class=\"rte\">\n<p>&nbsp;<\/p>\n<p>&nbsp;<\/p>\n<\/div>\n","protected":false},"excerpt":{"rendered":"<p>Uso: Lfiting de peso &nbsp; CARACTER\u00cdSTICAS T\u00c9CNICAS: Tama\u00f1o de barra: 1,43 mts Tama\u00f1o de la rueda: 450 * 47 mm &nbsp; &nbsp;<\/p>\n","protected":false},"featured_media":922,"template":"","meta":{"_joinchat":[]},"product_brand":[],"product_cat":[116,106,107,135,122],"product_tag":[],"class_list":{"0":"post-921","1":"product","2":"type-product","3":"status-publish","4":"has-post-thumbnail","6":"product_cat-abdominales","7":"product_cat-accesorios","8":"product_cat-accesorios-barras","9":"product_cat-oferta","10":"product_cat-stock","12":"first","13":"outofstock","14":"sale","15":"shipping-taxable","16":"purchasable","17":"product-type-simple"},"_links":{"self":[{"href":"https:\/\/letsgofitness.cl\/index.php\/wp-json\/wp\/v2\/product\/921","targetHints":{"allow":["GET"]}}],"collection":[{"href":"https:\/\/letsgofitness.cl\/index.php\/wp-json\/wp\/v2\/product"}],"about":[{"href":"https:\/\/letsgofitness.cl\/index.php\/wp-json\/wp\/v2\/types\/product"}],"wp:featuredmedia":[{"embeddable":true,"href":"https:\/\/letsgofitness.cl\/index.php\/wp-json\/wp\/v2\/media\/922"}],"wp:attachment":[{"href":"https:\/\/letsgofitness.cl\/index.php\/wp-json\/wp\/v2\/media?parent=921"}],"wp:term":[{"taxonomy":"product_brand","embeddable":true,"href":"https:\/\/letsgofitness.cl\/index.php\/wp-json\/wp\/v2\/product_brand?post=921"},{"taxonomy":"product_cat","embeddable":true,"href":"https:\/\/letsgofitness.cl\/index.php\/wp-json\/wp\/v2\/product_cat?post=921"},{"taxonomy":"product_tag","embeddable":true,"href":"https:\/\/letsgofitness.cl\/index.php\/wp-json\/wp\/v2\/product_tag?post=921"}],"curies":[{"name":"wp","href":"https:\/\/api.w.org\/{rel}","templated":true}]}}