{"id":9171,"date":"2024-05-05T21:31:52","date_gmt":"2024-05-06T00:31:52","guid":{"rendered":"https:\/\/letsgofitness.cl\/?post_type=product&#038;p=9171"},"modified":"2026-04-10T11:16:38","modified_gmt":"2026-04-10T14:16:38","slug":"preventa-prone-leg-curl-st2","status":"publish","type":"product","link":"https:\/\/letsgofitness.cl\/index.php\/producto\/preventa-prone-leg-curl-st2\/","title":{"rendered":"PRONE LEG CURL STRENGTH ST2 **OFERTA PAGO CONTADO $1.050.000** (Transferencia)"},"content":{"rendered":"<p><strong>PRONE LEG CURL\u00a0 STRENGHT ST<\/strong><\/p>\n<div class=\"sr-txt-title\">\n<p><strong>Funci\u00f3n PRONE LEG CURL STRENGHT SERIES<\/strong> \u00a0un cl\u00e1sico en los ejercicios de gimnasio. Excelente para desarrollar la amplitud, fortalecimiento efectivo, tonificaci\u00f3n y densidad de los m\u00fasculos de piernas .<\/p>\n<p><strong>SERIE STRENGTH<\/strong>\u00a0ofrece m\u00e1quinas de calidad comercial a un excelente precio. Dise\u00f1o moderno, con alto peso integrado para aumentar la satisfacci\u00f3n del usuario en diferentes niveles de entrenamiento. Fabricado con acero m\u00e1s grueso (3mm) que aumenta la estabilidad de la unidad y la vida \u00fatil del producto. Cables de acero recubierto con nailon lubricado, poleas con rodamientos resistentes al desgaste y a la tracci\u00f3n fabricados para soportar entrenamientos intensos y ofrecer una experiencia m\u00e1s suave en la ejecuci\u00f3n. Bio mec\u00e1nica mejorada que permite un mayor rango de movimiento. Ergonom\u00eda dise\u00f1ada para promover la seguridad y la comodidad.<\/p>\n<p><strong>1. Sistema de poleas mejorado:<\/strong> Poleas m\u00e1s grandes de 6 pulgadas, esta innovaci\u00f3n reduce sustancialmente la fricci\u00f3n, lo que garantiza un funcionamiento m\u00e1s suave y prolonga la vida \u00fatil del cable.<\/p>\n<p><strong>2. Material de cable de primera calidad:<\/strong>\u00a0el cable en s\u00ed utiliza una calidad de especificaci\u00f3n de alto est\u00e1ndar, que ofrece una mayor resistencia y longevidad.<\/p>\n<p><strong>3. Protecci\u00f3n de pl\u00e1stico:<\/strong>\u00a0hemos introducido componentes de pl\u00e1stico protectores en los conjuntos de tubos y poleas, a trav\u00e9s de los cuales pasa el cable. Esto agrega una capa adicional de protecci\u00f3n y contribuye a la longevidad general del equipo.<\/p>\n<p><strong>4. Terminal de acero inoxidable mecanizado:<\/strong> El terminal donde se conecta el cable y se engancha el mosquet\u00f3n, ahora est\u00e1 mecanizado con precisi\u00f3n internamente a partir de acero inoxidable, lo que mejora a\u00fan m\u00e1s la calidad general y la longevidad del equipo.<\/p>\n<p><strong>5. Conjunto de rodillos ajustables:<\/strong>\u00a0la parte inferior de los rodillos se puede colocar a 4 pulgadas por encima de la almohadilla del asiento en su configuraci\u00f3n m\u00e1s baja o a una altura de 9 pulgadas por encima de la almohadilla del asiento (equivalente a 26.5 pulgadas por encima del piso) en la configuraci\u00f3n m\u00e1s alta. El ancho total del conjunto de rodillos es de 24 pulgadas, y cada rodillo mide 8,5 pulgadas de largo y 5 pulgadas de di\u00e1metro. Para mayor seguridad, se incluye un pasador para bloquear los rodillos firmemente en su lugar.<\/p>\n<p>Actualice su rutina de ejercicios con el \u00faltimo <strong> PRONE LEG CURL <\/strong>de <strong>STRENGTH SERIES<\/strong> con funciones avanzadas dise\u00f1adas para mejorar su experiencia de entrenamiento y prolongar la vida \u00fatil del equipo.<\/p>\n<\/div>\n<p><strong>Caracter\u00edsticas t\u00e9cnicas:<\/strong><\/p>\n<div class=\"page\" title=\"Page 1\">\n<div class=\"layoutArea\">\n<div class=\"column\">\n<ul>\n<li>Peso: 250kg<\/li>\n<li>Tama\u00f1o: 165 X 99 X 140 CM<\/li>\n<li>Pila de pesas : 121.6 kg<\/li>\n<li>Perfiles:\u00a0 Rectangular 80x50x3mm de grosor<\/li>\n<\/ul>\n<p><strong>*OFERTA PAGO CONTADO $1.050.000 (Transferencia)*<\/strong><\/p>\n<p><strong>Datos de Transferencia:<\/strong><\/p>\n<ul>\n<li>Cuenta corriente Banco de Chile N\u00b0\u00a0<strong>2780129801<\/strong><\/li>\n<li>Nombre:<strong>\u00a0Lets Go Fitness SpA\u00a0<\/strong>\u00a0Rut:<strong>\u00a076.631.524-0<\/strong><\/li>\n<li>Email:\u00a0<strong>ventas@letsgofitness.cl<\/strong><\/li>\n<\/ul>\n<blockquote><p><strong>Incluir mensaje SKU + OFERTA + Fono Contacto<\/strong><\/p><\/blockquote>\n<\/div>\n<\/div>\n<\/div>\n<p>&nbsp;<\/p>\n","protected":false},"excerpt":{"rendered":"<p><strong>*OFERTA PAGO CONTADO $1.050.000 (Transferencia)*\u00a0<\/strong><\/p>\n<p>Datos de Transferencia en\u00a0<strong>DESCRIPCI\u00d3N\u00a0 DEL PRODUCTO.<\/strong><\/p>\n","protected":false},"featured_media":9113,"template":"","meta":{"_joinchat":[]},"product_brand":[],"product_cat":[276,135,89,122],"product_tag":[],"class_list":{"0":"post-9171","1":"product","2":"type-product","3":"status-publish","4":"has-post-thumbnail","6":"product_cat-oferta-pago-contado","7":"product_cat-oferta","8":"product_cat-semiprofesional-peso-integrado","9":"product_cat-stock","11":"first","12":"outofstock","13":"sale","14":"shipping-taxable","15":"purchasable","16":"product-type-simple"},"_links":{"self":[{"href":"https:\/\/letsgofitness.cl\/index.php\/wp-json\/wp\/v2\/product\/9171","targetHints":{"allow":["GET"]}}],"collection":[{"href":"https:\/\/letsgofitness.cl\/index.php\/wp-json\/wp\/v2\/product"}],"about":[{"href":"https:\/\/letsgofitness.cl\/index.php\/wp-json\/wp\/v2\/types\/product"}],"wp:featuredmedia":[{"embeddable":true,"href":"https:\/\/letsgofitness.cl\/index.php\/wp-json\/wp\/v2\/media\/9113"}],"wp:attachment":[{"href":"https:\/\/letsgofitness.cl\/index.php\/wp-json\/wp\/v2\/media?parent=9171"}],"wp:term":[{"taxonomy":"product_brand","embeddable":true,"href":"https:\/\/letsgofitness.cl\/index.php\/wp-json\/wp\/v2\/product_brand?post=9171"},{"taxonomy":"product_cat","embeddable":true,"href":"https:\/\/letsgofitness.cl\/index.php\/wp-json\/wp\/v2\/product_cat?post=9171"},{"taxonomy":"product_tag","embeddable":true,"href":"https:\/\/letsgofitness.cl\/index.php\/wp-json\/wp\/v2\/product_tag?post=9171"}],"curies":[{"name":"wp","href":"https:\/\/api.w.org\/{rel}","templated":true}]}}