{"id":9167,"date":"2024-05-05T21:37:41","date_gmt":"2024-05-06T00:37:41","guid":{"rendered":"https:\/\/letsgofitness.cl\/?post_type=product&#038;p=9167"},"modified":"2026-05-05T11:19:04","modified_gmt":"2026-05-05T14:19:04","slug":"preventa-super-squat-xs","status":"publish","type":"product","link":"https:\/\/letsgofitness.cl\/index.php\/producto\/preventa-super-squat-xs\/","title":{"rendered":"SUPER SQUAT STRENGTH XS"},"content":{"rendered":"<h3><span style=\"font-size: 14px;\">La sentadilla en m\u00e1quina <strong>SUPER SQUAT STRENGTH XS<\/strong> est\u00e1 dentro de los ejercicios llamados de empuje vertical.<\/span><\/h3>\n<div class=\"product__title\">\n<p style=\"text-align: left;\">Es un ejercicio anal\u00edtico de tren inferior donde principalmente se trabajan los cu\u00e1driceps y gl\u00fateo mayor.<\/p>\n<p style=\"text-align: left;\">Al ser un ejercicio guiado es una buena alternativa tanto para personas que se est\u00e1n iniciando (baja complejidad t\u00e9cnica), como para gente m\u00e1s avanzada sin que haya tanto riesgo de lesi\u00f3n.<\/p>\n<\/div>\n<div class=\"product__description rte quick-add-hidden\" style=\"text-align: left;\">\n<h3>FICHA T\u00c9CNICA<\/h3>\n<\/div>\n<div class=\"product__title\" style=\"text-align: left;\">\n<ul>\n<li>Plataforma de alta resistencia<\/li>\n<li>Tapices de espuma de poliuretano con alta elasticidad, recubiertos con cuero de microfibra para una gran comodidad<\/li>\n<li>Porta discos laterales cromados<\/li>\n<li>Barra de carga de discos cromada y de gran amplitud<\/li>\n<li>Manillas engomadas con terminaciones cromadas<\/li>\n<li><span class=\"key\">Dimensiones:\u00a0<\/span><span class=\"value\">Largo: 200 cm. Ancho: 170 cm. Alto: 180 cm.<\/span><\/li>\n<li><span class=\"key\">Peso: <\/span><span class=\"value\">196 kgs.<\/span><\/li>\n<\/ul>\n<\/div>\n<div class=\"product__description rte quick-add-hidden\" style=\"text-align: left;\">\n<blockquote><p>&nbsp;<\/p><\/blockquote>\n<\/div>\n<p style=\"text-align: left;\">\n","protected":false},"excerpt":{"rendered":"<p>La sentadilla en m\u00e1quina SUPER SQUAT STRENGTH XS est\u00e1 dentro de los ejercicios llamados de empuje vertical. Es un ejercicio anal\u00edtico de tren inferior donde principalmente<span class=\"excerpt-hellip\"> [\u2026]<\/span><\/p>\n","protected":false},"featured_media":9117,"template":"","meta":{"_joinchat":[]},"product_brand":[],"product_cat":[135,88,122],"product_tag":[],"class_list":{"0":"post-9167","1":"product","2":"type-product","3":"status-publish","4":"has-post-thumbnail","6":"product_cat-oferta","7":"product_cat-semiprofesional-peso-libre","8":"product_cat-stock","10":"first","11":"outofstock","12":"sale","13":"shipping-taxable","14":"purchasable","15":"product-type-simple"},"_links":{"self":[{"href":"https:\/\/letsgofitness.cl\/index.php\/wp-json\/wp\/v2\/product\/9167","targetHints":{"allow":["GET"]}}],"collection":[{"href":"https:\/\/letsgofitness.cl\/index.php\/wp-json\/wp\/v2\/product"}],"about":[{"href":"https:\/\/letsgofitness.cl\/index.php\/wp-json\/wp\/v2\/types\/product"}],"wp:featuredmedia":[{"embeddable":true,"href":"https:\/\/letsgofitness.cl\/index.php\/wp-json\/wp\/v2\/media\/9117"}],"wp:attachment":[{"href":"https:\/\/letsgofitness.cl\/index.php\/wp-json\/wp\/v2\/media?parent=9167"}],"wp:term":[{"taxonomy":"product_brand","embeddable":true,"href":"https:\/\/letsgofitness.cl\/index.php\/wp-json\/wp\/v2\/product_brand?post=9167"},{"taxonomy":"product_cat","embeddable":true,"href":"https:\/\/letsgofitness.cl\/index.php\/wp-json\/wp\/v2\/product_cat?post=9167"},{"taxonomy":"product_tag","embeddable":true,"href":"https:\/\/letsgofitness.cl\/index.php\/wp-json\/wp\/v2\/product_tag?post=9167"}],"curies":[{"name":"wp","href":"https:\/\/api.w.org\/{rel}","templated":true}]}}