{"id":9165,"date":"2024-05-05T21:35:56","date_gmt":"2024-05-06T00:35:56","guid":{"rendered":"https:\/\/letsgofitness.cl\/?post_type=product&#038;p=9165"},"modified":"2026-04-10T11:10:11","modified_gmt":"2026-04-10T14:10:11","slug":"preventa-chin-up-dip-y-knee-up-xs","status":"publish","type":"product","link":"https:\/\/letsgofitness.cl\/index.php\/producto\/preventa-chin-up-dip-y-knee-up-xs\/","title":{"rendered":"CHIN UP\/DIP Y KNEE UP STRENGTH XS"},"content":{"rendered":"<div class=\"sr-txt-title\">\n<p><strong>CHIN UP \/DIP Y KNEE UP XS STRENGHT\u00a0<\/strong><\/p>\n<div class=\"sr-txt-title\">\n<p><strong>Funci\u00f3n CHIN UP \/ DIP Y KNEE UP XS STRENGHT SERIES<\/strong> \u00a0un cl\u00e1sico en los ejercicios de gimnasio. Excelente para desarrollar la amplitud, fortalecimiento efectivo, tonificaci\u00f3n y densidad de los m\u00fasculos .<\/p>\n<p><strong>SERIE STRENGTH<\/strong> ofrece m\u00e1quinas de calidad comercial a un excelente precio. Dise\u00f1o moderno, con alto peso integrado para aumentar la satisfacci\u00f3n del usuario en diferentes niveles de entrenamiento. Fabricado con acero m\u00e1s grueso (3mm) que aumenta la estabilidad de la unidad y la vida \u00fatil del producto. fabricados para soportar entrenamientos intensos y ofrecer una experiencia m\u00e1s suave en la ejecuci\u00f3n. Bio mec\u00e1nica mejorada que permite un mayor rango de movimiento. Ergonom\u00eda dise\u00f1ada para promover la seguridad y la comodidad.<\/p>\n<p>Actualice su rutina de ejercicios con el \u00faltimo <strong>CHIN UP \/DIP Y KNEE UP XS<\/strong> \u00a0<strong>STRENGTH <\/strong>con funciones avanzadas dise\u00f1adas para mejorar su experiencia de entrenamiento y prolongar la vida \u00fatil del equipo.<\/p>\n<p>&nbsp;<\/p>\n<\/div>\n<\/div>\n<p>&nbsp;<\/p>\n<p>&nbsp;<\/p>\n<div class=\"sr-txt-title\">\n<div class=\"sr-txt-title\">\n<blockquote><p>&nbsp;<\/p><\/blockquote>\n<\/div>\n<\/div>\n","protected":false},"excerpt":{"rendered":"<p>CHIN UP \/DIP Y KNEE UP XS STRENGHT\u00a0 Funci\u00f3n CHIN UP \/ DIP Y KNEE UP XS STRENGHT SERIES \u00a0un cl\u00e1sico en los ejercicios de gimnasio.<span class=\"excerpt-hellip\"> [\u2026]<\/span><\/p>\n","protected":false},"featured_media":9125,"template":"","meta":{"_joinchat":[]},"product_brand":[],"product_cat":[135,88,122],"product_tag":[],"class_list":{"0":"post-9165","1":"product","2":"type-product","3":"status-publish","4":"has-post-thumbnail","6":"product_cat-oferta","7":"product_cat-semiprofesional-peso-libre","8":"product_cat-stock","10":"first","11":"outofstock","12":"sale","13":"shipping-taxable","14":"purchasable","15":"product-type-simple"},"_links":{"self":[{"href":"https:\/\/letsgofitness.cl\/index.php\/wp-json\/wp\/v2\/product\/9165","targetHints":{"allow":["GET"]}}],"collection":[{"href":"https:\/\/letsgofitness.cl\/index.php\/wp-json\/wp\/v2\/product"}],"about":[{"href":"https:\/\/letsgofitness.cl\/index.php\/wp-json\/wp\/v2\/types\/product"}],"wp:featuredmedia":[{"embeddable":true,"href":"https:\/\/letsgofitness.cl\/index.php\/wp-json\/wp\/v2\/media\/9125"}],"wp:attachment":[{"href":"https:\/\/letsgofitness.cl\/index.php\/wp-json\/wp\/v2\/media?parent=9165"}],"wp:term":[{"taxonomy":"product_brand","embeddable":true,"href":"https:\/\/letsgofitness.cl\/index.php\/wp-json\/wp\/v2\/product_brand?post=9165"},{"taxonomy":"product_cat","embeddable":true,"href":"https:\/\/letsgofitness.cl\/index.php\/wp-json\/wp\/v2\/product_cat?post=9165"},{"taxonomy":"product_tag","embeddable":true,"href":"https:\/\/letsgofitness.cl\/index.php\/wp-json\/wp\/v2\/product_tag?post=9165"}],"curies":[{"name":"wp","href":"https:\/\/api.w.org\/{rel}","templated":true}]}}