{"id":9109,"date":"2024-04-26T15:35:44","date_gmt":"2024-04-26T18:35:44","guid":{"rendered":"https:\/\/letsgofitness.cl\/?post_type=product&#038;p=9109"},"modified":"2026-05-05T11:25:25","modified_gmt":"2026-05-05T14:25:25","slug":"front-lat-pulldown-hspro-realleader-usa","status":"publish","type":"product","link":"https:\/\/letsgofitness.cl\/index.php\/producto\/front-lat-pulldown-hspro-realleader-usa\/","title":{"rendered":"HIGH ROW HSPRO REALLEADER USA"},"content":{"rendered":"<div>\n<h5><strong>\u00a0 \u00a0 \u00a0 HI ROW\u00a0 HSPro de la l\u00ednea REALLEADER<\/strong><\/h5>\n<\/div>\n<ul>\n<li>La M\u00e1quina<strong>\u00a0Jal\u00f3n de Espalda Sentado<\/strong> <strong>\u00a0L\u00ednea LD<\/strong>,\u00a0 su estructura s\u00f3lida y ergon\u00f3mica te brinda la estabilidad que necesitas durante cada repetici\u00f3n, reduciendo el riesgo de lesiones.<\/li>\n<li>El asiento ajustable y el respaldo acolchado te proporcionan una comodidad excepcional durante tu entrenamiento.<\/li>\n<li>Manga protectora de rodamiento esf\u00e9rico.<\/li>\n<li>Placa de bloqueo de barra de acoplamiento.<\/li>\n<li>El ajuste de altura del asiento adopta el m\u00e9todo\u00a0<strong>HIDR\u00c1ULICO,<\/strong>\u00a0siendo un ajuste m\u00e1s estable y suave.<\/li>\n<li>Mango de ajuste, hecho de aleaci\u00f3n de\u00a0<strong>aluminio<\/strong>.<\/li>\n<li>Pedales de aleaci\u00f3n de aluminio, equipados con almohadillas de goma antideslizante.<\/li>\n<li>Rodamientos esf\u00e9ricos de alta resistencia y m\u00e1s seguros.<\/li>\n<li>Instrucciones de entrenamiento de alta definici\u00f3n, para una ejecuci\u00f3n mas clara al momento de realizar el ejercicio.<\/li>\n<li>Ajuste de almohadilla adopta el m\u00e9todo HIDR\u00c1ULICO para que el ajuste sea mas estable y suave.<\/li>\n<li>Se incorporo una funci\u00f3n de asistencia inicial para evitar de manera efectiva la tensi\u00f3n muscular en las etapas inicial y final en el entrenamiento.<\/li>\n<\/ul>\n<div>\n<h5><strong>\u00a0 \u00a0ESPECIFICACIONES T\u00c9CNICAS:<\/strong><\/h5>\n<ul>\n<li>Peso: 225 kg<\/li>\n<li>Dimensiones: 162 x 177.5 x209.9 cm<\/li>\n<\/ul>\n<\/div>\n","protected":false},"excerpt":{"rendered":"<p>COLOR DISPONIBLE:<\/p>\n<p>NEGRO\/ TAPIZ CAF\u00c9<\/p>\n","protected":false},"featured_media":9108,"template":"","meta":{"_joinchat":[]},"product_brand":[],"product_cat":[62,122],"product_tag":[],"class_list":{"0":"post-9109","1":"product","2":"type-product","3":"status-publish","4":"has-post-thumbnail","6":"product_cat-profesional-pesolibre-lat-pulldown","7":"product_cat-stock","9":"first","10":"outofstock","11":"sale","12":"shipping-taxable","13":"purchasable","14":"product-type-simple"},"_links":{"self":[{"href":"https:\/\/letsgofitness.cl\/index.php\/wp-json\/wp\/v2\/product\/9109","targetHints":{"allow":["GET"]}}],"collection":[{"href":"https:\/\/letsgofitness.cl\/index.php\/wp-json\/wp\/v2\/product"}],"about":[{"href":"https:\/\/letsgofitness.cl\/index.php\/wp-json\/wp\/v2\/types\/product"}],"wp:featuredmedia":[{"embeddable":true,"href":"https:\/\/letsgofitness.cl\/index.php\/wp-json\/wp\/v2\/media\/9108"}],"wp:attachment":[{"href":"https:\/\/letsgofitness.cl\/index.php\/wp-json\/wp\/v2\/media?parent=9109"}],"wp:term":[{"taxonomy":"product_brand","embeddable":true,"href":"https:\/\/letsgofitness.cl\/index.php\/wp-json\/wp\/v2\/product_brand?post=9109"},{"taxonomy":"product_cat","embeddable":true,"href":"https:\/\/letsgofitness.cl\/index.php\/wp-json\/wp\/v2\/product_cat?post=9109"},{"taxonomy":"product_tag","embeddable":true,"href":"https:\/\/letsgofitness.cl\/index.php\/wp-json\/wp\/v2\/product_tag?post=9109"}],"curies":[{"name":"wp","href":"https:\/\/api.w.org\/{rel}","templated":true}]}}