{"id":9106,"date":"2024-04-26T15:29:21","date_gmt":"2024-04-26T18:29:21","guid":{"rendered":"https:\/\/letsgofitness.cl\/?post_type=product&#038;p=9106"},"modified":"2026-04-10T11:16:38","modified_gmt":"2026-04-10T14:16:38","slug":"incline-chest-hspro-realleader-usa","status":"publish","type":"product","link":"https:\/\/letsgofitness.cl\/index.php\/producto\/incline-chest-hspro-realleader-usa\/","title":{"rendered":"INCLINE CHEST HSPRO REALLEADER USA"},"content":{"rendered":"<div>\n<h5><strong>INCLINE CHEST HSPro de la l\u00ednea REALLEADER<\/strong><\/h5>\n<\/div>\n<ul>\n<li>La M\u00e1quina <strong>Press Inclinado\u00a0 L\u00ednea LD,\u00a0<\/strong> su estructura s\u00f3lida y ergon\u00f3mica te brinda la estabilidad que necesitas durante cada repetici\u00f3n, reduciendo el riesgo de lesiones.<\/li>\n<li>El asiento ajustable y el respaldo acolchado te proporcionan una comodidad excepcional durante tu entrenamiento.<\/li>\n<li>Manga protectora de rodamiento esf\u00e9rico.<\/li>\n<li>Placa de bloqueo de barra de acoplamiento.<\/li>\n<li>El ajuste de altura del asiento adopta el m\u00e9todo <strong>HIDR\u00c1ULICO,<\/strong> siendo un ajuste m\u00e1s estable y suave.<\/li>\n<li>Mango de ajuste, hecho de aleaci\u00f3n de <strong>aluminio<\/strong>.<\/li>\n<li>Pedales de aleaci\u00f3n de aluminio, equipados con almohadillas de goma antideslizante.<\/li>\n<li>Rodamientos esf\u00e9ricos de alta resistencia y m\u00e1s seguros.<\/li>\n<li>Instrucciones de entrenamiento de alta definici\u00f3n, para una ejecuci\u00f3n mas clara al momento de realizar el ejercicio.<\/li>\n<li>Ajuste de almohadilla adopta el m\u00e9todo <strong>HIDR\u00c1ULICO<\/strong> para que el ajuste sea mas estable y suave.<\/li>\n<li>Se incorporo una funci\u00f3n de <strong>asistencia inicial<\/strong> para evitar de manera efectiva la tensi\u00f3n muscular en las etapas inicial y final en el entrenamiento.<\/li>\n<\/ul>\n<div>\n<h5><strong>\u00a0 \u00a0ESPECIFICACIONES T\u00c9CNICAS:<\/strong><\/h5>\n<ul>\n<li>Peso: 340 kg<\/li>\n<li>Dimensiones: 135 \u00d7 155 \u00d7 183 cm<\/li>\n<\/ul>\n<\/div>\n<div>\n<div class=\"bac-item-label fl\">\n<div class=\"bac-item-value fl\"><\/div>\n<\/div>\n<div><\/div>\n<\/div>\n","protected":false},"excerpt":{"rendered":"<p>COLOR DISPONIBLE:<\/p>\n<p>NEGRO\/ TAPIZ CAF\u00c9<\/p>\n","protected":false},"featured_media":9103,"template":"","meta":{"_joinchat":[]},"product_brand":[],"product_cat":[65,122,47],"product_tag":[],"class_list":{"0":"post-9106","1":"product","2":"type-product","3":"status-publish","4":"has-post-thumbnail","6":"product_cat-profesional-pesolibre-chest-press","7":"product_cat-stock","8":"product_cat-peso-libre-profesional","10":"first","11":"instock","12":"sale","13":"shipping-taxable","14":"purchasable","15":"product-type-simple"},"_links":{"self":[{"href":"https:\/\/letsgofitness.cl\/index.php\/wp-json\/wp\/v2\/product\/9106","targetHints":{"allow":["GET"]}}],"collection":[{"href":"https:\/\/letsgofitness.cl\/index.php\/wp-json\/wp\/v2\/product"}],"about":[{"href":"https:\/\/letsgofitness.cl\/index.php\/wp-json\/wp\/v2\/types\/product"}],"wp:featuredmedia":[{"embeddable":true,"href":"https:\/\/letsgofitness.cl\/index.php\/wp-json\/wp\/v2\/media\/9103"}],"wp:attachment":[{"href":"https:\/\/letsgofitness.cl\/index.php\/wp-json\/wp\/v2\/media?parent=9106"}],"wp:term":[{"taxonomy":"product_brand","embeddable":true,"href":"https:\/\/letsgofitness.cl\/index.php\/wp-json\/wp\/v2\/product_brand?post=9106"},{"taxonomy":"product_cat","embeddable":true,"href":"https:\/\/letsgofitness.cl\/index.php\/wp-json\/wp\/v2\/product_cat?post=9106"},{"taxonomy":"product_tag","embeddable":true,"href":"https:\/\/letsgofitness.cl\/index.php\/wp-json\/wp\/v2\/product_tag?post=9106"}],"curies":[{"name":"wp","href":"https:\/\/api.w.org\/{rel}","templated":true}]}}