{"id":8870,"date":"2024-03-21T15:30:40","date_gmt":"2024-03-21T18:30:40","guid":{"rendered":"https:\/\/letsgofitness.cl\/?post_type=product&#038;p=8870"},"modified":"2026-04-10T11:16:37","modified_gmt":"2026-04-10T14:16:37","slug":"kettlebells-rubber-fun-fit-lgf","status":"publish","type":"product","link":"https:\/\/letsgofitness.cl\/index.php\/producto\/kettlebells-rubber-fun-fit-lgf\/","title":{"rendered":"Kettlebells Rubber Fun Fit &#8211; LGF"},"content":{"rendered":"<ul>\n<li>\u00a0kettlebells o tambi\u00e9n llamados Pesas Rusas son uno de los equipos de entrenamiento de fuerza m\u00e1s simples.<\/li>\n<li>Perfectos para desarrollar fuerza, estabilidad y explosividad.<\/li>\n<li>Las podr\u00e1s utilizar para entrenamientos intensivos como para CrossFit.<\/li>\n<li>Cada pesa contiene su peso.<\/li>\n<li>Est\u00e1n hechas de acero de primera calidad, con un mango m\u00e1s fuerte y confiable y un acabado de capa<\/li>\n<\/ul>\n<p>color negro de muy buena calidad.<\/p>\n","protected":false},"excerpt":{"rendered":"<p>\u00a0kettlebells o tambi\u00e9n llamados Pesas Rusas son uno de los equipos de entrenamiento de fuerza m\u00e1s simples. Perfectos para desarrollar fuerza, estabilidad y explosividad. Las podr\u00e1s<span class=\"excerpt-hellip\"> [\u2026]<\/span><\/p>\n","protected":false},"featured_media":8918,"template":"","meta":{"_joinchat":[]},"product_brand":[],"product_cat":[106,135,122],"product_tag":[],"class_list":{"0":"post-8870","1":"product","2":"type-product","3":"status-publish","4":"has-post-thumbnail","6":"product_cat-accesorios","7":"product_cat-oferta","8":"product_cat-stock","10":"first","11":"instock","12":"sale","13":"shipping-taxable","14":"purchasable","15":"product-type-variable"},"_links":{"self":[{"href":"https:\/\/letsgofitness.cl\/index.php\/wp-json\/wp\/v2\/product\/8870","targetHints":{"allow":["GET"]}}],"collection":[{"href":"https:\/\/letsgofitness.cl\/index.php\/wp-json\/wp\/v2\/product"}],"about":[{"href":"https:\/\/letsgofitness.cl\/index.php\/wp-json\/wp\/v2\/types\/product"}],"wp:featuredmedia":[{"embeddable":true,"href":"https:\/\/letsgofitness.cl\/index.php\/wp-json\/wp\/v2\/media\/8918"}],"wp:attachment":[{"href":"https:\/\/letsgofitness.cl\/index.php\/wp-json\/wp\/v2\/media?parent=8870"}],"wp:term":[{"taxonomy":"product_brand","embeddable":true,"href":"https:\/\/letsgofitness.cl\/index.php\/wp-json\/wp\/v2\/product_brand?post=8870"},{"taxonomy":"product_cat","embeddable":true,"href":"https:\/\/letsgofitness.cl\/index.php\/wp-json\/wp\/v2\/product_cat?post=8870"},{"taxonomy":"product_tag","embeddable":true,"href":"https:\/\/letsgofitness.cl\/index.php\/wp-json\/wp\/v2\/product_tag?post=8870"}],"curies":[{"name":"wp","href":"https:\/\/api.w.org\/{rel}","templated":true}]}}