{"id":8852,"date":"2024-03-20T18:26:08","date_gmt":"2024-03-20T21:26:08","guid":{"rendered":"https:\/\/letsgofitness.cl\/?post_type=product&#038;p=8852"},"modified":"2026-04-10T11:10:11","modified_gmt":"2026-04-10T14:10:11","slug":"boss-commercial-squat-rack-elite","status":"publish","type":"product","link":"https:\/\/letsgofitness.cl\/index.php\/producto\/boss-commercial-squat-rack-elite\/","title":{"rendered":"BOSS COMMERCIAL HALF RACK SQUAT ELITE"},"content":{"rendered":"<p>Con nuestro innovador <strong>Rack de Potencia Boss strength<\/strong>, tendr\u00e1s la capacidad de realizar una amplia gama de ejercicios de fuerza y potencia, integrando perfectamente tus sets de bandas de resistencia, barras ol\u00edmpicas, juegos de discos, bancas y bandas de suspensi\u00f3n.<br \/>\nEste completo sistema te permite ejecutar f\u00e1cilmente ejercicios como fondos, dominadas, sentadillas y presses, todo en un solo espacio de entrenamiento. Equipado con, un \u00e1rea espec\u00edfica para dominadas en la parte superior y band pegs para trabajar con tus bandas de resistencia favoritas, nuestro rack ofrece versatilidad y variedad en tu rutina de ejercicios.<\/p>\n<p>Fabricado con acero resistente de 75 x 75 en 3 mm de espesor, el Rack de Potencia Boss Strength garantiza estabilidad y seguridad durante tus entrenamientos intensos. Adem\u00e1s, para una protecci\u00f3n adicional contra accidentes, hemos incluido dos brazos de soporte y seguridad que se pueden ajustar f\u00e1cilmente en los pilares verticales del rack.<\/p>\n<p>&nbsp;<\/p>\n<p><strong>CARACTERISTICAS TECNICAS:<\/strong><\/p>\n<ul>\n<li>Dimensiones<\/li>\n<li>PESO<\/li>\n<\/ul>\n","protected":false},"excerpt":{"rendered":"<p>Con nuestro innovador Rack de Potencia Boss strength, tendr\u00e1s la capacidad de realizar una amplia gama de ejercicios de fuerza y potencia, integrando perfectamente tus sets<span class=\"excerpt-hellip\"> [\u2026]<\/span><\/p>\n","protected":false},"featured_media":8855,"template":"","meta":{"_joinchat":[]},"product_brand":[],"product_cat":[135,122,32,51],"product_tag":[],"class_list":{"0":"post-8852","1":"product","2":"type-product","3":"status-publish","4":"has-post-thumbnail","6":"product_cat-oferta","7":"product_cat-stock","8":"product_cat-profesional","9":"product_cat-bancos-rack-profesional","11":"first","12":"instock","13":"sale","14":"shipping-taxable","15":"purchasable","16":"product-type-simple"},"_links":{"self":[{"href":"https:\/\/letsgofitness.cl\/index.php\/wp-json\/wp\/v2\/product\/8852","targetHints":{"allow":["GET"]}}],"collection":[{"href":"https:\/\/letsgofitness.cl\/index.php\/wp-json\/wp\/v2\/product"}],"about":[{"href":"https:\/\/letsgofitness.cl\/index.php\/wp-json\/wp\/v2\/types\/product"}],"wp:featuredmedia":[{"embeddable":true,"href":"https:\/\/letsgofitness.cl\/index.php\/wp-json\/wp\/v2\/media\/8855"}],"wp:attachment":[{"href":"https:\/\/letsgofitness.cl\/index.php\/wp-json\/wp\/v2\/media?parent=8852"}],"wp:term":[{"taxonomy":"product_brand","embeddable":true,"href":"https:\/\/letsgofitness.cl\/index.php\/wp-json\/wp\/v2\/product_brand?post=8852"},{"taxonomy":"product_cat","embeddable":true,"href":"https:\/\/letsgofitness.cl\/index.php\/wp-json\/wp\/v2\/product_cat?post=8852"},{"taxonomy":"product_tag","embeddable":true,"href":"https:\/\/letsgofitness.cl\/index.php\/wp-json\/wp\/v2\/product_tag?post=8852"}],"curies":[{"name":"wp","href":"https:\/\/api.w.org\/{rel}","templated":true}]}}