{"id":8680,"date":"2024-02-19T12:02:40","date_gmt":"2024-02-19T15:02:40","guid":{"rendered":"https:\/\/letsgofitness.cl\/?post_type=product&#038;p=8680"},"modified":"2026-04-10T11:10:11","modified_gmt":"2026-04-10T14:10:11","slug":"banco-plano-declinado-super-ajustable-boss-strength","status":"publish","type":"product","link":"https:\/\/letsgofitness.cl\/index.php\/producto\/banco-plano-declinado-super-ajustable-boss-strength\/","title":{"rendered":"BANCO PLANO\/DECLINADO SUPER AJUSTABLE BOSS STRENGTH"},"content":{"rendered":"<p><span class=\"Y2IQFc\" lang=\"es\">Optimizado para cualquier rutina de entrenamiento de fuerza.<\/span><\/p>\n<ul>\n<li>5 posiciones en \u00e1ngulo se ajustan en incrementos de 5\u00ba de 0\u00ba a -20\u00ba para ejercicios de banco plano y declinado.<\/li>\n<li>El dise\u00f1o multiusos tambi\u00e9n permite ejercicios abdominales en banco.<\/li>\n<li>Las almohadillas de rodillos autoalineables se adaptan a diferentes longitudes de piernas.<\/li>\n<li>Capacidad m\u00e1xima de peso 1000 libras. (454 kilos)<\/li>\n<\/ul>\n","protected":false},"excerpt":{"rendered":"<p id=\"tw-target-text\" class=\"tw-data-text tw-text-large tw-ta\" dir=\"ltr\" data-placeholder=\"Traducci\u00f3n\" data-ved=\"2ahUKEwj6gK3gzbeEAxW6gGEGHbmtD-cQ3ewLegQIBRAU\"><span class=\"Y2IQFc\" lang=\"es\">La l\u00ednea BOSS STRENGTH combina belleza con fuerza. Caracter\u00edsticas como ajustes del equipo sin esfuerzo, la opci\u00f3n de realizar m\u00faltiples ejercicios en una m\u00e1quina y una estructura duradera seguramente atraer\u00e1n nuevos miembros a tu gimnasio y har\u00e1n que los miembros actuales regresen por m\u00e1s.<\/span><\/p>\n","protected":false},"featured_media":8681,"template":"","meta":{"_joinchat":[]},"product_brand":[],"product_cat":[130,122,32,47],"product_tag":[],"class_list":{"0":"post-8680","1":"product","2":"type-product","3":"status-publish","4":"has-post-thumbnail","6":"product_cat-boss-strength","7":"product_cat-stock","8":"product_cat-profesional","9":"product_cat-peso-libre-profesional","11":"first","12":"instock","13":"sale","14":"shipping-taxable","15":"purchasable","16":"product-type-simple"},"_links":{"self":[{"href":"https:\/\/letsgofitness.cl\/index.php\/wp-json\/wp\/v2\/product\/8680","targetHints":{"allow":["GET"]}}],"collection":[{"href":"https:\/\/letsgofitness.cl\/index.php\/wp-json\/wp\/v2\/product"}],"about":[{"href":"https:\/\/letsgofitness.cl\/index.php\/wp-json\/wp\/v2\/types\/product"}],"wp:featuredmedia":[{"embeddable":true,"href":"https:\/\/letsgofitness.cl\/index.php\/wp-json\/wp\/v2\/media\/8681"}],"wp:attachment":[{"href":"https:\/\/letsgofitness.cl\/index.php\/wp-json\/wp\/v2\/media?parent=8680"}],"wp:term":[{"taxonomy":"product_brand","embeddable":true,"href":"https:\/\/letsgofitness.cl\/index.php\/wp-json\/wp\/v2\/product_brand?post=8680"},{"taxonomy":"product_cat","embeddable":true,"href":"https:\/\/letsgofitness.cl\/index.php\/wp-json\/wp\/v2\/product_cat?post=8680"},{"taxonomy":"product_tag","embeddable":true,"href":"https:\/\/letsgofitness.cl\/index.php\/wp-json\/wp\/v2\/product_tag?post=8680"}],"curies":[{"name":"wp","href":"https:\/\/api.w.org\/{rel}","templated":true}]}}