{"id":8675,"date":"2024-02-19T11:41:23","date_gmt":"2024-02-19T14:41:23","guid":{"rendered":"https:\/\/letsgofitness.cl\/?post_type=product&#038;p=8675"},"modified":"2026-04-10T11:10:11","modified_gmt":"2026-04-10T14:10:11","slug":"standing-biceps-curl-boss-strength","status":"publish","type":"product","link":"https:\/\/letsgofitness.cl\/index.php\/producto\/standing-biceps-curl-boss-strength\/","title":{"rendered":"STANDING BICEPS CURL BOSS STRENGTH"},"content":{"rendered":"<ul>\n<li>La almohadilla del predicador con m\u00e1stil, se ajusta f\u00e1cil y r\u00e1pidamente para adaptarse a diferentes tama\u00f1os de usuarios.<\/li>\n<li>Almohadilla de dos caras para acomodar dos posiciones de curl\u00a0 de biceps diferentes (en \u00e1ngulo\/vertical)<\/li>\n<li>Dise\u00f1o sin ascensor para entrar y salir f\u00e1cilmente<\/li>\n<li>Barandillas cubiertas de poliuretano para proteger la barra y el marco.<\/li>\n<li>Capacidad m\u00e1xima de peso de ejercicio: 400 lbs (181 kg)<\/li>\n<\/ul>\n","protected":false},"excerpt":{"rendered":"<p><span class=\"Y2IQFc\" lang=\"es\">La l\u00ednea BOSS STRENGTH combina belleza con fuerza. <\/span><span class=\"Y2IQFc\" lang=\"es\">Caracter\u00edsticas como ajustes del equipo sin esfuerzo, la opci\u00f3n de realizar m\u00faltiples ejercicios en una m\u00e1quina y una estructura duradera seguramente atraer\u00e1n nuevos miembros a tu gimnasio y har\u00e1n que los miembros actuales regresen por m\u00e1s.<\/span><\/p>\n","protected":false},"featured_media":8677,"template":"","meta":{"_joinchat":[]},"product_brand":[],"product_cat":[122,32,47],"product_tag":[],"class_list":{"0":"post-8675","1":"product","2":"type-product","3":"status-publish","4":"has-post-thumbnail","6":"product_cat-stock","7":"product_cat-profesional","8":"product_cat-peso-libre-profesional","10":"first","11":"instock","12":"sale","13":"shipping-taxable","14":"purchasable","15":"product-type-simple"},"_links":{"self":[{"href":"https:\/\/letsgofitness.cl\/index.php\/wp-json\/wp\/v2\/product\/8675","targetHints":{"allow":["GET"]}}],"collection":[{"href":"https:\/\/letsgofitness.cl\/index.php\/wp-json\/wp\/v2\/product"}],"about":[{"href":"https:\/\/letsgofitness.cl\/index.php\/wp-json\/wp\/v2\/types\/product"}],"wp:featuredmedia":[{"embeddable":true,"href":"https:\/\/letsgofitness.cl\/index.php\/wp-json\/wp\/v2\/media\/8677"}],"wp:attachment":[{"href":"https:\/\/letsgofitness.cl\/index.php\/wp-json\/wp\/v2\/media?parent=8675"}],"wp:term":[{"taxonomy":"product_brand","embeddable":true,"href":"https:\/\/letsgofitness.cl\/index.php\/wp-json\/wp\/v2\/product_brand?post=8675"},{"taxonomy":"product_cat","embeddable":true,"href":"https:\/\/letsgofitness.cl\/index.php\/wp-json\/wp\/v2\/product_cat?post=8675"},{"taxonomy":"product_tag","embeddable":true,"href":"https:\/\/letsgofitness.cl\/index.php\/wp-json\/wp\/v2\/product_tag?post=8675"}],"curies":[{"name":"wp","href":"https:\/\/api.w.org\/{rel}","templated":true}]}}