{"id":8496,"date":"2024-01-22T17:00:17","date_gmt":"2024-01-22T20:00:17","guid":{"rendered":"https:\/\/letsgofitness.cl\/?post_type=product&#038;p=8496"},"modified":"2026-04-10T11:10:11","modified_gmt":"2026-04-10T14:10:11","slug":"bicicleta-de-spining-ride-pro-980","status":"publish","type":"product","link":"https:\/\/letsgofitness.cl\/index.php\/producto\/bicicleta-de-spining-ride-pro-980\/","title":{"rendered":"BICICLETA DE SPINING RIDE PRO 980"},"content":{"rendered":"<p><strong>SPINING RIDE PRO 980<\/strong>, Esta bicicleta de spinning combina un dise\u00f1o elegante con caracter\u00edsticas innovadoras para ofrecerte sesiones de ejercicio intensas y efectivas. Este dispositivo de \u00e9lite redefine las expectativas, dise\u00f1ado con esmero para satisfacer las demandas m\u00e1s altas de gimnasios de \u00e9lite y amantes del fitness. Prep\u00e1rate para experimentar un entrenamiento inigualable gracias a sus caracter\u00edsticas innovadoras y rendimiento excepcional.\u00a0Con la Spinning Bike Ride Pro 980, puedes llevar tu entrenamiento a un nuevo nivel. \u00a1Haz de cada sesi\u00f3n un paso hacia una mejor salud y forma f\u00edsica!<\/p>\n<p><strong>CARACTER\u00cdSTICAS<\/strong><\/p>\n<ul>\n<li><strong>Marco de ajuste:<\/strong> Los marcos de ajuste del asiento y la manija est\u00e1n hechos de aleaci\u00f3n de aluminio<\/li>\n<li><strong>M\u00e9todo de frenado:<\/strong> Sistema de frenado de emergencia de empuje hacia abajo<\/li>\n<li><strong>Pedal:<\/strong> Pedal comercial de tres piezas y pesado tratado t\u00e9rmicamente. Manivela de servicio y pedales de aleaci\u00f3n de aluminio de alta resistencia.<\/li>\n<li><strong>Ajuste:<\/strong> las manijas y los cojines del asiento se pueden ajustar hacia arriba y hacia abajo, delante y detr\u00e1s.<\/li>\n<li><strong>Posee:<\/strong> 9 programas de entrenamiento personalizables.<\/li>\n<li><span><strong>Sistema de resistencia:<\/strong> velocidad continua de resistencia controlada magn\u00e9ticamente.<\/span><\/li>\n<li><strong>Sistema de Resistencia<\/strong>: Magn\u00e9tico.<\/li>\n<li><strong>Material del volante:<\/strong> volante de inercia s\u00f3lido de alta precisi\u00f3n de 19,5 kg,<\/li>\n<li><strong>Peso m\u00e1ximo usuario:<\/strong> 150 Kg.<\/li>\n<li><strong>Pantalla interactiva:<\/strong> Si.<\/li>\n<li><strong>Material disco de inercia:<\/strong> Aluminio.<\/li>\n<li><strong>Peso:<\/strong> 68 kg<\/li>\n<li><strong>Peso del empaque:<\/strong> 88 Kg.<\/li>\n<li><strong>Dimensiones del empaque:<\/strong> 119 \u00d7 33 \u00d7 93 cm.<\/li>\n<\/ul>\n","protected":false},"excerpt":{"rendered":"<p>SPINING RIDE PRO 980, Esta bicicleta de spinning combina un dise\u00f1o elegante con caracter\u00edsticas innovadoras para ofrecerte sesiones de ejercicio intensas y efectivas. Este dispositivo de<span class=\"excerpt-hellip\"> [\u2026]<\/span><\/p>\n","protected":false},"featured_media":8508,"template":"","meta":{"_joinchat":[]},"product_brand":[],"product_cat":[135,122,32,56],"product_tag":[],"class_list":{"0":"post-8496","1":"product","2":"type-product","3":"status-publish","4":"has-post-thumbnail","6":"product_cat-oferta","7":"product_cat-stock","8":"product_cat-profesional","9":"product_cat-profesional-cardio-spinning","11":"first","12":"outofstock","13":"sale","14":"shipping-taxable","15":"purchasable","16":"product-type-simple"},"_links":{"self":[{"href":"https:\/\/letsgofitness.cl\/index.php\/wp-json\/wp\/v2\/product\/8496","targetHints":{"allow":["GET"]}}],"collection":[{"href":"https:\/\/letsgofitness.cl\/index.php\/wp-json\/wp\/v2\/product"}],"about":[{"href":"https:\/\/letsgofitness.cl\/index.php\/wp-json\/wp\/v2\/types\/product"}],"wp:featuredmedia":[{"embeddable":true,"href":"https:\/\/letsgofitness.cl\/index.php\/wp-json\/wp\/v2\/media\/8508"}],"wp:attachment":[{"href":"https:\/\/letsgofitness.cl\/index.php\/wp-json\/wp\/v2\/media?parent=8496"}],"wp:term":[{"taxonomy":"product_brand","embeddable":true,"href":"https:\/\/letsgofitness.cl\/index.php\/wp-json\/wp\/v2\/product_brand?post=8496"},{"taxonomy":"product_cat","embeddable":true,"href":"https:\/\/letsgofitness.cl\/index.php\/wp-json\/wp\/v2\/product_cat?post=8496"},{"taxonomy":"product_tag","embeddable":true,"href":"https:\/\/letsgofitness.cl\/index.php\/wp-json\/wp\/v2\/product_tag?post=8496"}],"curies":[{"name":"wp","href":"https:\/\/api.w.org\/{rel}","templated":true}]}}