{"id":8287,"date":"2023-12-19T17:42:06","date_gmt":"2023-12-19T20:42:06","guid":{"rendered":"https:\/\/letsgofitness.cl\/?post_type=product&#038;p=8287"},"modified":"2026-04-10T11:10:11","modified_gmt":"2026-04-10T14:10:11","slug":"preventa-set-discos-bumpers-boss-elite-5-25-kg","status":"publish","type":"product","link":"https:\/\/letsgofitness.cl\/index.php\/producto\/preventa-set-discos-bumpers-boss-elite-5-25-kg\/","title":{"rendered":"SET DISCOS BUMPERS BOSS ELITE  5 &#8211; 25 KG"},"content":{"rendered":"<h4 class=\"title\"><strong class=\"type\">CARACTERISTICAS T\u00c9CNICAS:<\/strong><\/h4>\n<div><\/div>\n<div id=\"short_description_content\" class=\"value\">\n<p><strong>SET DISCOS BUMPERS BOSS ELITE,<\/strong> formato ELITE de menor ancho que otros discos de <strong>RUBBER<\/strong>, borde m\u00e1s delgado en la zona exterior del disco, le dan al dise\u00f1o un car\u00e1cter m\u00e1s estilizado, moderno y compacto.<\/p>\n<ul>\n<li><span class=\"OYPEnA text-decoration-none text-strikethrough-none\">N\u00facleo de<strong> ACERO MACIZO<\/strong>\u00a0<strong>CROMADO DE ALTA CALIDAD<\/strong><\/span>, para mejorar su estabilidad y permitir que los grosores de cada disco sean inferiores, al entregar una mayor densidad en el centro del disco.<\/li>\n<li><strong><span class=\"OYPEnA text-decoration-none text-strikethrough-none\">SET INCLUYE PAR DE:<\/span> <span class=\"OYPEnA text-decoration-none text-strikethrough-none\">5 &#8211; 10 &#8211; 15 &#8211; 20 &#8211; 25 (150 KG)<\/span><\/strong><\/li>\n<li><strong><span class=\"OYPEnA text-decoration-none text-strikethrough-none\">MATERIAL: RUBBER<\/span> <\/strong><\/li>\n<\/ul>\n<\/div>\n","protected":false},"excerpt":{"rendered":"<h3><strong><span class=\"OYPEnA text-decoration-none text-strikethrough-none\">STOCK DISPONIBLE\u00a0<\/span><\/strong><\/h3>\n","protected":false},"featured_media":8288,"template":"","meta":{"_joinchat":[]},"product_brand":[],"product_cat":[106,114,135,115,122],"product_tag":[],"class_list":{"0":"post-8287","1":"product","2":"type-product","3":"status-publish","4":"has-post-thumbnail","6":"product_cat-accesorios","7":"product_cat-discos","8":"product_cat-oferta","9":"product_cat-olimpicos","10":"product_cat-stock","12":"first","13":"outofstock","14":"sale","15":"shipping-taxable","16":"purchasable","17":"product-type-simple"},"_links":{"self":[{"href":"https:\/\/letsgofitness.cl\/index.php\/wp-json\/wp\/v2\/product\/8287","targetHints":{"allow":["GET"]}}],"collection":[{"href":"https:\/\/letsgofitness.cl\/index.php\/wp-json\/wp\/v2\/product"}],"about":[{"href":"https:\/\/letsgofitness.cl\/index.php\/wp-json\/wp\/v2\/types\/product"}],"wp:featuredmedia":[{"embeddable":true,"href":"https:\/\/letsgofitness.cl\/index.php\/wp-json\/wp\/v2\/media\/8288"}],"wp:attachment":[{"href":"https:\/\/letsgofitness.cl\/index.php\/wp-json\/wp\/v2\/media?parent=8287"}],"wp:term":[{"taxonomy":"product_brand","embeddable":true,"href":"https:\/\/letsgofitness.cl\/index.php\/wp-json\/wp\/v2\/product_brand?post=8287"},{"taxonomy":"product_cat","embeddable":true,"href":"https:\/\/letsgofitness.cl\/index.php\/wp-json\/wp\/v2\/product_cat?post=8287"},{"taxonomy":"product_tag","embeddable":true,"href":"https:\/\/letsgofitness.cl\/index.php\/wp-json\/wp\/v2\/product_tag?post=8287"}],"curies":[{"name":"wp","href":"https:\/\/api.w.org\/{rel}","templated":true}]}}