{"id":8263,"date":"2023-12-12T18:07:05","date_gmt":"2023-12-12T21:07:05","guid":{"rendered":"https:\/\/letsgofitness.cl\/?post_type=product&#038;p=8263"},"modified":"2026-04-24T11:05:08","modified_gmt":"2026-04-24T14:05:08","slug":"preventa-prensa-45-strength","status":"publish","type":"product","link":"https:\/\/letsgofitness.cl\/index.php\/producto\/preventa-prensa-45-strength\/","title":{"rendered":"PREVENTA PRENSA 45\u00b0 STRENGTH ST1"},"content":{"rendered":"<p>&nbsp;<\/p>\n<p><strong>ESPECIFICACIONES:\u00a0<\/strong><\/p>\n<p>\u2013 Estructura de acero de alta resistencia.<\/p>\n<p>\u2013 Acabado con recubrimiento en polvo electrost\u00e1tico de dos capas.<\/p>\n<p>\u2013 Empu\u00f1aduras ergon\u00f3micas de goma.<\/p>\n<p>\u2013 Plataforma antideslizante con un \u00e1ngulo doble para enfocar el trabajo en cu\u00e1driceps o isquiotibiales, seg\u00fan se desee.<\/p>\n<p>\u2013 Sistema de rodillos con rodamientos lineales reforzados, ideal para entrenamientos pesados, garantizando una alta durabilidad y un rendimiento excelente.<\/p>\n<p>\u2013 Ideal para fortalecer los cu\u00e1driceps, los isquiotibiales y los gl\u00fateos.<\/p>\n<p>\u2013 Dise\u00f1o angulado que reduce la tensi\u00f3n en las articulaciones de la parte baja de la espalda y las rodillas.<\/p>\n<p><strong>CARACTERISTICAS TECNICAS:\u00a0<\/strong><\/p>\n<ul>\n<li><strong>Dimensi\u00f3n:<\/strong> 208 x 164,5 x 134 CM<\/li>\n<li><strong>Peso:<\/strong> 224 Kg<\/li>\n<li><strong>Capacidad de carga<\/strong>: 300kg<\/li>\n<\/ul>\n","protected":false},"excerpt":{"rendered":"<h4><b>STOCK DISPONIBLE <\/b><\/h4>\n","protected":false},"featured_media":8264,"template":"","meta":{"_joinchat":[]},"product_brand":[],"product_cat":[130,219,276,135,121,122],"product_tag":[],"class_list":{"0":"post-8263","1":"product","2":"type-product","3":"status-publish","4":"has-post-thumbnail","6":"product_cat-boss-strength","7":"product_cat-leg-press-45","8":"product_cat-oferta-pago-contado","9":"product_cat-oferta","10":"product_cat-proximamente-en-stock","11":"product_cat-stock","13":"first","14":"outofstock","15":"sale","16":"shipping-taxable","17":"purchasable","18":"product-type-simple"},"_links":{"self":[{"href":"https:\/\/letsgofitness.cl\/index.php\/wp-json\/wp\/v2\/product\/8263","targetHints":{"allow":["GET"]}}],"collection":[{"href":"https:\/\/letsgofitness.cl\/index.php\/wp-json\/wp\/v2\/product"}],"about":[{"href":"https:\/\/letsgofitness.cl\/index.php\/wp-json\/wp\/v2\/types\/product"}],"wp:featuredmedia":[{"embeddable":true,"href":"https:\/\/letsgofitness.cl\/index.php\/wp-json\/wp\/v2\/media\/8264"}],"wp:attachment":[{"href":"https:\/\/letsgofitness.cl\/index.php\/wp-json\/wp\/v2\/media?parent=8263"}],"wp:term":[{"taxonomy":"product_brand","embeddable":true,"href":"https:\/\/letsgofitness.cl\/index.php\/wp-json\/wp\/v2\/product_brand?post=8263"},{"taxonomy":"product_cat","embeddable":true,"href":"https:\/\/letsgofitness.cl\/index.php\/wp-json\/wp\/v2\/product_cat?post=8263"},{"taxonomy":"product_tag","embeddable":true,"href":"https:\/\/letsgofitness.cl\/index.php\/wp-json\/wp\/v2\/product_tag?post=8263"}],"curies":[{"name":"wp","href":"https:\/\/api.w.org\/{rel}","templated":true}]}}