{"id":8257,"date":"2023-12-12T17:55:03","date_gmt":"2023-12-12T20:55:03","guid":{"rendered":"https:\/\/letsgofitness.cl\/?post_type=product&#038;p=8257"},"modified":"2026-04-10T11:13:02","modified_gmt":"2026-04-10T14:13:02","slug":"preventa-pulldown-strength","status":"publish","type":"product","link":"https:\/\/letsgofitness.cl\/index.php\/producto\/preventa-pulldown-strength\/","title":{"rendered":"PULLDOWN STRENGTH ST"},"content":{"rendered":"<div class=\"w-full md:w-1\/2 px-1\">\n<h3>Pulldown<\/h3>\n<div class=\"description\">\n<ul>\n<li>Cables de acero de alta resistencia.<\/li>\n<li>Trayectoria de movimiento perfecta para el ejercicio de espalda<\/li>\n<li>Manillas de agarre engomadas con excelentes terminaciones<\/li>\n<li>Regulaci\u00f3n de asiento neum\u00e1tico, seg\u00fan la comodidad del usuario<\/li>\n<li>Rodillos y asiento de espuma de poliuretano con alta elasticidad, recubiertos con cuero de microfibra para una gran comodidad<\/li>\n<\/ul>\n<\/div>\n<h3>FICHA T\u00c9CNICA<\/h3>\n<ul>\n<li><span class=\"key\">Dimensiones :<\/span><span class=\"value\">Largo: 1980 mm. Ancho: 1640mm. Alto: 1500mm<\/span><\/li>\n<\/ul>\n<p>Ejercicio \u00fanico multi-articular para tren superior<\/p>\n<ul>\n<li>\u00c1ngulos \u00f3ptimos de las articulaciones<\/li>\n<li>Trayectoria del brazo desde ancho a estrecho<\/li>\n<li>Tiradores libres<\/li>\n<li>Plano de movimiento escapular<\/li>\n<li>Ajuste de la altura del asiento<\/li>\n<\/ul>\n<h4>Musculatura implicada principal<\/h4>\n<ul>\n<li>Dorsal ancho<\/li>\n<li>Trapecio<\/li>\n<li>Romboideo menor<\/li>\n<li>Romboideo mayor<\/li>\n<li>B\u00edceps braquial<\/li>\n<li>Redondo mayor<\/li>\n<li>Pectoral menor<\/li>\n<\/ul>\n<\/div>\n<div class=\"w-full md:w-1\/2 px-1\"><a href=\"https:\/\/davidhealth.com\/es\/wp-content\/uploads\/sites\/2\/2021\/05\/muscle_man_G510-Kopie-01-300x402-1.png\" target=\"_blank\" rel=\"noopener\"><img decoding=\"async\" src=\"https:\/\/davidhealth.com\/es\/wp-content\/uploads\/sites\/2\/2021\/05\/muscle_man_G510-Kopie-01-300x402-1.png\" alt=\"muscle_man_G510-Kopie-01-300\u00d7402\" \/><\/a><\/div>\n","protected":false},"excerpt":{"rendered":"<p>Pulldown Cables de acero de alta resistencia. Trayectoria de movimiento perfecta para el ejercicio de espalda Manillas de agarre engomadas con excelentes terminaciones Regulaci\u00f3n de asiento<span class=\"excerpt-hellip\"> [\u2026]<\/span><\/p>\n","protected":false},"featured_media":8258,"template":"","meta":{"_joinchat":[]},"product_brand":[],"product_cat":[130,135,122,32],"product_tag":[],"class_list":{"0":"post-8257","1":"product","2":"type-product","3":"status-publish","4":"has-post-thumbnail","6":"product_cat-boss-strength","7":"product_cat-oferta","8":"product_cat-stock","9":"product_cat-profesional","11":"first","12":"instock","13":"sale","14":"shipping-taxable","15":"purchasable","16":"product-type-simple"},"_links":{"self":[{"href":"https:\/\/letsgofitness.cl\/index.php\/wp-json\/wp\/v2\/product\/8257","targetHints":{"allow":["GET"]}}],"collection":[{"href":"https:\/\/letsgofitness.cl\/index.php\/wp-json\/wp\/v2\/product"}],"about":[{"href":"https:\/\/letsgofitness.cl\/index.php\/wp-json\/wp\/v2\/types\/product"}],"wp:featuredmedia":[{"embeddable":true,"href":"https:\/\/letsgofitness.cl\/index.php\/wp-json\/wp\/v2\/media\/8258"}],"wp:attachment":[{"href":"https:\/\/letsgofitness.cl\/index.php\/wp-json\/wp\/v2\/media?parent=8257"}],"wp:term":[{"taxonomy":"product_brand","embeddable":true,"href":"https:\/\/letsgofitness.cl\/index.php\/wp-json\/wp\/v2\/product_brand?post=8257"},{"taxonomy":"product_cat","embeddable":true,"href":"https:\/\/letsgofitness.cl\/index.php\/wp-json\/wp\/v2\/product_cat?post=8257"},{"taxonomy":"product_tag","embeddable":true,"href":"https:\/\/letsgofitness.cl\/index.php\/wp-json\/wp\/v2\/product_tag?post=8257"}],"curies":[{"name":"wp","href":"https:\/\/api.w.org\/{rel}","templated":true}]}}