{"id":8196,"date":"2023-12-15T13:06:31","date_gmt":"2023-12-15T16:06:31","guid":{"rendered":"https:\/\/letsgofitness.cl\/?post_type=product&#038;p=8196"},"modified":"2026-04-10T11:08:55","modified_gmt":"2026-04-10T14:08:55","slug":"impulse-dual-ajustable-pulley","status":"publish","type":"product","link":"https:\/\/letsgofitness.cl\/index.php\/producto\/impulse-dual-ajustable-pulley\/","title":{"rendered":"IMPULSE DUAL AJUSTABLE PULLEY"},"content":{"rendered":"<p><em><strong>\u00a0 \u00a0CARACTERISTICAS<\/strong><\/em><\/p>\n<p>La m\u00e1quina tiene una base ancha, lo que significa que se apoya de forma estable sobre pies de goma que tambi\u00e9n se pueden ajustar en altura para compensar cualquier desnivel en el suelo.<\/p>\n<p>El marco est\u00e1 hecho de acero de 3 mm que est\u00e1 recubierto de polvo en varias etapas para poder resistir la oxidaci\u00f3n.<\/p>\n<p>La polea se ajusta f\u00e1cilmente desde su posici\u00f3n m\u00e1s baja hasta la parte superior con una sola mano. La polea se coloca a cualquier altura en el poste, que es de 1785 mm, y aqu\u00ed puede elegir el \u00e1ngulo de entrenamiento deseado de 1 a 36 grados.<\/p>\n<p>Las pilas de pesas son de 2 x 90 kg, el peso m\u00e1ximo es de solo 2,5 kg, lo que significa que tambi\u00e9n puedes entrenar con pesas ligeras. El paquete de pesas consta de placas de acero macizo de 19 mm.<\/p>\n<p>En el dintel hay varias pinzas de dominadas diferentes y en la base de la m\u00e1quina hay un escal\u00f3n que facilita la subida al dintel.<\/p>\n<p>Apto para gimnasios profesionales.<\/p>\n<p>&nbsp;<\/p>\n<h6><strong><em>\u00a0 \u00a0ESPECIFICACIONES T\u00c9CNICAS<\/em><\/strong><\/h6>\n<ul>\n<li>Dimensi\u00f3n: 159 x 128 x 229 CM.<\/li>\n<li>Peso: 165 KG.<\/li>\n<li>Peso m\u00e1ximo del usuario: 150 KG.<\/li>\n<\/ul>\n","protected":false},"excerpt":{"rendered":"<p>\u00a0 \u00a0CARACTERISTICAS La m\u00e1quina tiene una base ancha, lo que significa que se apoya de forma estable sobre pies de goma que tambi\u00e9n se pueden ajustar<span class=\"excerpt-hellip\"> [\u2026]<\/span><\/p>\n","protected":false},"featured_media":8200,"template":"","meta":{"_joinchat":[]},"product_brand":[],"product_cat":[211,135,89,122,32,50],"product_tag":[],"class_list":{"0":"post-8196","1":"product","2":"type-product","3":"status-publish","4":"has-post-thumbnail","6":"product_cat-impulse","7":"product_cat-oferta","8":"product_cat-semiprofesional-peso-integrado","9":"product_cat-stock","10":"product_cat-profesional","11":"product_cat-funcional-profesional","13":"first","14":"outofstock","15":"sale","16":"shipping-taxable","17":"purchasable","18":"product-type-simple"},"_links":{"self":[{"href":"https:\/\/letsgofitness.cl\/index.php\/wp-json\/wp\/v2\/product\/8196","targetHints":{"allow":["GET"]}}],"collection":[{"href":"https:\/\/letsgofitness.cl\/index.php\/wp-json\/wp\/v2\/product"}],"about":[{"href":"https:\/\/letsgofitness.cl\/index.php\/wp-json\/wp\/v2\/types\/product"}],"wp:featuredmedia":[{"embeddable":true,"href":"https:\/\/letsgofitness.cl\/index.php\/wp-json\/wp\/v2\/media\/8200"}],"wp:attachment":[{"href":"https:\/\/letsgofitness.cl\/index.php\/wp-json\/wp\/v2\/media?parent=8196"}],"wp:term":[{"taxonomy":"product_brand","embeddable":true,"href":"https:\/\/letsgofitness.cl\/index.php\/wp-json\/wp\/v2\/product_brand?post=8196"},{"taxonomy":"product_cat","embeddable":true,"href":"https:\/\/letsgofitness.cl\/index.php\/wp-json\/wp\/v2\/product_cat?post=8196"},{"taxonomy":"product_tag","embeddable":true,"href":"https:\/\/letsgofitness.cl\/index.php\/wp-json\/wp\/v2\/product_tag?post=8196"}],"curies":[{"name":"wp","href":"https:\/\/api.w.org\/{rel}","templated":true}]}}