{"id":8011,"date":"2023-11-14T16:36:24","date_gmt":"2023-11-14T19:36:24","guid":{"rendered":"https:\/\/letsgofitness.cl\/?post_type=product&#038;p=8011"},"modified":"2026-04-21T10:06:32","modified_gmt":"2026-04-21T13:06:32","slug":"impulse-recumbent-bike-profesional","status":"publish","type":"product","link":"https:\/\/letsgofitness.cl\/index.php\/producto\/impulse-recumbent-bike-profesional\/","title":{"rendered":"IMPULSE RECUMBENT BIKE PROFESIONAL"},"content":{"rendered":"<p>Descripci\u00f3n<\/p>\n<p>Bicicleta de USO COMERCIAL<\/p>\n<p>Los agarres laterales tienen integrado el sensor de frecuencia y el control de resistencia, lo que permite el m\u00e1ximo control.<\/p>\n<p>El asiento y respaldo acojinados est\u00e1n dise\u00f1ados de tal manera que el usuario estar\u00e1 c\u00f3modo en todo momento.<\/p>\n<p>Los pedales tienen una superficie grande para mayor comodidad y soporte, as\u00ed como correa pl\u00e1stica de ajuste.<\/p>\n<p>Trabaja con generador propio, por lo que no requiere corriente el\u00e9ctrica, es ultra silenciosa y tiene componentes de gran calidad.<\/p>\n<p>Ficha t\u00e9cnica<br \/>\nModelo: RR700<br \/>\nDisplays de la consola: 7 ventanas + matriz de puntos<br \/>\nPrograma instant\u00e1neo: S\u00ed<br \/>\nTeclado num\u00e9rico: S\u00ed<br \/>\nEntrenamientos: 11<br \/>\nLecturas de la pantalla: 7<br \/>\nSistema m\u00e9trico\/ingl\u00e9s: S\u00ed<br \/>\nMedici\u00f3n del pulso &#8211; contacto y telemetr\u00eda Polar<br \/>\nManillares: 3 posiciones de montar, con frecuencia card\u00edaca de contacto en los dedos<br \/>\nMarco: Capa interna resistente a la corrosi\u00f3n<br \/>\nNiveles de resistencia 20<br \/>\nFreno: Freno h\u00edbrido auto alimentado<br \/>\nPoder de resistencia de freno: 450W<br \/>\nManivela: de gran tama\u00f1o<br \/>\nPedales de gran tama\u00f1o, pedales de doble cara con correas integradas<br \/>\nRuedas de Transporte Integradas S\u00ed<br \/>\nPortavasos S\u00ed<br \/>\nDimensi\u00f3n: 1650mm * 650mm * 1370mm<br \/>\nPeso m\u00e1ximo de usuario 160 kg<br \/>\nPeso 83kg<\/p>\n","protected":false},"excerpt":{"rendered":"<p>Descripci\u00f3n Bicicleta de USO COMERCIAL Los agarres laterales tienen integrado el sensor de frecuencia y el control de resistencia, lo que permite el m\u00e1ximo control. El<span class=\"excerpt-hellip\"> [\u2026]<\/span><\/p>\n","protected":false},"featured_media":8007,"template":"","meta":{"_joinchat":[]},"product_brand":[],"product_cat":[211,122,32,46,54],"product_tag":[],"class_list":{"0":"post-8011","1":"product","2":"type-product","3":"status-publish","4":"has-post-thumbnail","6":"product_cat-impulse","7":"product_cat-stock","8":"product_cat-profesional","9":"product_cat-cardio-profesional","10":"product_cat-profesional-cardio-biciletas-estaticas","12":"first","13":"instock","14":"sale","15":"shipping-taxable","16":"purchasable","17":"product-type-simple"},"_links":{"self":[{"href":"https:\/\/letsgofitness.cl\/index.php\/wp-json\/wp\/v2\/product\/8011","targetHints":{"allow":["GET"]}}],"collection":[{"href":"https:\/\/letsgofitness.cl\/index.php\/wp-json\/wp\/v2\/product"}],"about":[{"href":"https:\/\/letsgofitness.cl\/index.php\/wp-json\/wp\/v2\/types\/product"}],"wp:featuredmedia":[{"embeddable":true,"href":"https:\/\/letsgofitness.cl\/index.php\/wp-json\/wp\/v2\/media\/8007"}],"wp:attachment":[{"href":"https:\/\/letsgofitness.cl\/index.php\/wp-json\/wp\/v2\/media?parent=8011"}],"wp:term":[{"taxonomy":"product_brand","embeddable":true,"href":"https:\/\/letsgofitness.cl\/index.php\/wp-json\/wp\/v2\/product_brand?post=8011"},{"taxonomy":"product_cat","embeddable":true,"href":"https:\/\/letsgofitness.cl\/index.php\/wp-json\/wp\/v2\/product_cat?post=8011"},{"taxonomy":"product_tag","embeddable":true,"href":"https:\/\/letsgofitness.cl\/index.php\/wp-json\/wp\/v2\/product_tag?post=8011"}],"curies":[{"name":"wp","href":"https:\/\/api.w.org\/{rel}","templated":true}]}}