{"id":8004,"date":"2023-11-14T15:54:25","date_gmt":"2023-11-14T18:54:25","guid":{"rendered":"https:\/\/letsgofitness.cl\/?post_type=product&#038;p=8004"},"modified":"2026-04-10T11:16:39","modified_gmt":"2026-04-10T14:16:39","slug":"glute-drive-pro-realleader-usa","status":"publish","type":"product","link":"https:\/\/letsgofitness.cl\/index.php\/producto\/glute-drive-pro-realleader-usa\/","title":{"rendered":"GLUTE DRIVE PRO REALLEADER USA"},"content":{"rendered":"<p>Serie PRO Realleader, adopta un dise\u00f1o ergon\u00f3mico perfecto y utiliza los mejores arcos y \u00e1ngulos dise\u00f1ados para la fisiolog\u00eda del ejercicio humano.<\/p>\n<p>Construido a partir de 3*40*80 mm secci\u00f3n de tubo de acero, es fuerte, resistente y robusto.<\/p>\n<h5>\u00a0ESPECIFICACIONES T\u00c9CNICAS:<\/h5>\n<ul>\n<li>2 capas de pintura y horneado.<\/li>\n<li>\n<div class=\"bac-item-label fl\">Material: Aluminio.<\/div>\n<\/li>\n<li>Dimensiones: 202,2 x 154,3\u00a0 x 110,1 cm<\/li>\n<\/ul>\n","protected":false},"excerpt":{"rendered":"<p>COLOR DISPONIBLE: ESTRUCTURA NEGRO \/TAPIZ NEGRO<\/p>\n","protected":false},"featured_media":8005,"template":"","meta":{"_joinchat":[]},"product_brand":[],"product_cat":[135,122,32,47],"product_tag":[],"class_list":{"0":"post-8004","1":"product","2":"type-product","3":"status-publish","4":"has-post-thumbnail","6":"product_cat-oferta","7":"product_cat-stock","8":"product_cat-profesional","9":"product_cat-peso-libre-profesional","11":"first","12":"outofstock","13":"sale","14":"shipping-taxable","15":"purchasable","16":"product-type-simple"},"_links":{"self":[{"href":"https:\/\/letsgofitness.cl\/index.php\/wp-json\/wp\/v2\/product\/8004","targetHints":{"allow":["GET"]}}],"collection":[{"href":"https:\/\/letsgofitness.cl\/index.php\/wp-json\/wp\/v2\/product"}],"about":[{"href":"https:\/\/letsgofitness.cl\/index.php\/wp-json\/wp\/v2\/types\/product"}],"wp:featuredmedia":[{"embeddable":true,"href":"https:\/\/letsgofitness.cl\/index.php\/wp-json\/wp\/v2\/media\/8005"}],"wp:attachment":[{"href":"https:\/\/letsgofitness.cl\/index.php\/wp-json\/wp\/v2\/media?parent=8004"}],"wp:term":[{"taxonomy":"product_brand","embeddable":true,"href":"https:\/\/letsgofitness.cl\/index.php\/wp-json\/wp\/v2\/product_brand?post=8004"},{"taxonomy":"product_cat","embeddable":true,"href":"https:\/\/letsgofitness.cl\/index.php\/wp-json\/wp\/v2\/product_cat?post=8004"},{"taxonomy":"product_tag","embeddable":true,"href":"https:\/\/letsgofitness.cl\/index.php\/wp-json\/wp\/v2\/product_tag?post=8004"}],"curies":[{"name":"wp","href":"https:\/\/api.w.org\/{rel}","templated":true}]}}