{"id":7970,"date":"2023-11-13T15:18:38","date_gmt":"2023-11-13T18:18:38","guid":{"rendered":"https:\/\/letsgofitness.cl\/?post_type=product&#038;p=7970"},"modified":"2026-05-05T11:22:08","modified_gmt":"2026-05-05T14:22:08","slug":"hack-squat-profesional","status":"publish","type":"product","link":"https:\/\/letsgofitness.cl\/index.php\/producto\/hack-squat-profesional\/","title":{"rendered":"HACK SQUAT PROFESIONAL X-FIT"},"content":{"rendered":"<p>Olv\u00eddate de quedarte estancado y prep\u00e1rate para una experiencia de entrenamiento que desaf\u00eda tus l\u00edmites en cada repetici\u00f3n.<\/p>\n<p>Equipada con cuatro soportes de carga de discos nuestra Hack Squat Profesional X-FIT te ofrece la libertad de ajustar y superar tus l\u00edmites con cada movimiento.<\/p>\n<p>Esta m\u00e1quina no solo es un equipo de gimnasio, \u00a1es tu socio de batalla en el camino hacia la grandeza! Domina tus levantamientos, impulsa tu fuerza y deja que la innovaci\u00f3n te lleve a lugares que ni siquiera sab\u00edas que exist\u00edan. No te conformes con lo convencional, elige la m\u00e1quina que te asegura que tu camino siempre estar\u00e1 lleno de desaf\u00edos emocionantes y victorias explosivas. \u00a1\u00danete a la revoluci\u00f3n y haz que cada repetici\u00f3n cuente!<\/p>\n<h5>ESPECIFICACIONES T\u00c9CNICAS:<\/h5>\n<ul>\n<li><span class=\"OYPEnA text-decoration-none text-strikethrough-none\">4 SOPORTES<\/span> <span class=\"OYPEnA text-decoration-none text-strikethrough-none\">PARA CARGA DE DISCOS OLIMPICOS<\/span><\/li>\n<li><span class=\"OYPEnA text-decoration-none text-strikethrough-none\">2 SOPORTES PARA ALMACENAR DISCOS OLIMPICOS<\/span><\/li>\n<li><span class=\"OYPEnA text-decoration-none text-strikethrough-none\">PLATAFORMA 4 NIVELES DE AJUSTE<\/span><\/li>\n<li><span class=\"OYPEnA text-decoration-none text-strikethrough-none\">TERMINACIONES DE ALUMINIO<\/span><\/li>\n<li><span class=\"OYPEnA text-decoration-none text-strikethrough-none\">TAPIZADO DE ALTA CALIDAD<\/span><\/li>\n<li>CARGA M\u00c1X: 450 KG<\/li>\n<\/ul>\n","protected":false},"excerpt":{"rendered":"<p>Olv\u00eddate de quedarte estancado y prep\u00e1rate para una experiencia de entrenamiento que desaf\u00eda tus l\u00edmites en cada repetici\u00f3n. Equipada con cuatro soportes de carga de discos<span class=\"excerpt-hellip\"> [\u2026]<\/span><\/p>\n","protected":false},"featured_media":8503,"template":"","meta":{"_joinchat":[]},"product_brand":[],"product_cat":[212,135,122,32,47],"product_tag":[],"class_list":{"0":"post-7970","1":"product","2":"type-product","3":"status-publish","4":"has-post-thumbnail","6":"product_cat-hack","7":"product_cat-oferta","8":"product_cat-stock","9":"product_cat-profesional","10":"product_cat-peso-libre-profesional","12":"first","13":"instock","14":"sale","15":"shipping-taxable","16":"purchasable","17":"product-type-simple"},"_links":{"self":[{"href":"https:\/\/letsgofitness.cl\/index.php\/wp-json\/wp\/v2\/product\/7970","targetHints":{"allow":["GET"]}}],"collection":[{"href":"https:\/\/letsgofitness.cl\/index.php\/wp-json\/wp\/v2\/product"}],"about":[{"href":"https:\/\/letsgofitness.cl\/index.php\/wp-json\/wp\/v2\/types\/product"}],"wp:featuredmedia":[{"embeddable":true,"href":"https:\/\/letsgofitness.cl\/index.php\/wp-json\/wp\/v2\/media\/8503"}],"wp:attachment":[{"href":"https:\/\/letsgofitness.cl\/index.php\/wp-json\/wp\/v2\/media?parent=7970"}],"wp:term":[{"taxonomy":"product_brand","embeddable":true,"href":"https:\/\/letsgofitness.cl\/index.php\/wp-json\/wp\/v2\/product_brand?post=7970"},{"taxonomy":"product_cat","embeddable":true,"href":"https:\/\/letsgofitness.cl\/index.php\/wp-json\/wp\/v2\/product_cat?post=7970"},{"taxonomy":"product_tag","embeddable":true,"href":"https:\/\/letsgofitness.cl\/index.php\/wp-json\/wp\/v2\/product_tag?post=7970"}],"curies":[{"name":"wp","href":"https:\/\/api.w.org\/{rel}","templated":true}]}}