{"id":7856,"date":"2023-11-02T12:04:39","date_gmt":"2023-11-02T15:04:39","guid":{"rendered":"https:\/\/letsgofitness.cl\/?post_type=product&#038;p=7856"},"modified":"2026-04-10T11:16:39","modified_gmt":"2026-04-10T14:16:39","slug":"impulse-seated-row","status":"publish","type":"product","link":"https:\/\/letsgofitness.cl\/index.php\/producto\/impulse-seated-row\/","title":{"rendered":"IMPULSE Seated Row"},"content":{"rendered":"<p>Mango largo para satisfacer las necesidades de capacitaci\u00f3n de diferentes grupos.<\/p>\n<p>La funci\u00f3n de ajuste r\u00e1pido del coj\u00edn puede satisfacer las necesidades de diferentes personas.<\/p>\n<p>Con cubierta protectora de tubo de barra de pl\u00e1stico de ingenier\u00eda de alta resistencia.<\/p>\n<p>Equipado con pedales de paso y pedales de entrenamiento, es m\u00e1s f\u00e1cil para las personas subir y bajar de la m\u00e1quina, y m\u00e1s f\u00e1cil ejercer fuerza y ??fijar el cuerpo durante el entrenamiento.<\/p>\n<p>Con mecanismo limitador para garantizar la seguridad del entrenador.<\/p>\n<p>Peso m\u00e1ximo del usuario 150 kilos<br \/>\nRango de altura aplicable 155cm-195cm<br \/>\nResistencia Placa cargada<br \/>\nFunci\u00f3n Monofuncional<br \/>\nCarga m\u00e1xima 100kg*2<br \/>\nDimensi\u00f3n del producto 1470*1020*1340mm<br \/>\nPeso neto 77,5 kilos<br \/>\nPeso bruto 85,5 kilos<br \/>\nNumero de paquetes 1<br \/>\nFormulario empaquetado Caja de cart\u00f3n<br \/>\nTama\u00f1o y peso del paquete 1345*975*360<\/p>\n","protected":false},"excerpt":{"rendered":"<p>Mango largo para satisfacer las necesidades de capacitaci\u00f3n de diferentes grupos. La funci\u00f3n de ajuste r\u00e1pido del coj\u00edn puede satisfacer las necesidades de diferentes personas. Con<span class=\"excerpt-hellip\"> [\u2026]<\/span><\/p>\n","protected":false},"featured_media":7857,"template":"","meta":{"_joinchat":[]},"product_brand":[],"product_cat":[211,32],"product_tag":[],"class_list":{"0":"post-7856","1":"product","2":"type-product","3":"status-publish","4":"has-post-thumbnail","6":"product_cat-impulse","7":"product_cat-profesional","9":"first","10":"outofstock","11":"sale","12":"shipping-taxable","13":"purchasable","14":"product-type-simple"},"_links":{"self":[{"href":"https:\/\/letsgofitness.cl\/index.php\/wp-json\/wp\/v2\/product\/7856","targetHints":{"allow":["GET"]}}],"collection":[{"href":"https:\/\/letsgofitness.cl\/index.php\/wp-json\/wp\/v2\/product"}],"about":[{"href":"https:\/\/letsgofitness.cl\/index.php\/wp-json\/wp\/v2\/types\/product"}],"wp:featuredmedia":[{"embeddable":true,"href":"https:\/\/letsgofitness.cl\/index.php\/wp-json\/wp\/v2\/media\/7857"}],"wp:attachment":[{"href":"https:\/\/letsgofitness.cl\/index.php\/wp-json\/wp\/v2\/media?parent=7856"}],"wp:term":[{"taxonomy":"product_brand","embeddable":true,"href":"https:\/\/letsgofitness.cl\/index.php\/wp-json\/wp\/v2\/product_brand?post=7856"},{"taxonomy":"product_cat","embeddable":true,"href":"https:\/\/letsgofitness.cl\/index.php\/wp-json\/wp\/v2\/product_cat?post=7856"},{"taxonomy":"product_tag","embeddable":true,"href":"https:\/\/letsgofitness.cl\/index.php\/wp-json\/wp\/v2\/product_tag?post=7856"}],"curies":[{"name":"wp","href":"https:\/\/api.w.org\/{rel}","templated":true}]}}