{"id":7846,"date":"2023-11-02T11:18:52","date_gmt":"2023-11-02T14:18:52","guid":{"rendered":"https:\/\/letsgofitness.cl\/?post_type=product&#038;p=7846"},"modified":"2026-04-10T11:16:39","modified_gmt":"2026-04-10T14:16:39","slug":"seated-shoulder-press","status":"publish","type":"product","link":"https:\/\/letsgofitness.cl\/index.php\/producto\/seated-shoulder-press\/","title":{"rendered":"IMPULSE Seated Shoulder Press **OFERTA PAGO CONTADO $620.000** (Transferencia)"},"content":{"rendered":"<p>IMPULSE SHOULDER PRESS<\/p>\n<p>Dise\u00f1o de mango de doble posici\u00f3n para satisfacer las necesidades de los alumnos con diferentes envergaduras de brazos y diferentes distancias de press de hombros.<\/p>\n<p>Respaldo inclinado para reducir significativamente la presi\u00f3n en la zona lumbar mientras est\u00e1 sentado.<\/p>\n<p>Dise\u00f1o convergente y de tipo dividido para proporcionar una estimulaci\u00f3n precisa a los m\u00fasculos del hombro incluso al final del rango de movimiento.<\/p>\n<p>La altura del punto de pivote se adapta a la altura del hombro del usuario, lo que proporciona una experiencia de usuario m\u00e1s c\u00f3moda y una estimulaci\u00f3n muscular precisa.<\/p>\n<p>Mecanismo de rango limitado para que el brazo m\u00f3vil controle su rango de movimiento, evitando la sobreextensi\u00f3n y garantizando la seguridad en el ejercicio.<\/p>\n<p>Nombre del producto: Press de hombros sentado<\/p>\n<p>Dimensi\u00f3n del producto: 1579*15210*1069(mm) 62,2*59,8*42,1(pulg.)<br \/>\nPeso del Producto: 87 kg\/191,8 libras<br \/>\nCapacidad de peso m\u00e1x: 300 kg\/661,4 libras<\/p>\n<p>&nbsp;<\/p>\n<p><strong>Datos de Transferencia:<\/strong><\/p>\n<ul>\n<li>Cuenta corriente Banco de Chile N\u00b0\u00a0<strong>2780129801<\/strong><\/li>\n<li>Nombre:<strong>\u00a0Lets Go Fitness SpA\u00a0<\/strong>\u00a0Rut:<strong>\u00a076.631.524-0<\/strong><\/li>\n<li>Email:\u00a0<strong>ventas@letsgofitness.cl<\/strong><\/li>\n<\/ul>\n","protected":false},"excerpt":{"rendered":"<p><strong>*OFERTA PAGO CONTADO $620.000 (Transferencia)*\u00a0<\/strong><\/p>\n<p>Datos de Transferencia en\u00a0<strong>DESCRIPCI\u00d3N\u00a0 DEL PRODUCTO.<\/strong><\/p>\n","protected":false},"featured_media":7847,"template":"","meta":{"_joinchat":[]},"product_brand":[],"product_cat":[211,276,88,61,32,47],"product_tag":[],"class_list":{"0":"post-7846","1":"product","2":"type-product","3":"status-publish","4":"has-post-thumbnail","6":"product_cat-impulse","7":"product_cat-oferta-pago-contado","8":"product_cat-semiprofesional-peso-libre","9":"product_cat-profesional-pesolibre-shoulder-press","10":"product_cat-profesional","11":"product_cat-peso-libre-profesional","13":"first","14":"outofstock","15":"sale","16":"shipping-taxable","17":"purchasable","18":"product-type-simple"},"_links":{"self":[{"href":"https:\/\/letsgofitness.cl\/index.php\/wp-json\/wp\/v2\/product\/7846","targetHints":{"allow":["GET"]}}],"collection":[{"href":"https:\/\/letsgofitness.cl\/index.php\/wp-json\/wp\/v2\/product"}],"about":[{"href":"https:\/\/letsgofitness.cl\/index.php\/wp-json\/wp\/v2\/types\/product"}],"wp:featuredmedia":[{"embeddable":true,"href":"https:\/\/letsgofitness.cl\/index.php\/wp-json\/wp\/v2\/media\/7847"}],"wp:attachment":[{"href":"https:\/\/letsgofitness.cl\/index.php\/wp-json\/wp\/v2\/media?parent=7846"}],"wp:term":[{"taxonomy":"product_brand","embeddable":true,"href":"https:\/\/letsgofitness.cl\/index.php\/wp-json\/wp\/v2\/product_brand?post=7846"},{"taxonomy":"product_cat","embeddable":true,"href":"https:\/\/letsgofitness.cl\/index.php\/wp-json\/wp\/v2\/product_cat?post=7846"},{"taxonomy":"product_tag","embeddable":true,"href":"https:\/\/letsgofitness.cl\/index.php\/wp-json\/wp\/v2\/product_tag?post=7846"}],"curies":[{"name":"wp","href":"https:\/\/api.w.org\/{rel}","templated":true}]}}