{"id":7844,"date":"2023-11-02T10:41:32","date_gmt":"2023-11-02T13:41:32","guid":{"rendered":"https:\/\/letsgofitness.cl\/?post_type=product&#038;p=7844"},"modified":"2026-04-10T11:16:39","modified_gmt":"2026-04-10T14:16:39","slug":"empuje-de-cadera-vertical-vertical-hip-thrust","status":"publish","type":"product","link":"https:\/\/letsgofitness.cl\/index.php\/producto\/empuje-de-cadera-vertical-vertical-hip-thrust\/","title":{"rendered":"IMPULSE Empuje de cadera vertical (VERTICAL HIP THRUST)\/ **OFERTA PAGO CONTADO $600.000** (transferencia)"},"content":{"rendered":"<p>IMPULSE VERTICAL HIP THRUST<\/p>\n<p>Altura de almohadilla para las piernas se puede ajustar para facilitar el acceso del usuario a la m\u00e1quina.<\/p>\n<p>Almohadilla para las piernas se puede ajustar tanto hacia adelante como hacia atr\u00e1s, para adaptarse a usuarios de diferentes alturas y longitudes de piernas.<\/p>\n<p>El \u00e1ngulo del pedal est\u00e1 inclinado y recubierto con pintura antideslizante.<\/p>\n<p>Los puntos de fijaci\u00f3n de la banda el\u00e1stica permiten la m\u00e1xima estimulaci\u00f3n de los grupos musculares objetivo sin p\u00e9rdida de tensi\u00f3n al final del rango de movimiento.<\/p>\n<ul>\n<li>Nombre del producto: Empuje vertical de cadera<\/li>\n<li>Dimensi\u00f3n del producto: 1220*1098*1165(mm) 48*43,2*45,9(pulg.)<\/li>\n<li>Peso del Producto: 67,5 kg\/148,8 libras<\/li>\n<li>Capacidad de peso m\u00e1x: 150 kg\/330,7 libras<\/li>\n<\/ul>\n<p>&nbsp;<\/p>\n<p><strong>Datos de Transferencia:<\/strong><\/p>\n<ul>\n<li>Cuenta corriente Banco de Chile N\u00b0\u00a0<strong>2780129801<\/strong><\/li>\n<li>Nombre:<strong>\u00a0Lets Go Fitness SpA\u00a0<\/strong>\u00a0Rut:<strong>\u00a076.631.524-0<\/strong><\/li>\n<li>Email:\u00a0<strong>ventas@letsgofitness.cl<\/strong><\/li>\n<\/ul>\n","protected":false},"excerpt":{"rendered":"<p><strong>*OFERTA PAGO CONTADO $600.000 (Transferencia)*<\/strong><\/p>\n","protected":false},"featured_media":7931,"template":"","meta":{"_joinchat":[]},"product_brand":[],"product_cat":[213,276,88,32,47],"product_tag":[],"class_list":{"0":"post-7844","1":"product","2":"type-product","3":"status-publish","4":"has-post-thumbnail","6":"product_cat-gluteo","7":"product_cat-oferta-pago-contado","8":"product_cat-semiprofesional-peso-libre","9":"product_cat-profesional","10":"product_cat-peso-libre-profesional","12":"first","13":"outofstock","14":"sale","15":"shipping-taxable","16":"purchasable","17":"product-type-simple"},"_links":{"self":[{"href":"https:\/\/letsgofitness.cl\/index.php\/wp-json\/wp\/v2\/product\/7844","targetHints":{"allow":["GET"]}}],"collection":[{"href":"https:\/\/letsgofitness.cl\/index.php\/wp-json\/wp\/v2\/product"}],"about":[{"href":"https:\/\/letsgofitness.cl\/index.php\/wp-json\/wp\/v2\/types\/product"}],"wp:featuredmedia":[{"embeddable":true,"href":"https:\/\/letsgofitness.cl\/index.php\/wp-json\/wp\/v2\/media\/7931"}],"wp:attachment":[{"href":"https:\/\/letsgofitness.cl\/index.php\/wp-json\/wp\/v2\/media?parent=7844"}],"wp:term":[{"taxonomy":"product_brand","embeddable":true,"href":"https:\/\/letsgofitness.cl\/index.php\/wp-json\/wp\/v2\/product_brand?post=7844"},{"taxonomy":"product_cat","embeddable":true,"href":"https:\/\/letsgofitness.cl\/index.php\/wp-json\/wp\/v2\/product_cat?post=7844"},{"taxonomy":"product_tag","embeddable":true,"href":"https:\/\/letsgofitness.cl\/index.php\/wp-json\/wp\/v2\/product_tag?post=7844"}],"curies":[{"name":"wp","href":"https:\/\/api.w.org\/{rel}","templated":true}]}}