{"id":7806,"date":"2023-10-30T13:25:00","date_gmt":"2023-10-30T16:25:00","guid":{"rendered":"https:\/\/letsgofitness.cl\/?post_type=product&#038;p=7806"},"modified":"2026-02-05T09:29:16","modified_gmt":"2026-02-05T12:29:16","slug":"pulldown-seated-row-nueva-linea-sunsforce-alta-calidad","status":"publish","type":"product","link":"https:\/\/letsgofitness.cl\/index.php\/producto\/pulldown-seated-row-nueva-linea-sunsforce-alta-calidad\/","title":{"rendered":"PULLDOWN \/ SEATED ROW Nueva L\u00ednea SUNSFORCE\/ Alta calidad"},"content":{"rendered":"<h6><strong>Sunsforce CPB103 Pulldown\/Sitting Row es un producto especial que ejercita principalmente el dorsal ancho y ayuda en el ejercicio del deltoides y el b\u00edceps. Adoptando material de primera calidad, se utilizan varillas de acero de 20 mm de di\u00e1metro y cables de configuraci\u00f3n de alambre trenzado de 6 mm de di\u00e1metro para ofrecer estabilidad y un uso duradero.<\/strong><\/h6>\n<p>&nbsp;<\/p>\n<h5>\u00a0 \u00a0CARACTERISTICAS:<\/h5>\n<ul>\n<li><strong>Tapicer\u00eda:\u00a0<\/strong>Acolchado de espuma polim\u00e9rica de primera calidad con PU premium para una m\u00e1xima comodidad y durabilidad. Dise\u00f1o ergon\u00f3mico, elegante Y\u00a0 suaves.<\/li>\n<li><strong>\u00a0Dise\u00f1o De Doble Soporte:<\/strong>\u00a0Dise\u00f1o \u00fanico de doble soporte, mantenga su agua y accesorios al alcance de la mano.<\/li>\n<li><strong>\u00a0Polea Mecanizada Precisa:\u00a0<\/strong>Comparando con la polea com\u00fan, a nuestra polea se le a\u00f1ade otro procesamiento mecanizado. Por lo tanto, nuestra polea tiene un mejor rendimiento, durabilidad y una trayectoria de movimiento m\u00e1s suave.<\/li>\n<li><strong>\u00a0Cable:\u00a0<\/strong>Cables de 6 mm de di\u00e1metro utilizados, m\u00e1s de 1000 kg de resistencia a la tracci\u00f3n, 100,000 veces sin interrupci\u00f3n en las pruebas de rendimiento del ciclo.<\/li>\n<li><strong>\u00a0Marco Principal:\u00a0<\/strong>Marco de acero al carbono premium de 3 mm. Proporciona privacidad y seguridad. La estructura con el marco de acero facilita el montaje.<\/li>\n<li>Los reposapi\u00e9s elevados brindan estabilidad y comodidad durante los levantamientos pesados.<\/li>\n<li>Empu\u00f1aduras HDR de gran tama\u00f1o para un uso c\u00f3modo y duradero.<\/li>\n<li>Equipado con pies profesionales estables para mayor seguridad.<\/li>\n<\/ul>\n<p>&nbsp;<\/p>\n<h5><strong>\u00a0 \u00a0ESPECIFICACINES T\u00c9CNICAS:<\/strong><\/h5>\n<ul>\n<li>Dimensi\u00f3n ensamblada: 1650 * 720 * 2316 mm<\/li>\n<li>pesas opcional: 95 kg \/ 210 libras<\/li>\n<li>Peso neto: 110 kg<\/li>\n<\/ul>\n","protected":false},"excerpt":{"rendered":"<p>Sunsforce CPB103 Pulldown\/Sitting Row es un producto especial que ejercita principalmente el dorsal ancho y ayuda en el ejercicio del deltoides y el b\u00edceps. Adoptando material<span class=\"excerpt-hellip\"> [\u2026]<\/span><\/p>\n","protected":false},"featured_media":7825,"template":"","meta":{"_joinchat":[]},"product_brand":[],"product_cat":[135],"product_tag":[],"class_list":{"0":"post-7806","1":"product","2":"type-product","3":"status-publish","4":"has-post-thumbnail","6":"product_cat-oferta","8":"first","9":"outofstock","10":"sale","11":"shipping-taxable","12":"purchasable","13":"product-type-simple"},"_links":{"self":[{"href":"https:\/\/letsgofitness.cl\/index.php\/wp-json\/wp\/v2\/product\/7806","targetHints":{"allow":["GET"]}}],"collection":[{"href":"https:\/\/letsgofitness.cl\/index.php\/wp-json\/wp\/v2\/product"}],"about":[{"href":"https:\/\/letsgofitness.cl\/index.php\/wp-json\/wp\/v2\/types\/product"}],"wp:featuredmedia":[{"embeddable":true,"href":"https:\/\/letsgofitness.cl\/index.php\/wp-json\/wp\/v2\/media\/7825"}],"wp:attachment":[{"href":"https:\/\/letsgofitness.cl\/index.php\/wp-json\/wp\/v2\/media?parent=7806"}],"wp:term":[{"taxonomy":"product_brand","embeddable":true,"href":"https:\/\/letsgofitness.cl\/index.php\/wp-json\/wp\/v2\/product_brand?post=7806"},{"taxonomy":"product_cat","embeddable":true,"href":"https:\/\/letsgofitness.cl\/index.php\/wp-json\/wp\/v2\/product_cat?post=7806"},{"taxonomy":"product_tag","embeddable":true,"href":"https:\/\/letsgofitness.cl\/index.php\/wp-json\/wp\/v2\/product_tag?post=7806"}],"curies":[{"name":"wp","href":"https:\/\/api.w.org\/{rel}","templated":true}]}}