{"id":7728,"date":"2023-12-07T09:47:52","date_gmt":"2023-12-07T12:47:52","guid":{"rendered":"https:\/\/letsgofitness.cl\/?post_type=product&#038;p=7728"},"modified":"2026-04-14T15:38:58","modified_gmt":"2026-04-14T18:38:58","slug":"par-mancuernas-hexagonales-recubiertas-en-pev-kg","status":"publish","type":"product","link":"https:\/\/letsgofitness.cl\/index.php\/producto\/par-mancuernas-hexagonales-recubiertas-en-pev-kg\/","title":{"rendered":"PAR MANCUERNAS HEXAGONALES"},"content":{"rendered":"<p>Los Pares de Mancuernas Hexagonales en Kg cuentan con revestimiento de goma.<\/p>\n<p>Su cabeza hexagonal incluye cabezales de acero s\u00f3lido envueltos en una mezcla de inyecci\u00f3n sobre moldeada de NBR (caucho) y PVC (vinilo), su mango est\u00e1 dise\u00f1ado en forma ergon\u00f3mica, son cromados y moleteados y miden 25 mm de di\u00e1metro para todos los pesos, las indicaciones del peso est\u00e1n marcadas en ambos lados de cada cabeza. No requiere mantenci\u00f3n, son de f\u00e1cil almacenamiento.<\/p>\n<p>&nbsp;<\/p>\n","protected":false},"excerpt":{"rendered":"<h6><em><strong>Precio por el PAR de mancuernas<\/strong><\/em><\/h6>\n<p><strong>STOCK DISPONIBLE\u00a0<\/strong><br \/>\n<strong>VALOR REFERENCIAL OFERTA $1.950 KG<\/strong><\/p>\n","protected":false},"featured_media":7729,"template":"","meta":{"_joinchat":[]},"product_brand":[],"product_cat":[106,117,135],"product_tag":[],"class_list":{"0":"post-7728","1":"product","2":"type-product","3":"status-publish","4":"has-post-thumbnail","6":"product_cat-accesorios","7":"product_cat-mancuernas","8":"product_cat-oferta","10":"first","11":"instock","12":"sale","13":"shipping-taxable","14":"purchasable","15":"product-type-variable","16":"has-default-attributes"},"_links":{"self":[{"href":"https:\/\/letsgofitness.cl\/index.php\/wp-json\/wp\/v2\/product\/7728","targetHints":{"allow":["GET"]}}],"collection":[{"href":"https:\/\/letsgofitness.cl\/index.php\/wp-json\/wp\/v2\/product"}],"about":[{"href":"https:\/\/letsgofitness.cl\/index.php\/wp-json\/wp\/v2\/types\/product"}],"wp:featuredmedia":[{"embeddable":true,"href":"https:\/\/letsgofitness.cl\/index.php\/wp-json\/wp\/v2\/media\/7729"}],"wp:attachment":[{"href":"https:\/\/letsgofitness.cl\/index.php\/wp-json\/wp\/v2\/media?parent=7728"}],"wp:term":[{"taxonomy":"product_brand","embeddable":true,"href":"https:\/\/letsgofitness.cl\/index.php\/wp-json\/wp\/v2\/product_brand?post=7728"},{"taxonomy":"product_cat","embeddable":true,"href":"https:\/\/letsgofitness.cl\/index.php\/wp-json\/wp\/v2\/product_cat?post=7728"},{"taxonomy":"product_tag","embeddable":true,"href":"https:\/\/letsgofitness.cl\/index.php\/wp-json\/wp\/v2\/product_tag?post=7728"}],"curies":[{"name":"wp","href":"https:\/\/api.w.org\/{rel}","templated":true}]}}