{"id":7716,"date":"2023-10-17T15:10:11","date_gmt":"2023-10-17T18:10:11","guid":{"rendered":"https:\/\/letsgofitness.cl\/?post_type=product&#038;p=7716"},"modified":"2026-04-06T18:10:25","modified_gmt":"2026-04-06T21:10:25","slug":"par-discos-bumpers-hi-temp-boss-strength","status":"publish","type":"product","link":"https:\/\/letsgofitness.cl\/index.php\/producto\/par-discos-bumpers-hi-temp-boss-strength\/","title":{"rendered":"Par Discos Bumpers Hi Temp BOSS STRENGTH (KG)"},"content":{"rendered":"<h6><strong>\u00a0Discos Bumper Hi-Temp Boss Strength en kg, fabricados con caucho volc\u00e1nico de alta densidad, son caracter\u00edsticos por ofrecer un mayor rebote, una gran resistencia a los impactos y ca\u00eddas en los entrenamientos de crossfit y levantamiento con barras. La mejor opci\u00f3n para levantadores de pesas profesionales y entusiastas del fitness. Fabricada con materiales de primera calidad, garantiza un rendimiento duradero que se mantiene como nuevo incluso despu\u00e9s de un uso prolongado.<\/strong><\/h6>\n<h6><strong>La alta elasticidad y las caracter\u00edsticas antideslizantes de nuestros discos de pesas ol\u00edmpicos son lo que los diferencia del resto. Fabricados con caucho de primera calidad, proporcionan una capa adicional de seguridad al proteger sus pisos y barras de los impactos. La absorci\u00f3n de impactos superior de estas minimiza las colisiones, lo que las convierte en una opci\u00f3n m\u00e1s segura en comparaci\u00f3n con otras alternativas.<\/strong><\/h6>\n<h6><strong>Su apertura central est\u00e1 hecha con un anillo de acero inoxidable a presi\u00f3n, con medida est\u00e1ndar para cualquier barra con medidas ol\u00edmpicas (\u00d8 50 mm).<\/strong><\/h6>\n<h6><strong>Fabricados en molde para lograr un relieve en marca y kgs, terminaciones con acabado negro y un color moteado dependiendo del peso para una f\u00e1cil identificaci\u00f3n del peso de la placa desde la distancia.<\/strong><\/h6>\n<p>&nbsp;<\/p>\n<p><strong>CARACTERISTICAS:<\/strong><\/p>\n<ul>\n<li><strong>Estructura: Caucho vulcanizado<\/strong><\/li>\n<li><strong>Anillo central: Acero inoxidable<\/strong><\/li>\n<\/ul>\n","protected":false},"excerpt":{"rendered":"<ul>\n<li><strong>PESOS:<\/strong><\/li>\n<li><strong>5 KG (11 LIBRAS)<\/strong><\/li>\n<li><strong>10 KG (22 LIBRAS)<\/strong><\/li>\n<li><strong>15 KG (33.1 LIBRAS)<\/strong><\/li>\n<li><strong>20 KG (44.1 LIBRAS)<\/strong><\/li>\n<li><strong>25 KG (55.1 LIBRAS)<\/strong><\/li>\n<\/ul>\n","protected":false},"featured_media":7713,"template":"","meta":{"_joinchat":[]},"product_brand":[],"product_cat":[106,114,135,115,122],"product_tag":[],"class_list":{"0":"post-7716","1":"product","2":"type-product","3":"status-publish","4":"has-post-thumbnail","6":"product_cat-accesorios","7":"product_cat-discos","8":"product_cat-oferta","9":"product_cat-olimpicos","10":"product_cat-stock","12":"first","13":"instock","14":"sale","15":"shipping-taxable","16":"purchasable","17":"product-type-variable"},"_links":{"self":[{"href":"https:\/\/letsgofitness.cl\/index.php\/wp-json\/wp\/v2\/product\/7716","targetHints":{"allow":["GET"]}}],"collection":[{"href":"https:\/\/letsgofitness.cl\/index.php\/wp-json\/wp\/v2\/product"}],"about":[{"href":"https:\/\/letsgofitness.cl\/index.php\/wp-json\/wp\/v2\/types\/product"}],"wp:featuredmedia":[{"embeddable":true,"href":"https:\/\/letsgofitness.cl\/index.php\/wp-json\/wp\/v2\/media\/7713"}],"wp:attachment":[{"href":"https:\/\/letsgofitness.cl\/index.php\/wp-json\/wp\/v2\/media?parent=7716"}],"wp:term":[{"taxonomy":"product_brand","embeddable":true,"href":"https:\/\/letsgofitness.cl\/index.php\/wp-json\/wp\/v2\/product_brand?post=7716"},{"taxonomy":"product_cat","embeddable":true,"href":"https:\/\/letsgofitness.cl\/index.php\/wp-json\/wp\/v2\/product_cat?post=7716"},{"taxonomy":"product_tag","embeddable":true,"href":"https:\/\/letsgofitness.cl\/index.php\/wp-json\/wp\/v2\/product_tag?post=7716"}],"curies":[{"name":"wp","href":"https:\/\/api.w.org\/{rel}","templated":true}]}}