{"id":7692,"date":"2023-10-12T17:59:00","date_gmt":"2023-10-12T20:59:00","guid":{"rendered":"https:\/\/letsgofitness.cl\/?post_type=product&#038;p=7692"},"modified":"2026-04-10T11:16:39","modified_gmt":"2026-04-10T14:16:39","slug":"lateral-raise-rear-deltoid-pro-realleader-usa","status":"publish","type":"product","link":"https:\/\/letsgofitness.cl\/index.php\/producto\/lateral-raise-rear-deltoid-pro-realleader-usa\/","title":{"rendered":"LATERAL RAISE\/REAR DELTOID PRO REALLEADER USA"},"content":{"rendered":"<p>Este equipo de primera l\u00ednea est\u00e1 dise\u00f1ado para soportar los rigores del uso diario, lo que lo hace perfecto para cualquier gimnasio de alto tr\u00e1fico. Con su dise\u00f1o intuitivo es f\u00e1cil de usar y perfecto para una variedad de usuarios.<\/p>\n<p>Las pilas de pesas separadas para cada lado permiten a los usuarios personalizar su entrenamiento, mientras que los asientos acolchados y las almohadillas para el respaldo brindan mayor comodidad y soporte.<\/p>\n<p>Es una m\u00e1quina de elevaci\u00f3n lateral y deltoides traseros de calidad comercial que es perfecta para cualquier gimnasio. Este equipo de primera l\u00ednea est\u00e1 dise\u00f1ado para trabajar los m\u00fasculos de la parte superior de la espalda y los m\u00fasculos de los hombros, proporcionando un entrenamiento completo para estas \u00e1reas clave.<\/p>\n<p>Cuenta con configuraciones de resistencia ajustables y una construcci\u00f3n duradera que resistir\u00e1 el uso m\u00e1s riguroso. Ya sea que est\u00e9 buscando tonificar la parte superior del cuerpo o desarrollar m\u00fasculo, es la opci\u00f3n ideal para todas sus necesidades de acondicionamiento f\u00edsico.<\/p>\n<h5>\u00a0 \u00a0CARACTER\u00cdSTICAS:<\/h5>\n<ul>\n<li>2 capas de pintura y horneado.<\/li>\n<li>\n<div class=\"bac-item-label fl\">Material: Aluminio.<\/div>\n<\/li>\n<\/ul>\n<h5>\u00a0 \u00a0ESPECIFICACIONES T\u00c9CNICAS:<\/h5>\n<ul>\n<li>Dimensiones: 210 x 81 x 171 CM.<\/li>\n<li>\n<div class=\"bac-item-label fl\">Tama\u00f1o del tubo: 80 x 40 x 3 MM.<\/div>\n<\/li>\n<\/ul>\n","protected":false},"excerpt":{"rendered":"<p>COLOR DISPONIBLE:<\/p>\n<p>NEGRO\/ TAPIZ CAF\u00c9<\/p>\n","protected":false},"featured_media":7693,"template":"","meta":{"_joinchat":[]},"product_brand":[],"product_cat":[208,88,61,32],"product_tag":[],"class_list":{"0":"post-7692","1":"product","2":"type-product","3":"status-publish","4":"has-post-thumbnail","6":"product_cat-deltoides","7":"product_cat-semiprofesional-peso-libre","8":"product_cat-profesional-pesolibre-shoulder-press","9":"product_cat-profesional","11":"first","12":"instock","13":"sale","14":"shipping-taxable","15":"purchasable","16":"product-type-simple"},"_links":{"self":[{"href":"https:\/\/letsgofitness.cl\/index.php\/wp-json\/wp\/v2\/product\/7692","targetHints":{"allow":["GET"]}}],"collection":[{"href":"https:\/\/letsgofitness.cl\/index.php\/wp-json\/wp\/v2\/product"}],"about":[{"href":"https:\/\/letsgofitness.cl\/index.php\/wp-json\/wp\/v2\/types\/product"}],"wp:featuredmedia":[{"embeddable":true,"href":"https:\/\/letsgofitness.cl\/index.php\/wp-json\/wp\/v2\/media\/7693"}],"wp:attachment":[{"href":"https:\/\/letsgofitness.cl\/index.php\/wp-json\/wp\/v2\/media?parent=7692"}],"wp:term":[{"taxonomy":"product_brand","embeddable":true,"href":"https:\/\/letsgofitness.cl\/index.php\/wp-json\/wp\/v2\/product_brand?post=7692"},{"taxonomy":"product_cat","embeddable":true,"href":"https:\/\/letsgofitness.cl\/index.php\/wp-json\/wp\/v2\/product_cat?post=7692"},{"taxonomy":"product_tag","embeddable":true,"href":"https:\/\/letsgofitness.cl\/index.php\/wp-json\/wp\/v2\/product_tag?post=7692"}],"curies":[{"name":"wp","href":"https:\/\/api.w.org\/{rel}","templated":true}]}}