{"id":7684,"date":"2023-10-11T11:37:20","date_gmt":"2023-10-11T14:37:20","guid":{"rendered":"https:\/\/letsgofitness.cl\/?post_type=product&#038;p=7684"},"modified":"2026-04-21T10:33:03","modified_gmt":"2026-04-21T13:33:03","slug":"preventa-cable-crossover-boss-strength-xf","status":"publish","type":"product","link":"https:\/\/letsgofitness.cl\/index.php\/producto\/preventa-cable-crossover-boss-strength-xf\/","title":{"rendered":"CABLE CROSSOVER BOSS STRENGTH XF **OFERTA PAGO CONTADO $2.200.000** (Transferencia)"},"content":{"rendered":"<p>La M\u00e1quina permite moverse en m\u00faltiples \u00e1ngulos, lo que facilita mucho la diversificaci\u00f3n de tus entrenamientos. Contiene un dise\u00f1o multifuncional con configuraciones de brazo giratorio, tanto vertical como horizontalmente.<\/p>\n<p><strong>CARACTERISTICAS:<\/strong><\/p>\n<ul>\n<li>DIMENSION(L*W*H) 246 x 359 x 249 cm<\/li>\n<li>STACK 95 KG POR TORRE<\/li>\n<li>N. W.: 395KG \/G. W.: 440KG<\/li>\n<li>120 OPCIONES DE ANGULO AJUSTABLE<\/li>\n<li>RELACION POLEAS DE 2:1 PARA UNA RESISTENCIA PRECISA<\/li>\n<li>ESTUCTURA DE ACERO MACIZO CALIBRE 11 PARA MAYOR ESTABILIDAD<\/li>\n<li>POLEAS DE ALUMINIO PARA MOVIMIENTO SUAVE<\/li>\n<li>DISE\u00d1O DELGADO PARA OPTIMIZAR TU ESPACIO<\/li>\n<\/ul>\n<p>&nbsp;<\/p>\n<p><strong>*OFERTA PAGO CONTADO\u00a0 $2.250.000 (Transferencia)*<\/strong><\/p>\n<p><strong>Datos de Transferencia:<\/strong><\/p>\n<ul>\n<li>Cuenta corriente Banco de Chile N\u00b0\u00a0<strong>2780129801<\/strong><\/li>\n<li>Nombre:<strong>\u00a0Lets Go Fitness SpA\u00a0<\/strong>\u00a0Rut:<strong>\u00a076.631.524-0<\/strong><\/li>\n<li>Email:\u00a0<strong>ventas@letsgofitness.cl<\/strong><\/li>\n<\/ul>\n","protected":false},"excerpt":{"rendered":"<p>La M\u00e1quina permite moverse en m\u00faltiples \u00e1ngulos, lo que facilita mucho la diversificaci\u00f3n de tus entrenamientos. Contiene un dise\u00f1o multifuncional con configuraciones de brazo giratorio, tanto<span class=\"excerpt-hellip\"> [\u2026]<\/span><\/p>\n","protected":false},"featured_media":7685,"template":"","meta":{"_joinchat":[]},"product_brand":[],"product_cat":[66,276,135,122,32,48],"product_tag":[],"class_list":{"0":"post-7684","1":"product","2":"type-product","3":"status-publish","4":"has-post-thumbnail","6":"product_cat-profesional-pesointegrado-cable-crossover","7":"product_cat-oferta-pago-contado","8":"product_cat-oferta","9":"product_cat-stock","10":"product_cat-profesional","11":"product_cat-peso-integrado-profesional","13":"first","14":"instock","15":"sale","16":"shipping-taxable","17":"purchasable","18":"product-type-simple"},"_links":{"self":[{"href":"https:\/\/letsgofitness.cl\/index.php\/wp-json\/wp\/v2\/product\/7684","targetHints":{"allow":["GET"]}}],"collection":[{"href":"https:\/\/letsgofitness.cl\/index.php\/wp-json\/wp\/v2\/product"}],"about":[{"href":"https:\/\/letsgofitness.cl\/index.php\/wp-json\/wp\/v2\/types\/product"}],"wp:featuredmedia":[{"embeddable":true,"href":"https:\/\/letsgofitness.cl\/index.php\/wp-json\/wp\/v2\/media\/7685"}],"wp:attachment":[{"href":"https:\/\/letsgofitness.cl\/index.php\/wp-json\/wp\/v2\/media?parent=7684"}],"wp:term":[{"taxonomy":"product_brand","embeddable":true,"href":"https:\/\/letsgofitness.cl\/index.php\/wp-json\/wp\/v2\/product_brand?post=7684"},{"taxonomy":"product_cat","embeddable":true,"href":"https:\/\/letsgofitness.cl\/index.php\/wp-json\/wp\/v2\/product_cat?post=7684"},{"taxonomy":"product_tag","embeddable":true,"href":"https:\/\/letsgofitness.cl\/index.php\/wp-json\/wp\/v2\/product_tag?post=7684"}],"curies":[{"name":"wp","href":"https:\/\/api.w.org\/{rel}","templated":true}]}}