{"id":7671,"date":"2023-10-11T11:05:51","date_gmt":"2023-10-11T14:05:51","guid":{"rendered":"https:\/\/letsgofitness.cl\/?post_type=product&#038;p=7671"},"modified":"2026-04-10T11:16:39","modified_gmt":"2026-04-10T14:16:39","slug":"horizontal-bench-press-realleader-usa-2","status":"publish","type":"product","link":"https:\/\/letsgofitness.cl\/index.php\/producto\/horizontal-bench-press-realleader-usa-2\/","title":{"rendered":"HORIZONTAL BENCH PRESS PRO REALLEADER USA"},"content":{"rendered":"<h6><strong>El press de banca s\u00faper horizontal es la manera perfecta de desarrollar fuerza en la parte superior del cuerpo, centr\u00e1ndose, por supuesto, en los m\u00fasculos del pecho y los pectorales. El press de banca s\u00faper horizontal cargado con placas permite movimientos independientes, divergentes y convergentes para un desarrollo de fuerza y una variedad de estimulaci\u00f3n muscular iguales.<\/strong><\/h6>\n<h5>\u00a0 \u00a0CARCATER\u00cdSTICAS:<\/h5>\n<ul>\n<li>2 capas de pintura y horneado<\/li>\n<li>\n<div class=\"bac-item-label fl\">Material: Aluminio<\/div>\n<\/li>\n<li>\n<div class=\"bac-item-label fl\">Mango \/ Polea: Aluminio<\/div>\n<\/li>\n<li>\n<div class=\"bac-item-label fl\">Tama\u00f1o del tubo: 8 x 4 x 0,3 CM<\/div>\n<\/li>\n<\/ul>\n<p>&nbsp;<\/p>\n<h5>\u00a0 \u00a0ESPECIFICACIONES T\u00c9CNICAS:<\/h5>\n<ul>\n<li>Dimensi\u00f3n: 188 x 195 x 85 CM<\/li>\n<\/ul>\n","protected":false},"excerpt":{"rendered":"<p><strong>COLOR DISPONIBLE:<\/strong><\/p>\n<ul>\n<li>NEGRO<\/li>\n<\/ul>\n","protected":false},"featured_media":7673,"template":"","meta":{"_joinchat":[]},"product_brand":[],"product_cat":[135,122,32,47],"product_tag":[],"class_list":{"0":"post-7671","1":"product","2":"type-product","3":"status-publish","4":"has-post-thumbnail","6":"product_cat-oferta","7":"product_cat-stock","8":"product_cat-profesional","9":"product_cat-peso-libre-profesional","11":"first","12":"outofstock","13":"shipping-taxable","14":"purchasable","15":"product-type-simple"},"_links":{"self":[{"href":"https:\/\/letsgofitness.cl\/index.php\/wp-json\/wp\/v2\/product\/7671","targetHints":{"allow":["GET"]}}],"collection":[{"href":"https:\/\/letsgofitness.cl\/index.php\/wp-json\/wp\/v2\/product"}],"about":[{"href":"https:\/\/letsgofitness.cl\/index.php\/wp-json\/wp\/v2\/types\/product"}],"wp:featuredmedia":[{"embeddable":true,"href":"https:\/\/letsgofitness.cl\/index.php\/wp-json\/wp\/v2\/media\/7673"}],"wp:attachment":[{"href":"https:\/\/letsgofitness.cl\/index.php\/wp-json\/wp\/v2\/media?parent=7671"}],"wp:term":[{"taxonomy":"product_brand","embeddable":true,"href":"https:\/\/letsgofitness.cl\/index.php\/wp-json\/wp\/v2\/product_brand?post=7671"},{"taxonomy":"product_cat","embeddable":true,"href":"https:\/\/letsgofitness.cl\/index.php\/wp-json\/wp\/v2\/product_cat?post=7671"},{"taxonomy":"product_tag","embeddable":true,"href":"https:\/\/letsgofitness.cl\/index.php\/wp-json\/wp\/v2\/product_tag?post=7671"}],"curies":[{"name":"wp","href":"https:\/\/api.w.org\/{rel}","templated":true}]}}