{"id":7532,"date":"2023-10-05T11:46:36","date_gmt":"2023-10-05T14:46:36","guid":{"rendered":"https:\/\/letsgofitness.cl\/?post_type=product&#038;p=7532"},"modified":"2026-04-10T11:08:47","modified_gmt":"2026-04-10T14:08:47","slug":"tibia-dorsal-flexion-realleader","status":"publish","type":"product","link":"https:\/\/letsgofitness.cl\/index.php\/producto\/tibia-dorsal-flexion-realleader\/","title":{"rendered":"TIBIA DORSAL FLEXION REALLEADER BLACK"},"content":{"rendered":"<h6><strong>Atendiendo a los requisitos especiales de aptitud f\u00edsica, la m\u00e1quina de flexi\u00f3n dorsal de tibia REALLEADER es una m\u00e1quina que ayuda a entrenar el m\u00fasculo tibial anterior.<\/strong><\/h6>\n<h5><strong>\u00a0 \u00a0CARACTER\u00cdSTICAS:<\/strong><\/h5>\n<ul>\n<li>2 capas de pintura y horneado<\/li>\n<li>El tubo principal del producto es tubo oval mejorado, cuyo tama\u00f1o es de 115*57mm y el grosor de la pared es de 3mm.<\/li>\n<li>M\u00e1quina compacta pero muy impactante.<\/li>\n<li>Coj\u00edn grueso para un entrenamiento c\u00f3modo.<\/li>\n<li>Dise\u00f1o de la m\u00e1quina para reducir cualquier tensi\u00f3n excesiva en los tobillos.<\/li>\n<li>El reposapi\u00e9s est\u00e1 equipado con una capa antideslizante que resulta en un entrenamiento efectivo.<\/li>\n<\/ul>\n<h5><strong>\u00a0 \u00a0BENEFICIOS:<\/strong><\/h5>\n<ul>\n<li>Al usar esta m\u00e1quina, el entrenamiento puede ayudar a lograr un mejor equilibrio del tobillo, coordinaci\u00f3n y juego de pies.<\/li>\n<li>El fortalecimiento de este m\u00fasculo es esencial porque\u00a0ayuda a las actividades de caminar, correr, caminar o cualquier actividad que requiera mover la pierna o mantener la pierna vertical.<\/li>\n<\/ul>\n<h5><strong>\u00a0 \u00a0ESPECIFICACIONES T\u00c9CNICAS:\u00a0<\/strong><\/h5>\n<ul>\n<li>Dimensiones: 38 x 61 x 31 CM.<\/li>\n<li>Peso neto: 25KG<\/li>\n<\/ul>\n<p>&nbsp;<\/p>\n<p>&nbsp;<\/p>\n","protected":false},"excerpt":{"rendered":"<p>Atendiendo a los requisitos especiales de aptitud f\u00edsica, la m\u00e1quina de flexi\u00f3n dorsal de tibia REALLEADER es una m\u00e1quina que ayuda a entrenar el m\u00fasculo tibial<span class=\"excerpt-hellip\"> [\u2026]<\/span><\/p>\n","protected":false},"featured_media":7656,"template":"","meta":{"_joinchat":[]},"product_brand":[],"product_cat":[218,135,280],"product_tag":[],"class_list":{"0":"post-7532","1":"product","2":"type-product","3":"status-publish","4":"has-post-thumbnail","6":"product_cat-black-friday","7":"product_cat-oferta","8":"product_cat-ofertas-relampago","10":"first","11":"instock","12":"sale","13":"shipping-taxable","14":"purchasable","15":"product-type-simple"},"_links":{"self":[{"href":"https:\/\/letsgofitness.cl\/index.php\/wp-json\/wp\/v2\/product\/7532","targetHints":{"allow":["GET"]}}],"collection":[{"href":"https:\/\/letsgofitness.cl\/index.php\/wp-json\/wp\/v2\/product"}],"about":[{"href":"https:\/\/letsgofitness.cl\/index.php\/wp-json\/wp\/v2\/types\/product"}],"wp:featuredmedia":[{"embeddable":true,"href":"https:\/\/letsgofitness.cl\/index.php\/wp-json\/wp\/v2\/media\/7656"}],"wp:attachment":[{"href":"https:\/\/letsgofitness.cl\/index.php\/wp-json\/wp\/v2\/media?parent=7532"}],"wp:term":[{"taxonomy":"product_brand","embeddable":true,"href":"https:\/\/letsgofitness.cl\/index.php\/wp-json\/wp\/v2\/product_brand?post=7532"},{"taxonomy":"product_cat","embeddable":true,"href":"https:\/\/letsgofitness.cl\/index.php\/wp-json\/wp\/v2\/product_cat?post=7532"},{"taxonomy":"product_tag","embeddable":true,"href":"https:\/\/letsgofitness.cl\/index.php\/wp-json\/wp\/v2\/product_tag?post=7532"}],"curies":[{"name":"wp","href":"https:\/\/api.w.org\/{rel}","templated":true}]}}