{"id":7407,"date":"2023-12-06T11:59:47","date_gmt":"2023-12-06T14:59:47","guid":{"rendered":"https:\/\/letsgofitness.cl\/?post_type=product&#038;p=7407"},"modified":"2026-04-10T11:10:11","modified_gmt":"2026-04-10T14:10:11","slug":"banco-declinado-ajustable-boss-strength","status":"publish","type":"product","link":"https:\/\/letsgofitness.cl\/index.php\/producto\/banco-declinado-ajustable-boss-strength\/","title":{"rendered":"BANCO DECLINADO AJUSTABLE BOSS STRENGTH"},"content":{"rendered":"<blockquote>\n<h6><strong>El Banco Declinable Ajustable,\u00a0 presenta un dise\u00f1o elegante y est\u00e9tico respaldado por un exhaustivo estudio de calidad, que garantiza un uso totalmente profesional. Este banco es una excelente opci\u00f3n para optimizar su rutina de ejercicios mientras ahorra espacio. El banco ajustable ofrece m\u00faltiples ajustes de \u00e1ngulo, lo que le permite adaptarlo a diferentes alturas y movimientos, lo que le permite realizar ejercicios declinados de acuerdo con sus preferencias. Con esta versatilidad, podr\u00e1 trabajar espec\u00edficamente en ejercicios de rechazo y obtener resultados efectivos. Combina el banco con pesas libres como mancuernas o barras para intensificar tus entrenamientos y alcanzar tus objetivos de fitness.<\/strong><\/h6>\n<\/blockquote>\n<p>&nbsp;<\/p>\n<h5>\u00a0 \u00a0CARACTER\u00cdSTICAS:<\/h5>\n<ul>\n<li><strong>Estructura\u00a0<\/strong>Construido en tubo ovalado de acero de 3 mm.<\/li>\n<li><strong>Pintura.\u00a0<\/strong>El proceso de pintado de las m\u00e1quinas se realiza en un t\u00fanel de tratamiento de cuatro capas, lo que ofrece una garant\u00eda absoluta contra la corrosi\u00f3n. En la primera capa procedemos al desengrase y fosfatado en caliente. El segundo es una prefosfataci\u00f3n a temperatura ambiente. En la tercera procedemos a la fosfataci\u00f3n en caliente. Y finalmente, la estructura est\u00e1 cubierta con pintura epoxi en polvo.<\/li>\n<li><strong>Tapizado.\u00a0<\/strong>Est\u00e1 fabricado con goma espuma de 3 cm. de espesor y 150 kg. de presi\u00f3n. La tapicer\u00eda de las m\u00e1quinas es anat\u00f3mica.<\/li>\n<\/ul>\n<p>&nbsp;<\/p>\n<h5>\u00a0 ESPECIFICACIONES T\u00c9CNICAS:<\/h5>\n<ul>\n<li>Dimensiones: 143 x 56 x 96 CM.<\/li>\n<li>Peso:\u00a047 kg.<\/li>\n<li>Respaldo:\u00a088,5 x 40 x 8 cm.<\/li>\n<li>Asiento:\u00a034 x 42 x 6 cm.<\/li>\n<li>Rodillo tapizado<strong>:<\/strong>\u00a024 x 14 (di\u00e1metro) cm.<\/li>\n<\/ul>\n","protected":false},"excerpt":{"rendered":"<p>COLOR DISPONIBLE:<\/p>\n<ul>\n<li>NEGRO<\/li>\n<\/ul>\n","protected":false},"featured_media":8187,"template":"","meta":{"_joinchat":[]},"product_brand":[],"product_cat":[210,140,94,130,135,88,122,32],"product_tag":[],"class_list":{"0":"post-7407","1":"product","2":"type-product","3":"status-publish","4":"has-post-thumbnail","6":"product_cat-abdomen","7":"product_cat-bancos-rack-smith","8":"product_cat-semiprofesional-bancos-rack","9":"product_cat-boss-strength","10":"product_cat-oferta","11":"product_cat-semiprofesional-peso-libre","12":"product_cat-stock","13":"product_cat-profesional","15":"first","16":"outofstock","17":"sale","18":"shipping-taxable","19":"purchasable","20":"product-type-simple"},"_links":{"self":[{"href":"https:\/\/letsgofitness.cl\/index.php\/wp-json\/wp\/v2\/product\/7407","targetHints":{"allow":["GET"]}}],"collection":[{"href":"https:\/\/letsgofitness.cl\/index.php\/wp-json\/wp\/v2\/product"}],"about":[{"href":"https:\/\/letsgofitness.cl\/index.php\/wp-json\/wp\/v2\/types\/product"}],"wp:featuredmedia":[{"embeddable":true,"href":"https:\/\/letsgofitness.cl\/index.php\/wp-json\/wp\/v2\/media\/8187"}],"wp:attachment":[{"href":"https:\/\/letsgofitness.cl\/index.php\/wp-json\/wp\/v2\/media?parent=7407"}],"wp:term":[{"taxonomy":"product_brand","embeddable":true,"href":"https:\/\/letsgofitness.cl\/index.php\/wp-json\/wp\/v2\/product_brand?post=7407"},{"taxonomy":"product_cat","embeddable":true,"href":"https:\/\/letsgofitness.cl\/index.php\/wp-json\/wp\/v2\/product_cat?post=7407"},{"taxonomy":"product_tag","embeddable":true,"href":"https:\/\/letsgofitness.cl\/index.php\/wp-json\/wp\/v2\/product_tag?post=7407"}],"curies":[{"name":"wp","href":"https:\/\/api.w.org\/{rel}","templated":true}]}}