{"id":7404,"date":"2023-09-12T15:04:04","date_gmt":"2023-09-12T18:04:04","guid":{"rendered":"https:\/\/letsgofitness.cl\/?post_type=product&#038;p=7404"},"modified":"2026-05-05T11:22:08","modified_gmt":"2026-05-05T14:22:08","slug":"banco-press-plano-boss-strength-2-nuevo-modelo","status":"publish","type":"product","link":"https:\/\/letsgofitness.cl\/index.php\/producto\/banco-press-plano-boss-strength-2-nuevo-modelo\/","title":{"rendered":"BOSS BANCO PRESS PLANO"},"content":{"rendered":"<h6><em><strong>CARACTER\u00cdSTICAS T\u00c9CNICAS<\/strong><\/em><\/h6>\n<ul>\n<li><strong>Estructura.<\/strong> Construido en tubo de acero de 3 mm.<\/li>\n<li><strong>Pintura.\u00a0<\/strong>El proceso de pintura de las m\u00e1quinas se realiza en un t\u00fanel de tratamiento de cuatro capas, que ofrece una garant\u00eda absoluta contra la corrosi\u00f3n. La primera capa est\u00e1 desengrasada y fosfatizada en caliente. El segundo es un prefosfatado a temperatura ambiente. En el tercero se procede a la fosfataci\u00f3n en caliente. Y finalmente, la estructura est\u00e1 cubierta con pintura epoxi en polvo.<\/li>\n<li><strong>Tapizado.\u00a0<\/strong>Est\u00e1 fabricado con goma espuma de 3 cm. de espesor y 150 kg. de presi\u00f3n. La polipiel es ign\u00edfuga y porosa. La tapicer\u00eda de las m\u00e1quinas es anat\u00f3mica.<\/li>\n<\/ul>\n<h6><em><strong>ESPECIFICACIONES T\u00c9CNICAS<\/strong><\/em><\/h6>\n<ul>\n<li>Dimensiones: 174.5 x 172\u00a0 x 135,5 CM.<\/li>\n<li>Peso<strong>:<\/strong> 80 kg.<\/li>\n<\/ul>\n","protected":false},"excerpt":{"rendered":"<h6 class=\"product_title entry-title\">El Banco de Press plano, presenta un dise\u00f1o elegante y est\u00e9tico, respaldado por un exhaustivo estudio de calidad que garantiza un uso totalmente profesional. Este banco con un \u00e1ngulo plano y totalmente horizontal est\u00e1 dise\u00f1ado espec\u00edficamente para realizar ejercicios de press de banca de pecho o press de banca de tr\u00edceps. Tiene dos niveles de soportes para colocar una barra y se puede utilizar tanto con barra como con mancuernas. Adem\u00e1s, cuenta con 4 soportes preparados para colocar discos de peso y una tapicer\u00eda fabricada en goma espuma de 3 cm de espesor, capaz de soportar hasta 150 kg de presi\u00f3n.<\/h6>\n","protected":false},"featured_media":14188,"template":"","meta":{"_joinchat":[]},"product_brand":[],"product_cat":[210,140,130,88,122,32],"product_tag":[],"class_list":{"0":"post-7404","1":"product","2":"type-product","3":"status-publish","4":"has-post-thumbnail","6":"product_cat-abdomen","7":"product_cat-bancos-rack-smith","8":"product_cat-boss-strength","9":"product_cat-semiprofesional-peso-libre","10":"product_cat-stock","11":"product_cat-profesional","13":"first","14":"instock","15":"sale","16":"shipping-taxable","17":"purchasable","18":"product-type-simple"},"_links":{"self":[{"href":"https:\/\/letsgofitness.cl\/index.php\/wp-json\/wp\/v2\/product\/7404","targetHints":{"allow":["GET"]}}],"collection":[{"href":"https:\/\/letsgofitness.cl\/index.php\/wp-json\/wp\/v2\/product"}],"about":[{"href":"https:\/\/letsgofitness.cl\/index.php\/wp-json\/wp\/v2\/types\/product"}],"wp:featuredmedia":[{"embeddable":true,"href":"https:\/\/letsgofitness.cl\/index.php\/wp-json\/wp\/v2\/media\/14188"}],"wp:attachment":[{"href":"https:\/\/letsgofitness.cl\/index.php\/wp-json\/wp\/v2\/media?parent=7404"}],"wp:term":[{"taxonomy":"product_brand","embeddable":true,"href":"https:\/\/letsgofitness.cl\/index.php\/wp-json\/wp\/v2\/product_brand?post=7404"},{"taxonomy":"product_cat","embeddable":true,"href":"https:\/\/letsgofitness.cl\/index.php\/wp-json\/wp\/v2\/product_cat?post=7404"},{"taxonomy":"product_tag","embeddable":true,"href":"https:\/\/letsgofitness.cl\/index.php\/wp-json\/wp\/v2\/product_tag?post=7404"}],"curies":[{"name":"wp","href":"https:\/\/api.w.org\/{rel}","templated":true}]}}