{"id":7367,"date":"2023-08-31T12:30:39","date_gmt":"2023-08-31T15:30:39","guid":{"rendered":"https:\/\/letsgofitness.cl\/?post_type=product&#038;p=7367"},"modified":"2026-04-10T11:08:47","modified_gmt":"2026-04-10T14:08:47","slug":"peck-fly-rear-deltoid-impulse-exoform-235lbs","status":"publish","type":"product","link":"https:\/\/letsgofitness.cl\/index.php\/producto\/peck-fly-rear-deltoid-impulse-exoform-235lbs\/","title":{"rendered":"PECK FLY\/REAR DELTOID IMPULSE EXOFORM  235LBS"},"content":{"rendered":"<p>(\u00daLTIMA UNIDAD ARMADA EN EXHIBICI\u00d3N)<\/p>\n<h6><strong>EXOFORM es una gama de equipos de fuerza comercial que tiene un precio competitivo y ofrece al cliente un dise\u00f1o de primera calidad con funciones profesionales. EXOFORM representa el nuevo equipo de resistencia de alto nivel, que combina un aspecto impresionante con un estilo duro y resultados de resistencia notables. El especial dise\u00f1ado Pect Fly \/ Delt trasero permite fortalecer el pectoral ancho y ayuda a entrenar los deltoides.<\/strong><\/h6>\n<p>&nbsp;<\/p>\n<h5>CARACTER\u00cdSTICAS:<\/h5>\n<ul>\n<li>El usuario puede configurar y ajustar las posiciones iniciales para entrenar eficazmente los m\u00fasculos del pecho, de la espalda y fortalecer los brazos a trav\u00e9s de la abducci\u00f3n y aducci\u00f3n de los brazos.<\/li>\n<li>\u00a0Las empu\u00f1aduras del mango alargado satisface las diferentes demandas de los usuarios.<\/li>\n<li>Es conveniente para el usuario entrenar gracias a la posici\u00f3n orientada hacia adelante.<\/li>\n<li>La cubierta transl\u00facida de 3,2 mm de espesor con un dise\u00f1o de patr\u00f3n liso, ofrece elegancia, garantiza una ultra durabilidad y no deformaci\u00f3n.<\/li>\n<li>La consola incorporada, que est\u00e1 bien dise\u00f1ada por el equipo de American UI, muestra los representantes y el tiempo.<\/li>\n<li>Con el sistema de asistencia de resorte en espiral, el ajuste patentado del asiento de 3 bieletajes est\u00e1 dise\u00f1ado de manera concisa, ahorra costos y ofrece una f\u00e1cil instalaci\u00f3n.<\/li>\n<li>La tapicer\u00eda de dise\u00f1o ergon\u00f3mico es con espuma de PU que ofrece comodidad y protecci\u00f3n de seguridad.<\/li>\n<li>Soporte de dise\u00f1ado amigable para iPad y portabotellas.<\/li>\n<li>Manillar de dise\u00f1o ergon\u00f3mico hecho con material TPU y anillo de agarre de aluminio, y Todas las piezas de hardware expuestas son niqueladas o de acero inoxidable. El dise\u00f1o conciso ofrece comodidad y seguridad. Todos los componentes din\u00e1micos est\u00e1n protegidos por razones de seguridad.<\/li>\n<li>La instrucci\u00f3n de entrenamiento est\u00e1 dise\u00f1ada por dise\u00f1adores estadounidenses, y el efecto 3D de los personajes es fuerte, con la funci\u00f3n de cronometraje y conteo de la mesa electr\u00f3nica.<\/li>\n<\/ul>\n<p>&nbsp;<\/p>\n<h5>ESPECIFICACIONES T\u00c9CNICAS:<\/h5>\n<ul>\n<li>Dimensiones: 130 x 176 x 150 CM.<\/li>\n<li>Peso neto: 160,7 kg<\/li>\n<li>Peso bruto: 187,3 kg<\/li>\n<\/ul>\n","protected":false},"excerpt":{"rendered":"<p>COLOR DISPONIBLE:<\/p>\n<ul>\n<li>NEGRO<\/li>\n<\/ul>\n","protected":false},"featured_media":7369,"template":"","meta":{"_joinchat":[]},"product_brand":[],"product_cat":[208,211,209,75,89,122,32],"product_tag":[],"class_list":{"0":"post-7367","1":"product","2":"type-product","3":"status-publish","4":"has-post-thumbnail","6":"product_cat-deltoides","7":"product_cat-impulse","8":"product_cat-pecho","9":"product_cat-profesinal-dual-peckfly-readdeltoid","10":"product_cat-semiprofesional-peso-integrado","11":"product_cat-stock","12":"product_cat-profesional","14":"first","15":"instock","16":"sale","17":"shipping-taxable","18":"purchasable","19":"product-type-simple"},"_links":{"self":[{"href":"https:\/\/letsgofitness.cl\/index.php\/wp-json\/wp\/v2\/product\/7367","targetHints":{"allow":["GET"]}}],"collection":[{"href":"https:\/\/letsgofitness.cl\/index.php\/wp-json\/wp\/v2\/product"}],"about":[{"href":"https:\/\/letsgofitness.cl\/index.php\/wp-json\/wp\/v2\/types\/product"}],"wp:featuredmedia":[{"embeddable":true,"href":"https:\/\/letsgofitness.cl\/index.php\/wp-json\/wp\/v2\/media\/7369"}],"wp:attachment":[{"href":"https:\/\/letsgofitness.cl\/index.php\/wp-json\/wp\/v2\/media?parent=7367"}],"wp:term":[{"taxonomy":"product_brand","embeddable":true,"href":"https:\/\/letsgofitness.cl\/index.php\/wp-json\/wp\/v2\/product_brand?post=7367"},{"taxonomy":"product_cat","embeddable":true,"href":"https:\/\/letsgofitness.cl\/index.php\/wp-json\/wp\/v2\/product_cat?post=7367"},{"taxonomy":"product_tag","embeddable":true,"href":"https:\/\/letsgofitness.cl\/index.php\/wp-json\/wp\/v2\/product_tag?post=7367"}],"curies":[{"name":"wp","href":"https:\/\/api.w.org\/{rel}","templated":true}]}}