{"id":7344,"date":"2023-08-30T18:24:42","date_gmt":"2023-08-30T21:24:42","guid":{"rendered":"https:\/\/letsgofitness.cl\/?post_type=product&#038;p=7344"},"modified":"2026-04-10T11:13:16","modified_gmt":"2026-04-10T14:13:16","slug":"hack-squat-impulse-sterling","status":"publish","type":"product","link":"https:\/\/letsgofitness.cl\/index.php\/producto\/hack-squat-impulse-sterling\/","title":{"rendered":"HACK SQUAT IMPULSE STERLING"},"content":{"rendered":"<p>La HACK SQUAT SL7021 de la l\u00ednea impulse es un producto exclusivo para los principales m\u00fasculos de las extremidades inferiores; Impulse invita a los equipos profesionales en el campo de la aptitud f\u00edsica y el culturismo a optimizar repetidamente el \u00e1ngulo del asiento, el \u00e1ngulo del pedal y la trayectoria de movimiento, de modo que tenga la trayectoria m\u00e1s ergon\u00f3mica y se ajuste a la curva de fuerza muscular. Evite perder fuerza al moverse hacia la parte superior, permitiendo que el grupo muscular objetivo se contraiga completamente durante el uso, lo que proporciona a los usuarios una experiencia de entrenamiento segura y efectiva.<\/p>\n<p>&nbsp;<\/p>\n<h5>\u00a0 \u00a0CARACTER\u00cdSTICAS:<\/h5>\n<ul>\n<li>\u00a0Est\u00e1 hecho de tubos de gran tama\u00f1o, y cada parte pasa por m\u00faltiples procesos para garantizar que el equipo sea duradero.<\/li>\n<li>El asiento tiene un acolchado de alta densidad de 1,2 mm, que se ajusta al contorno del cuerpo humano, dando un efecto estable y la m\u00e1xima comodidad durante el ejercicio.<\/li>\n<li>El mango de aluminio evita el deslizamiento, lo que hace que los movimientos de ejercicio sean m\u00e1s c\u00f3modos y efectivos. El mango extendido satisface las necesidades de ejercicio de las personas con diferentes longitudes de brazo.<\/li>\n<li>Equipa un asiento ajustable, que es estable en estructura y f\u00e1cil de ajustar.<\/li>\n<\/ul>\n<p>&nbsp;<\/p>\n<h5>\u00a0 \u00a0ESPECIFICACIONES T\u00c9CNICAS:<\/h5>\n<ul>\n<li>Dimensiones:221 x 188 x 129 CM.<\/li>\n<li>Peso neto: 236 KG.<\/li>\n<li>peso bruto: 261 KG.<\/li>\n<\/ul>\n<p>&nbsp;<\/p>\n<p>&nbsp;<\/p>\n<p>&nbsp;<\/p>\n","protected":false},"excerpt":{"rendered":"<p>COLOR DISPONIBLE:<\/p>\n<ul>\n<li>NEGRO\/ROJO<\/li>\n<\/ul>\n","protected":false},"featured_media":7345,"template":"","meta":{"_joinchat":[]},"product_brand":[],"product_cat":[212,211,135,72,122,32],"product_tag":[],"class_list":{"0":"post-7344","1":"product","2":"type-product","3":"status-publish","4":"has-post-thumbnail","6":"product_cat-hack","7":"product_cat-impulse","8":"product_cat-oferta","9":"product_cat-profesional-dual-sentadilla-gemelo","10":"product_cat-stock","11":"product_cat-profesional","13":"first","14":"outofstock","15":"sale","16":"shipping-taxable","17":"purchasable","18":"product-type-simple"},"_links":{"self":[{"href":"https:\/\/letsgofitness.cl\/index.php\/wp-json\/wp\/v2\/product\/7344","targetHints":{"allow":["GET"]}}],"collection":[{"href":"https:\/\/letsgofitness.cl\/index.php\/wp-json\/wp\/v2\/product"}],"about":[{"href":"https:\/\/letsgofitness.cl\/index.php\/wp-json\/wp\/v2\/types\/product"}],"wp:featuredmedia":[{"embeddable":true,"href":"https:\/\/letsgofitness.cl\/index.php\/wp-json\/wp\/v2\/media\/7345"}],"wp:attachment":[{"href":"https:\/\/letsgofitness.cl\/index.php\/wp-json\/wp\/v2\/media?parent=7344"}],"wp:term":[{"taxonomy":"product_brand","embeddable":true,"href":"https:\/\/letsgofitness.cl\/index.php\/wp-json\/wp\/v2\/product_brand?post=7344"},{"taxonomy":"product_cat","embeddable":true,"href":"https:\/\/letsgofitness.cl\/index.php\/wp-json\/wp\/v2\/product_cat?post=7344"},{"taxonomy":"product_tag","embeddable":true,"href":"https:\/\/letsgofitness.cl\/index.php\/wp-json\/wp\/v2\/product_tag?post=7344"}],"curies":[{"name":"wp","href":"https:\/\/api.w.org\/{rel}","templated":true}]}}