{"id":7267,"date":"2023-08-18T13:06:05","date_gmt":"2023-08-18T16:06:05","guid":{"rendered":"https:\/\/letsgofitness.cl\/?post_type=product&#038;p=7267"},"modified":"2026-04-24T11:47:19","modified_gmt":"2026-04-24T14:47:19","slug":"stair-climber-master-profesional","status":"publish","type":"product","link":"https:\/\/letsgofitness.cl\/index.php\/producto\/stair-climber-master-profesional\/","title":{"rendered":"PREVENTA STAIR CLIMBER MASTER PROFESIONAL STRENGTH ST3"},"content":{"rendered":"<h5><strong>LINEA PROFESIONAL<\/strong><\/h5>\n<p><strong>CARACTERISTICAS:<\/strong><\/p>\n<ul>\n<li>Voltaje de fuente de alimentaci\u00f3n de entrada: AC220V O AC110V (Ajuste la fuente de alimentaci\u00f3n de conmutaci\u00f3n usted\u00a0 mismo) 65A DC 24V<\/li>\n<li>Rango de calor\u00edas: 0-999 (kcal)<\/li>\n<li>Rango de nivel: 1-15<\/li>\n<li>Especificaci\u00f3n de energ\u00eda: 10A AC250V<\/li>\n<li>Velocidad de carrera: 0.3-2 Km\/H<\/li>\n<li>Rango de frecuencia card\u00edaca: 40-180<\/li>\n<li>Rango de tiempo: 0.00-99.59<\/li>\n<li>Rango de Kilometraje: 0-99.99<\/li>\n<\/ul>\n<p><strong>ESPECIFICACIONES T\u00c9CNICAS:<\/strong><\/p>\n<ul>\n<li>Tama\u00f1o del producto: 158 x 84.5 x 211.5 cm<\/li>\n<li>Peso Neto: 203 kg<\/li>\n<li>Peso m\u00e1ximo de usuario: 160 kg<\/li>\n<\/ul>\n<p>&nbsp;<\/p>\n<p>&nbsp;<\/p>\n","protected":false},"excerpt":{"rendered":"<p>LINEA PROFESIONAL CARACTERISTICAS: Voltaje de fuente de alimentaci\u00f3n de entrada: AC220V O AC110V (Ajuste la fuente de alimentaci\u00f3n de conmutaci\u00f3n usted\u00a0 mismo) 65A DC 24V Rango<span class=\"excerpt-hellip\"> [\u2026]<\/span><\/p>\n","protected":false},"featured_media":10920,"template":"","meta":{"_joinchat":[]},"product_brand":[],"product_cat":[135,121,122,32,46],"product_tag":[],"class_list":{"0":"post-7267","1":"product","2":"type-product","3":"status-publish","4":"has-post-thumbnail","6":"product_cat-oferta","7":"product_cat-proximamente-en-stock","8":"product_cat-stock","9":"product_cat-profesional","10":"product_cat-cardio-profesional","12":"first","13":"instock","14":"sale","15":"shipping-taxable","16":"purchasable","17":"product-type-simple"},"_links":{"self":[{"href":"https:\/\/letsgofitness.cl\/index.php\/wp-json\/wp\/v2\/product\/7267","targetHints":{"allow":["GET"]}}],"collection":[{"href":"https:\/\/letsgofitness.cl\/index.php\/wp-json\/wp\/v2\/product"}],"about":[{"href":"https:\/\/letsgofitness.cl\/index.php\/wp-json\/wp\/v2\/types\/product"}],"wp:featuredmedia":[{"embeddable":true,"href":"https:\/\/letsgofitness.cl\/index.php\/wp-json\/wp\/v2\/media\/10920"}],"wp:attachment":[{"href":"https:\/\/letsgofitness.cl\/index.php\/wp-json\/wp\/v2\/media?parent=7267"}],"wp:term":[{"taxonomy":"product_brand","embeddable":true,"href":"https:\/\/letsgofitness.cl\/index.php\/wp-json\/wp\/v2\/product_brand?post=7267"},{"taxonomy":"product_cat","embeddable":true,"href":"https:\/\/letsgofitness.cl\/index.php\/wp-json\/wp\/v2\/product_cat?post=7267"},{"taxonomy":"product_tag","embeddable":true,"href":"https:\/\/letsgofitness.cl\/index.php\/wp-json\/wp\/v2\/product_tag?post=7267"}],"curies":[{"name":"wp","href":"https:\/\/api.w.org\/{rel}","templated":true}]}}