{"id":7193,"date":"2023-08-04T14:09:30","date_gmt":"2023-08-04T17:09:30","guid":{"rendered":"https:\/\/letsgofitness.cl\/?post_type=product&#038;p=7193"},"modified":"2026-04-10T11:13:17","modified_gmt":"2026-04-10T14:13:17","slug":"arm-curl-uso-hogar-light-commercial","status":"publish","type":"product","link":"https:\/\/letsgofitness.cl\/index.php\/producto\/arm-curl-uso-hogar-light-commercial\/","title":{"rendered":"ARM CURL"},"content":{"rendered":"<h5>CARACTERISTICAS:<\/h5>\n<ul>\n<li>El brazo permite a los usuarios moverse en un patr\u00f3n que mejor se adapte a su tipo de cuerpo o preferencia de movimiento.<\/li>\n<li>La almohadilla de brazo inclinada brinda estabilidad y limita el movimiento no deseado del hombro en el ejercicio.<\/li>\n<li>Las empu\u00f1aduras en \u00e1ngulo garantizan una posici\u00f3n \u00f3ptima de la mu\u00f1eca.<\/li>\n<li>Marco de aluminio resistente y duradero.<\/li>\n<li>Equipado con soportes para tel\u00e9fonos y botellas.<\/li>\n<li>Mangos antideslizantes para mayor seguridad en el movimiento.<\/li>\n<\/ul>\n<p>&nbsp;<\/p>\n<h5>ESPECIFICACIONES T\u00c9CNICAS:<\/h5>\n<ul>\n<li>Dimensi\u00f3n ensamblada: 151 X 144 X 160 CM<\/li>\n<li>Peso neto: 153 KG<\/li>\n<li>Pila de peso (est\u00e1ndar): 96 kg \/ 212 lbs<\/li>\n<li>Pila de peso (opcional): 123 kg \/ 271lbs<\/li>\n<\/ul>\n","protected":false},"excerpt":{"rendered":"<p>COLOR DISPONIBLE:<\/p>\n<p>NEGRO<\/p>\n","protected":false},"featured_media":7195,"template":"","meta":{"_joinchat":[]},"product_brand":[],"product_cat":[48],"product_tag":[],"class_list":{"0":"post-7193","1":"product","2":"type-product","3":"status-publish","4":"has-post-thumbnail","6":"product_cat-peso-integrado-profesional","8":"first","9":"outofstock","10":"shipping-taxable","11":"product-type-simple"},"_links":{"self":[{"href":"https:\/\/letsgofitness.cl\/index.php\/wp-json\/wp\/v2\/product\/7193","targetHints":{"allow":["GET"]}}],"collection":[{"href":"https:\/\/letsgofitness.cl\/index.php\/wp-json\/wp\/v2\/product"}],"about":[{"href":"https:\/\/letsgofitness.cl\/index.php\/wp-json\/wp\/v2\/types\/product"}],"wp:featuredmedia":[{"embeddable":true,"href":"https:\/\/letsgofitness.cl\/index.php\/wp-json\/wp\/v2\/media\/7195"}],"wp:attachment":[{"href":"https:\/\/letsgofitness.cl\/index.php\/wp-json\/wp\/v2\/media?parent=7193"}],"wp:term":[{"taxonomy":"product_brand","embeddable":true,"href":"https:\/\/letsgofitness.cl\/index.php\/wp-json\/wp\/v2\/product_brand?post=7193"},{"taxonomy":"product_cat","embeddable":true,"href":"https:\/\/letsgofitness.cl\/index.php\/wp-json\/wp\/v2\/product_cat?post=7193"},{"taxonomy":"product_tag","embeddable":true,"href":"https:\/\/letsgofitness.cl\/index.php\/wp-json\/wp\/v2\/product_tag?post=7193"}],"curies":[{"name":"wp","href":"https:\/\/api.w.org\/{rel}","templated":true}]}}