{"id":7191,"date":"2023-08-04T13:38:55","date_gmt":"2023-08-04T16:38:55","guid":{"rendered":"https:\/\/letsgofitness.cl\/?post_type=product&#038;p=7191"},"modified":"2026-04-10T11:13:17","modified_gmt":"2026-04-10T14:13:17","slug":"pec-fly-rear-deltoid-uso-hogar-light-commercial","status":"publish","type":"product","link":"https:\/\/letsgofitness.cl\/index.php\/producto\/pec-fly-rear-deltoid-uso-hogar-light-commercial\/","title":{"rendered":"PECK FLY\/ REAR DELTOID"},"content":{"rendered":"<h5><\/h5>\n<h5><\/h5>\n<h5>\u00a0 \u00a0CARACTERISTICAS:<\/h5>\n<ul>\n<li>Los agarres de gran tama\u00f1o y de doble posici\u00f3n brindan comodidad al momento de realizar el ejercicio.<\/li>\n<li>Dise\u00f1o ergon\u00f3mico profesional.<\/li>\n<li>Marco de aluminio resistente y duradero.<\/li>\n<li>Equipado con soportes para tel\u00e9fonos y botellas.<\/li>\n<li>Mangos antideslizantes para mayor seguridad en el movimiento.<\/li>\n<\/ul>\n<p>&nbsp;<\/p>\n<h5>\u00a0 \u00a0ESPECIFICACIONES T\u00c9CNICAS:<\/h5>\n<ul>\n<li>Dimensi\u00f3n ensamblada: 138 \u00d7 116 \u00d7 191 CM.<\/li>\n<li>Dimensi\u00f3n armada: (largo) 140 X (ancho) 134 X (alto) 210 CM<\/li>\n<li>Peso neto: 148 KG<\/li>\n<li>Pila de peso (est\u00e1ndar): 96 kg \/ 212 lbs<\/li>\n<li>Pila de peso (opcional): 123 kg \/ 271lbs<\/li>\n<\/ul>\n","protected":false},"excerpt":{"rendered":"<p>COLOR DISPONIBLE:<\/p>\n<p>NEGRO<\/p>\n","protected":false},"featured_media":7192,"template":"","meta":{"_joinchat":[]},"product_brand":[],"product_cat":[135,75,122,48],"product_tag":[],"class_list":{"0":"post-7191","1":"product","2":"type-product","3":"status-publish","4":"has-post-thumbnail","6":"product_cat-oferta","7":"product_cat-profesinal-dual-peckfly-readdeltoid","8":"product_cat-stock","9":"product_cat-peso-integrado-profesional","11":"first","12":"outofstock","13":"sale","14":"shipping-taxable","15":"purchasable","16":"product-type-simple"},"_links":{"self":[{"href":"https:\/\/letsgofitness.cl\/index.php\/wp-json\/wp\/v2\/product\/7191","targetHints":{"allow":["GET"]}}],"collection":[{"href":"https:\/\/letsgofitness.cl\/index.php\/wp-json\/wp\/v2\/product"}],"about":[{"href":"https:\/\/letsgofitness.cl\/index.php\/wp-json\/wp\/v2\/types\/product"}],"wp:featuredmedia":[{"embeddable":true,"href":"https:\/\/letsgofitness.cl\/index.php\/wp-json\/wp\/v2\/media\/7192"}],"wp:attachment":[{"href":"https:\/\/letsgofitness.cl\/index.php\/wp-json\/wp\/v2\/media?parent=7191"}],"wp:term":[{"taxonomy":"product_brand","embeddable":true,"href":"https:\/\/letsgofitness.cl\/index.php\/wp-json\/wp\/v2\/product_brand?post=7191"},{"taxonomy":"product_cat","embeddable":true,"href":"https:\/\/letsgofitness.cl\/index.php\/wp-json\/wp\/v2\/product_cat?post=7191"},{"taxonomy":"product_tag","embeddable":true,"href":"https:\/\/letsgofitness.cl\/index.php\/wp-json\/wp\/v2\/product_tag?post=7191"}],"curies":[{"name":"wp","href":"https:\/\/api.w.org\/{rel}","templated":true}]}}