{"id":7179,"date":"2023-08-03T18:54:24","date_gmt":"2023-08-03T21:54:24","guid":{"rendered":"https:\/\/letsgofitness.cl\/?post_type=product&#038;p=7179"},"modified":"2026-05-05T11:21:54","modified_gmt":"2026-05-05T14:21:54","slug":"eliptica-profesional-pro","status":"publish","type":"product","link":"https:\/\/letsgofitness.cl\/index.php\/producto\/eliptica-profesional-pro\/","title":{"rendered":"ELIPTICA PROFESIONAL PRO"},"content":{"rendered":"<h5>Todo el dise\u00f1o y la inversi\u00f3n garantizan una experiencia fluida durante el movimiento sin interrupciones. Tambi\u00e9n con formaci\u00f3n inteligente, diferencia de altura de usuario y necesidades necesarias para cursos de formaci\u00f3n.<\/h5>\n<h5>\u00a0De acuerdo con los datos personales del cuerpo, despu\u00e9s de iniciar sesi\u00f3n, el dispositivo ajustar\u00e1 autom\u00e1ticamente la altura y el paso del primer paso, esta es una innovaci\u00f3n \u00fanica en el dise\u00f1o el\u00edptico.<\/h5>\n<p>&nbsp;<\/p>\n<p>&nbsp;<\/p>\n<h5><\/h5>\n<h5>\u00a0CARACTERISTICAS:<\/h5>\n<ul>\n<li><strong>AJUSTE:<\/strong> Zancada De acuerdo con la diferente altura de los entrenadores, la longitud de la zancada se iguala autom\u00e1ticamente y el rango de ajuste de zancada es de 48.1-63.7 CM.<\/li>\n<li><strong>BARANDILLA:<\/strong> Posici\u00f3n m\u00faltiple Dise\u00f1ado para diferentes m\u00e9todos de entrenamiento y altura de entrenadores. Haz que la postura de entrenamiento sea m\u00e1s diversa y c\u00f3moda.<\/li>\n<li><strong>PEDAL GRANDE:<\/strong> Material de goma c\u00f3modo, para que sus movimientos sean m\u00e1s c\u00f3modos.<\/li>\n<li><strong>ESPACIO ENTRE PEDALES:<\/strong> El espacio entre pedales de 6,4 CM. Adecuado para diferentes entrenadores, m\u00e1xima comodidad deportiva.<\/li>\n<li>Con Una Ranura Para dejar el Tel\u00e9fono M\u00f3vil.<\/li>\n<li><strong>UNA TECLA PARA AJUSTAR EL RITMO:<\/strong> Cuatro modos deportivos para satisfacer sus diferentes necesidades.<\/li>\n<li><strong>Nivel de resistencia:<\/strong> 1-25.<\/li>\n<li><strong>Grado de profundidad de paso:<\/strong> 1-15.<\/li>\n<li><strong>Tipo de conducci\u00f3n:<\/strong> Tracci\u00f3n delantera.<\/li>\n<li><strong>Material:<\/strong> Acero.<\/li>\n<li><strong>Grado de zancada:<\/strong> 1-10.<\/li>\n<li><strong>Distancia del centro del pedal:<\/strong> 23 CM.<\/li>\n<li><strong>Requisitos de energ\u00eda:<\/strong> CA 100V ~ 240V 50 \/ 60Hz.<\/li>\n<li><strong>Modo:<\/strong> Tipo autogenerador.<\/li>\n<li><strong>M\u00e9todo:<\/strong> El\u00e9ctrico.<\/li>\n<\/ul>\n<p>&nbsp;<\/p>\n<h5>\u00a0 \u00a0ESPECIFICACIONES T\u00c9CNICAS:<\/h5>\n<ul>\n<li>Dimensiones: 212 X 92 X 66 CM<\/li>\n<li>Peso neto\/peso bruto: 212\/296KG 210\/294KG<\/li>\n<li>Peso m\u00e1ximo del usuario: 180KG<\/li>\n<\/ul>\n","protected":false},"excerpt":{"rendered":"<p>Todo el dise\u00f1o y la inversi\u00f3n garantizan una experiencia fluida durante el movimiento sin interrupciones. Tambi\u00e9n con formaci\u00f3n inteligente, diferencia de altura de usuario y necesidades<span class=\"excerpt-hellip\"> [\u2026]<\/span><\/p>\n","protected":false},"featured_media":7180,"template":"","meta":{"_joinchat":[]},"product_brand":[],"product_cat":[85,135,122,53,32],"product_tag":[],"class_list":{"0":"post-7179","1":"product","2":"type-product","3":"status-publish","4":"has-post-thumbnail","6":"product_cat-semiprofesional-cardio-elipticas","7":"product_cat-oferta","8":"product_cat-stock","9":"product_cat-cardio-semiprofesional","10":"product_cat-profesional","12":"first","13":"instock","14":"sale","15":"shipping-taxable","16":"purchasable","17":"product-type-simple"},"_links":{"self":[{"href":"https:\/\/letsgofitness.cl\/index.php\/wp-json\/wp\/v2\/product\/7179","targetHints":{"allow":["GET"]}}],"collection":[{"href":"https:\/\/letsgofitness.cl\/index.php\/wp-json\/wp\/v2\/product"}],"about":[{"href":"https:\/\/letsgofitness.cl\/index.php\/wp-json\/wp\/v2\/types\/product"}],"wp:featuredmedia":[{"embeddable":true,"href":"https:\/\/letsgofitness.cl\/index.php\/wp-json\/wp\/v2\/media\/7180"}],"wp:attachment":[{"href":"https:\/\/letsgofitness.cl\/index.php\/wp-json\/wp\/v2\/media?parent=7179"}],"wp:term":[{"taxonomy":"product_brand","embeddable":true,"href":"https:\/\/letsgofitness.cl\/index.php\/wp-json\/wp\/v2\/product_brand?post=7179"},{"taxonomy":"product_cat","embeddable":true,"href":"https:\/\/letsgofitness.cl\/index.php\/wp-json\/wp\/v2\/product_cat?post=7179"},{"taxonomy":"product_tag","embeddable":true,"href":"https:\/\/letsgofitness.cl\/index.php\/wp-json\/wp\/v2\/product_tag?post=7179"}],"curies":[{"name":"wp","href":"https:\/\/api.w.org\/{rel}","templated":true}]}}