{"id":7137,"date":"2023-07-21T19:06:48","date_gmt":"2023-07-21T22:06:48","guid":{"rendered":"https:\/\/letsgofitness.cl\/?post_type=product&#038;p=7137"},"modified":"2026-04-10T11:13:17","modified_gmt":"2026-04-10T14:13:17","slug":"leg-press-35-york-barbell","status":"publish","type":"product","link":"https:\/\/letsgofitness.cl\/index.php\/producto\/leg-press-35-york-barbell\/","title":{"rendered":"LEG PRESS 35\u00b0 YORK BARBELL"},"content":{"rendered":"<p><strong>York Barbell Linear Leg Press<\/strong><\/p>\n<p>&nbsp;<\/p>\n<h5>CARACTERISTICAS:<\/h5>\n<ul>\n<li>La prensa de pierna lineal est\u00e1 dise\u00f1ada y construida para ser utilizada en entornos comerciales, incluidas salas de pesas escolares, centros de bienestar corporativos y gimnasios comerciales.<\/li>\n<li>Su marco de acero de calibre 11 de alta resistencia y los soportes de placa altos y bajos permiten a los usuarios empacar el peso para obtener los m\u00e1ximos resultados. De hecho, la prensa de piernas comercial York Barbell incluye una capacidad de peso de 1,200 libras para acomodar al principiante hasta el levantador de pesas serio. No importa cu\u00e1n pesada sea la carga \u00fatil, la plataforma para los pies y el carro de peso siempre proporcionan un rendimiento suave.<\/li>\n<li>Los rodamientos lineales mantienen el carro funcionando sin problemas en las varillas de gu\u00eda endurecidas de la caja en todo momento.<\/li>\n<li>El reposapi\u00e9s de gran tama\u00f1o es resistente al deslizamiento y extra ancho para colocar los pies en cualquier posici\u00f3n.<\/li>\n<li>En la cabina, los usuarios disfrutar\u00e1n del acolchado de alta densidad de 2&#8243; y del reposacabezas incluido para mayor soporte. Y para colocar la espalda baja en un \u00e1ngulo que sea m\u00e1s c\u00f3modo para cada usuario individual, el respaldo del asiento es totalmente ajustable.<\/li>\n<\/ul>\n<p>&nbsp;<\/p>\n<h5>ESPECIFICACIONES T\u00c9CNICAS:<\/h5>\n<ul>\n<li>Dimensiones: 249 X 139,5 X 143 CM.<\/li>\n<li>Peso: 313KG.<\/li>\n<li>Capacidad m\u00e1xima de usuario: 545 KG.<\/li>\n<\/ul>\n<p>&nbsp;<\/p>\n<p>&nbsp;<\/p>\n","protected":false},"excerpt":{"rendered":"<p>COLOR DISPONIBLE:<\/p>\n<ul>\n<li>NEGRO<\/li>\n<\/ul>\n","protected":false},"featured_media":7139,"template":"","meta":{"_joinchat":[]},"product_brand":[],"product_cat":[135],"product_tag":[],"class_list":{"0":"post-7137","1":"product","2":"type-product","3":"status-publish","4":"has-post-thumbnail","6":"product_cat-oferta","8":"first","9":"outofstock","10":"sale","11":"shipping-taxable","12":"purchasable","13":"product-type-simple"},"_links":{"self":[{"href":"https:\/\/letsgofitness.cl\/index.php\/wp-json\/wp\/v2\/product\/7137","targetHints":{"allow":["GET"]}}],"collection":[{"href":"https:\/\/letsgofitness.cl\/index.php\/wp-json\/wp\/v2\/product"}],"about":[{"href":"https:\/\/letsgofitness.cl\/index.php\/wp-json\/wp\/v2\/types\/product"}],"wp:featuredmedia":[{"embeddable":true,"href":"https:\/\/letsgofitness.cl\/index.php\/wp-json\/wp\/v2\/media\/7139"}],"wp:attachment":[{"href":"https:\/\/letsgofitness.cl\/index.php\/wp-json\/wp\/v2\/media?parent=7137"}],"wp:term":[{"taxonomy":"product_brand","embeddable":true,"href":"https:\/\/letsgofitness.cl\/index.php\/wp-json\/wp\/v2\/product_brand?post=7137"},{"taxonomy":"product_cat","embeddable":true,"href":"https:\/\/letsgofitness.cl\/index.php\/wp-json\/wp\/v2\/product_cat?post=7137"},{"taxonomy":"product_tag","embeddable":true,"href":"https:\/\/letsgofitness.cl\/index.php\/wp-json\/wp\/v2\/product_tag?post=7137"}],"curies":[{"name":"wp","href":"https:\/\/api.w.org\/{rel}","templated":true}]}}