{"id":7054,"date":"2023-07-03T13:01:20","date_gmt":"2023-07-03T16:01:20","guid":{"rendered":"https:\/\/letsgofitness.cl\/?post_type=product&#038;p=7054"},"modified":"2026-04-10T11:08:47","modified_gmt":"2026-04-10T14:08:47","slug":"smith-machine-uso-hogar-light-commercial","status":"publish","type":"product","link":"https:\/\/letsgofitness.cl\/index.php\/producto\/smith-machine-uso-hogar-light-commercial\/","title":{"rendered":"SMITH MACHINE Uso Hogar \/ Light Commercial"},"content":{"rendered":"<h5>CARACTERISTICAS:<\/h5>\n<ul>\n<li>Pu\u00f1os de multiposici\u00f3n<\/li>\n<li>Barra de entrenamiento recta ol\u00edmpica profesional<\/li>\n<li>Tubo superior de acero<\/li>\n<li>Los brazos de seguridad izquierdo y derecho son f\u00e1ciles de ajustar y satisfacen diferentes necesidades en el ejercicio.<\/li>\n<li>varilla gu\u00eda cromada s\u00f3lida de calidad premium, altamente resistente a la corrosi\u00f3n.<\/li>\n<li>Rodamiento lineal de primera calidad, trae un funcionamiento suave y silencioso.<\/li>\n<li>Tubo de barra de acero inoxidable.<\/li>\n<\/ul>\n<p>&nbsp;<\/p>\n<h5>\u00a0 \u00a0ESPECIFICACIONES T\u00c9CNICAS:<\/h5>\n<ul>\n<li>Dimensi\u00f3n Armada: 139 X 123 X 227 CM<\/li>\n<li>Peso neto: 60 Kg<\/li>\n<li>Carga M\u00e1xima: 200kg<\/li>\n<\/ul>\n","protected":false},"excerpt":{"rendered":"<p>CARACTERISTICAS: Pu\u00f1os de multiposici\u00f3n Barra de entrenamiento recta ol\u00edmpica profesional Tubo superior de acero Los brazos de seguridad izquierdo y derecho son f\u00e1ciles de ajustar y<span class=\"excerpt-hellip\"> [\u2026]<\/span><\/p>\n","protected":false},"featured_media":7052,"template":"","meta":{"_joinchat":[]},"product_brand":[],"product_cat":[93,135,88,122,47],"product_tag":[],"class_list":{"0":"post-7054","1":"product","2":"type-product","3":"status-publish","4":"has-post-thumbnail","6":"product_cat-semiprofesional-funcional","7":"product_cat-oferta","8":"product_cat-semiprofesional-peso-libre","9":"product_cat-stock","10":"product_cat-peso-libre-profesional","12":"first","13":"instock","14":"sale","15":"shipping-taxable","16":"purchasable","17":"product-type-simple"},"_links":{"self":[{"href":"https:\/\/letsgofitness.cl\/index.php\/wp-json\/wp\/v2\/product\/7054","targetHints":{"allow":["GET"]}}],"collection":[{"href":"https:\/\/letsgofitness.cl\/index.php\/wp-json\/wp\/v2\/product"}],"about":[{"href":"https:\/\/letsgofitness.cl\/index.php\/wp-json\/wp\/v2\/types\/product"}],"wp:featuredmedia":[{"embeddable":true,"href":"https:\/\/letsgofitness.cl\/index.php\/wp-json\/wp\/v2\/media\/7052"}],"wp:attachment":[{"href":"https:\/\/letsgofitness.cl\/index.php\/wp-json\/wp\/v2\/media?parent=7054"}],"wp:term":[{"taxonomy":"product_brand","embeddable":true,"href":"https:\/\/letsgofitness.cl\/index.php\/wp-json\/wp\/v2\/product_brand?post=7054"},{"taxonomy":"product_cat","embeddable":true,"href":"https:\/\/letsgofitness.cl\/index.php\/wp-json\/wp\/v2\/product_cat?post=7054"},{"taxonomy":"product_tag","embeddable":true,"href":"https:\/\/letsgofitness.cl\/index.php\/wp-json\/wp\/v2\/product_tag?post=7054"}],"curies":[{"name":"wp","href":"https:\/\/api.w.org\/{rel}","templated":true}]}}