{"id":6990,"date":"2023-06-23T09:21:46","date_gmt":"2023-06-23T12:21:46","guid":{"rendered":"https:\/\/letsgofitness.cl\/?post_type=product&#038;p=6990"},"modified":"2026-04-24T13:20:07","modified_gmt":"2026-04-24T16:20:07","slug":"trotadora-profesional-impulse","status":"publish","type":"product","link":"https:\/\/letsgofitness.cl\/index.php\/producto\/trotadora-profesional-impulse\/","title":{"rendered":"TROTADORA PROFESIONAL IMPULSE"},"content":{"rendered":"<h4><strong>L\u00ednea Profesional<\/strong><\/h4>\n<h5><strong>Caracter\u00edsticas:<\/strong><\/h5>\n<ul>\n<li><strong>Capacidad de peso de Usuario:<\/strong> hasta 180 Kgs.<\/li>\n<li><strong>Peso del equipo armado:<\/strong> 207.2 KGS<\/li>\n<li><strong>Motor:<\/strong> 5HP AC y PEAK DE VELOCIDAD 7HP<\/li>\n<li><strong>Dimensiones:<\/strong> (largo x ancho x alto) 207.8 x 95 x 159 cm<\/li>\n<li><b>Sistema de suspensi\u00f3n:<\/b> Sistema de suspensi\u00f3n Pulflex(comercial)<\/li>\n<li><strong>Area de correr (faja)<\/strong>: 55.8cm x 152.4cm, faja de 3.3mm. marca Habasit Faja<\/li>\n<li><strong>Reversible lubricada<\/strong> (selft lubricated)<\/li>\n<li><strong>Pantalla<\/strong> Windows 18.6 \u2013 Dot matrix<\/li>\n<li><strong>Programas de entrenamiento:<\/strong> display de opciones de ritmo cardiaco, tiempo, velocidad, calor\u00edas, hora, distancia, inclinaci\u00f3n, conexi\u00f3n a polar.<\/li>\n<li><strong> Botones<\/strong> One Touch, posa botella y dispositivos. Control de velocidad y elevaci\u00f3n en panel y maniubros, sensores de ritmo cardiaco en maniubros<\/li>\n<li><strong>Inclinaci\u00f3n<\/strong>: 15 niveles (0% &#8211; 15%)<\/li>\n<li><strong>Ventilaci\u00f3n:<\/strong> 3 niveles<\/li>\n<li><strong>Rango de velocidad:<\/strong> 25 Km\/H<\/li>\n<li><strong>Peso m\u00e1ximo de usuario:<\/strong> 180 kg<\/li>\n<li><strong>Uso:<\/strong> comercial<\/li>\n<\/ul>\n","protected":false},"excerpt":{"rendered":"<p>L\u00ednea Profesional Caracter\u00edsticas: Capacidad de peso de Usuario: hasta 180 Kgs. Peso del equipo armado: 207.2 KGS Motor: 5HP AC y PEAK DE VELOCIDAD 7HP Dimensiones:<span class=\"excerpt-hellip\"> [\u2026]<\/span><\/p>\n","protected":false},"featured_media":6991,"template":"","meta":{"_joinchat":[]},"product_brand":[],"product_cat":[135,122,32,46,57],"product_tag":[],"class_list":{"0":"post-6990","1":"product","2":"type-product","3":"status-publish","4":"has-post-thumbnail","6":"product_cat-oferta","7":"product_cat-stock","8":"product_cat-profesional","9":"product_cat-cardio-profesional","10":"product_cat-profesional-cardio-trotadoras","12":"first","13":"outofstock","14":"sale","15":"shipping-taxable","16":"purchasable","17":"product-type-simple"},"_links":{"self":[{"href":"https:\/\/letsgofitness.cl\/index.php\/wp-json\/wp\/v2\/product\/6990","targetHints":{"allow":["GET"]}}],"collection":[{"href":"https:\/\/letsgofitness.cl\/index.php\/wp-json\/wp\/v2\/product"}],"about":[{"href":"https:\/\/letsgofitness.cl\/index.php\/wp-json\/wp\/v2\/types\/product"}],"wp:featuredmedia":[{"embeddable":true,"href":"https:\/\/letsgofitness.cl\/index.php\/wp-json\/wp\/v2\/media\/6991"}],"wp:attachment":[{"href":"https:\/\/letsgofitness.cl\/index.php\/wp-json\/wp\/v2\/media?parent=6990"}],"wp:term":[{"taxonomy":"product_brand","embeddable":true,"href":"https:\/\/letsgofitness.cl\/index.php\/wp-json\/wp\/v2\/product_brand?post=6990"},{"taxonomy":"product_cat","embeddable":true,"href":"https:\/\/letsgofitness.cl\/index.php\/wp-json\/wp\/v2\/product_cat?post=6990"},{"taxonomy":"product_tag","embeddable":true,"href":"https:\/\/letsgofitness.cl\/index.php\/wp-json\/wp\/v2\/product_tag?post=6990"}],"curies":[{"name":"wp","href":"https:\/\/api.w.org\/{rel}","templated":true}]}}