{"id":692,"date":"2020-05-19T12:38:30","date_gmt":"2020-05-19T15:38:30","guid":{"rendered":"https:\/\/letsgofitness.cl\/?post_type=product&#038;p=692"},"modified":"2026-04-10T11:16:40","modified_gmt":"2026-04-10T14:16:40","slug":"standing-lateral-raise-3","status":"publish","type":"product","link":"https:\/\/letsgofitness.cl\/index.php\/producto\/standing-lateral-raise-3\/","title":{"rendered":"STANDING LATERAL RAISE REALLEADER USA"},"content":{"rendered":"<h6>La m\u00e1quina STANDING LATERAL RAISE HS-1050 es una m\u00e1quina distintivamente vers\u00e1til, ya que ofrece variaciones de ejercicio en una sola unidad, dirigidas principalmente a los deltoides y los m\u00fasculos trapecios de manera efectiva.<\/h6>\n<p>&nbsp;<\/p>\n<h6>\u00a0 <strong>\u00a0CARACTER\u00cdSTICAS T\u00c9CNICAS:<\/strong><\/h6>\n<ul>\n<li>Plataforma de pie ancha en ambos lados para realizar diferentes ejercicios de elevaci\u00f3n lateral.<\/li>\n<li>Plataforma de pie ajustable para acomodar y adaptarse a usuarios de diferentes alturas.<\/li>\n<li>Los brazos de la m\u00e1quina se pueden utilizar para realizar ejercicios de un solo brazo, as\u00ed como ambos ejercicios de brazo.<\/li>\n<li>El asiento compacto unido a la m\u00e1quina y el dise\u00f1o preciso de la m\u00e1quina permiten un impacto correcto en los m\u00fasculos deltoides posteriores.<\/li>\n<li>Grosor perfiles 3MM.<\/li>\n<li>Cojines tapizados con espuma alta calidad de 40 MM de grosor.<\/li>\n<li>Mangos antideslizantes en \u00e1ngulo que proporcionan un agarre seguro y una posici\u00f3n correcta de la mano y el cuerpo.<\/li>\n<li>Estructura de acero m\u00e1xima calidad.<\/li>\n<\/ul>\n<p>&nbsp;<\/p>\n<p>BENEFICIOS:<\/p>\n<ul>\n<li>El ejercicio de elevaci\u00f3n lateral puede ayudar a lograr el crecimiento muscular del deltoides lateral, dando una apariencia de hombros m\u00e1s anchos y fuertes.<\/li>\n<li>Este ejercicio tambi\u00e9n puede ayudar a reducir el riesgo de lesiones junto con el fortalecimiento del manguito rotador de forma independiente.<\/li>\n<\/ul>\n<p>&nbsp;<\/p>\n<h6>\u00a0 \u00a0<strong>DIMENSIONES Y PESO:<\/strong><\/h6>\n<ul>\n<li>Medidas: 175 x 130 x 215 CM<\/li>\n<li>Peso: 150 kg<\/li>\n<\/ul>\n","protected":false},"excerpt":{"rendered":"<p>La m\u00e1quina STANDING LATERAL RAISE HS-1050 es una m\u00e1quina distintivamente vers\u00e1til, ya que ofrece variaciones de ejercicio en una sola unidad, dirigidas principalmente a los deltoides<span class=\"excerpt-hellip\"> [\u2026]<\/span><\/p>\n","protected":false},"featured_media":5945,"template":"","meta":{"_joinchat":[]},"product_brand":[],"product_cat":[283,32,47],"product_tag":[],"class_list":{"0":"post-692","1":"product","2":"type-product","3":"status-publish","4":"has-post-thumbnail","6":"product_cat-realleader","7":"product_cat-profesional","8":"product_cat-peso-libre-profesional","10":"first","11":"outofstock","12":"shipping-taxable","13":"purchasable","14":"product-type-simple"},"_links":{"self":[{"href":"https:\/\/letsgofitness.cl\/index.php\/wp-json\/wp\/v2\/product\/692","targetHints":{"allow":["GET"]}}],"collection":[{"href":"https:\/\/letsgofitness.cl\/index.php\/wp-json\/wp\/v2\/product"}],"about":[{"href":"https:\/\/letsgofitness.cl\/index.php\/wp-json\/wp\/v2\/types\/product"}],"wp:featuredmedia":[{"embeddable":true,"href":"https:\/\/letsgofitness.cl\/index.php\/wp-json\/wp\/v2\/media\/5945"}],"wp:attachment":[{"href":"https:\/\/letsgofitness.cl\/index.php\/wp-json\/wp\/v2\/media?parent=692"}],"wp:term":[{"taxonomy":"product_brand","embeddable":true,"href":"https:\/\/letsgofitness.cl\/index.php\/wp-json\/wp\/v2\/product_brand?post=692"},{"taxonomy":"product_cat","embeddable":true,"href":"https:\/\/letsgofitness.cl\/index.php\/wp-json\/wp\/v2\/product_cat?post=692"},{"taxonomy":"product_tag","embeddable":true,"href":"https:\/\/letsgofitness.cl\/index.php\/wp-json\/wp\/v2\/product_tag?post=692"}],"curies":[{"name":"wp","href":"https:\/\/api.w.org\/{rel}","templated":true}]}}